{"id":696,"date":"2025-02-08T10:56:21","date_gmt":"2025-02-08T09:56:21","guid":{"rendered":"https:\/\/staylance.com\/ospiti\/"},"modified":"2025-02-10T20:46:22","modified_gmt":"2025-02-10T19:46:22","slug":"ospiti","status":"publish","type":"page","link":"https:\/\/staylance.com\/it\/ospiti\/","title":{"rendered":"Ospiti"},"content":{"rendered":"<p>[et_pb_section fb_built=&#8221;1&#8243; admin_label=&#8221;Section&#8221; _builder_version=&#8221;4.27.4&#8243; _module_preset=&#8221;default&#8221; background_image=&#8221;https:\/\/staylance.com\/wp-content\/uploads\/2025\/02\/hosts-1.webp&#8221; min_height=&#8221;75vh&#8221; custom_css_main_element=&#8221;display: flex;||justify-content: center;||align-items:center;||flex-direction: column;&#8221; da_disable_devices=&#8221;off|off|off&#8221; global_colors_info=&#8221;{}&#8221; da_is_popup=&#8221;off&#8221; da_exit_intent=&#8221;off&#8221; da_has_close=&#8221;on&#8221; da_alt_close=&#8221;off&#8221; da_dark_close=&#8221;off&#8221; da_not_modal=&#8221;on&#8221; da_is_singular=&#8221;off&#8221; da_with_loader=&#8221;off&#8221; da_has_shadow=&#8221;on&#8221;][et_pb_row _builder_version=&#8221;4.27.4&#8243; _module_preset=&#8221;default&#8221; custom_margin=&#8221;0px||0px||false|false&#8221; global_colors_info=&#8221;{}&#8221;][et_pb_column type=&#8221;4_4&#8243; _builder_version=&#8221;4.27.4&#8243; _module_preset=&#8221;default&#8221; global_colors_info=&#8221;{}&#8221;][et_pb_text _builder_version=&#8221;4.27.4&#8243; _module_preset=&#8221;default&#8221; text_text_color=&#8221;#FFFFFF&#8221; header_font=&#8221;|700||on|||||&#8221; header_text_color=&#8221;#FFFFFF&#8221; header_font_size=&#8221;70px&#8221; header_font_size_tablet=&#8221;60px&#8221; header_font_size_phone=&#8221;50px&#8221; header_font_size_last_edited=&#8221;on|phone&#8221; header_text_shadow_style=&#8221;preset1&#8243; global_colors_info=&#8221;{}&#8221;]<\/p>\n<h1 style=\"text-align: center;\">Ospiti<\/h1>\n<p>[\/et_pb_text][\/et_pb_column][\/et_pb_row][et_pb_row column_structure=&#8221;1_2,1_2&#8243; _builder_version=&#8221;4.27.4&#8243; _module_preset=&#8221;default&#8221; module_alignment=&#8221;center&#8221; custom_margin=&#8221;0px|0px|0px|0px|false|false&#8221; custom_padding=&#8221;0px|0px|0px|0px|false|false&#8221; custom_css_main_element=&#8221;display: flex;&#8221; global_colors_info=&#8221;{}&#8221;][et_pb_column type=&#8221;1_2&#8243; _builder_version=&#8221;4.27.4&#8243; _module_preset=&#8221;default&#8221; global_colors_info=&#8221;{}&#8221;][et_pb_image src=&#8221;https:\/\/staylance.com\/wp-content\/uploads\/2025\/02\/AppStoreBadge.png&#8221; title_text=&#8221;AppStoreBadge&#8221; url=&#8221;https:\/\/apps.apple.com\/us\/app\/staylance\/id6473647904&#8243; align=&#8221;right&#8221; _builder_version=&#8221;4.27.4&#8243; _module_preset=&#8221;default&#8221; width=&#8221;200px&#8221; width_tablet=&#8221;200px&#8221; width_phone=&#8221;140px&#8221; width_last_edited=&#8221;on|tablet&#8221; custom_margin=&#8221;|5px|||false|false&#8221; box_shadow_style=&#8221;preset1&#8243; global_colors_info=&#8221;{}&#8221; transform_styles__hover_enabled=&#8221;on|hover&#8221; transform_scale__hover_enabled=&#8221;on|hover&#8221; transform_translate__hover_enabled=&#8221;on|desktop&#8221; transform_rotate__hover_enabled=&#8221;on|desktop&#8221; transform_skew__hover_enabled=&#8221;on|desktop&#8221; transform_origin__hover_enabled=&#8221;on|desktop&#8221; transform_scale__hover=&#8221;110%|110%&#8221;][\/et_pb_image][\/et_pb_column][et_pb_column type=&#8221;1_2&#8243; _builder_version=&#8221;4.27.4&#8243; _module_preset=&#8221;default&#8221; background_enable_color=&#8221;off&#8221; global_colors_info=&#8221;{}&#8221;][et_pb_image src=&#8221;https:\/\/staylance.com\/wp-content\/uploads\/2025\/02\/GooglePlayBadge.png&#8221; title_text=&#8221;GooglePlayBadge&#8221; url=&#8221;https:\/\/play.google.com\/store\/apps\/details?id=com.staylanceapp&#8221; _builder_version=&#8221;4.27.4&#8243; _module_preset=&#8221;default&#8221; width=&#8221;200px&#8221; width_tablet=&#8221;200px&#8221; width_phone=&#8221;140px&#8221; width_last_edited=&#8221;on|phone&#8221; module_alignment=&#8221;left&#8221; custom_margin=&#8221;|||5px|false|false&#8221; global_colors_info=&#8221;{}&#8221; transform_styles__hover_enabled=&#8221;on|hover&#8221; transform_scale__hover_enabled=&#8221;on|hover&#8221; transform_translate__hover_enabled=&#8221;on|desktop&#8221; transform_rotate__hover_enabled=&#8221;on|desktop&#8221; transform_skew__hover_enabled=&#8221;on|desktop&#8221; transform_origin__hover_enabled=&#8221;on|desktop&#8221; transform_scale__hover=&#8221;110%|110%&#8221;][\/et_pb_image][\/et_pb_column][\/et_pb_row][\/et_pb_section][et_pb_section fb_built=&#8221;1&#8243; admin_label=&#8221;Section&#8221; _builder_version=&#8221;4.27.4&#8243; _module_preset=&#8221;default&#8221; background_image=&#8221;https:\/\/staylance.com\/wp-content\/uploads\/2025\/02\/background.png&#8221; da_disable_devices=&#8221;off|off|off&#8221; global_colors_info=&#8221;{}&#8221; da_is_popup=&#8221;off&#8221; da_exit_intent=&#8221;off&#8221; da_has_close=&#8221;on&#8221; da_alt_close=&#8221;off&#8221; da_dark_close=&#8221;off&#8221; da_not_modal=&#8221;on&#8221; da_is_singular=&#8221;off&#8221; da_with_loader=&#8221;off&#8221; da_has_shadow=&#8221;on&#8221;][et_pb_row _builder_version=&#8221;4.27.4&#8243; _module_preset=&#8221;default&#8221; custom_padding=&#8221;0px||||false|false&#8221; global_colors_info=&#8221;{}&#8221;][et_pb_column type=&#8221;4_4&#8243; _builder_version=&#8221;4.27.4&#8243; _module_preset=&#8221;default&#8221; global_colors_info=&#8221;{}&#8221;][et_pb_text _builder_version=&#8221;4.27.4&#8243; _module_preset=&#8221;default&#8221; global_colors_info=&#8221;{}&#8221;]<\/p>\n<h2><span class=\"fontstyle0\"><span style=\"color: #50dab0;\">Ospitare<\/span><\/span><span class=\"fontstyle0\"> un aiutante per lo scambio di lavoro<\/span><\/h2>\n<p>[\/et_pb_text][et_pb_text _builder_version=&#8221;4.27.4&#8243; _module_preset=&#8221;default&#8221; global_colors_info=&#8221;{}&#8221;]<\/p>\n<p><span class=\"fontstyle0\">Hai spazio per ospitare ma non hai idea del tipo di aiuto che potrebbe servirti? Ecco come ospitare un aiutante in uno scambio di lavoro potrebbe arricchire la tua vita: <\/span><\/p>\n<p><strong><span class=\"fontstyle2\">Salute e sport<\/span><\/strong><\/p>\n<ul>\n<li><span class=\"fontstyle0\">Rimettersi in forma: ospita un personal trainer per una o due settimane per dare il via ai tuoi obiettivi di fitness.<\/span><\/li>\n<li><span class=\"fontstyle0\">Consulenza dietetica personalizzata: ospita un nutrizionista che ti insegner\u00e0 a mangiare sano e a ottimizzare la tua salute. <\/span><span class=\"fontstyle0\">la tua salute<\/span><\/li>\n<li><span class=\"fontstyle0\">Diventa pi\u00f9 consapevole: ospita un appassionato di meditazione che ti guidi attraverso sessioni di meditazione quotidiane <\/span><span class=\"fontstyle0\">sessioni di meditazione<\/span><\/li>\n<li><span class=\"fontstyle0\">Perfeziona le tue posizioni di yoga, pilates, tai chi o chi gong per 2 ore ogni mattina con le istruzioni di un insegnante esperto. <\/span><span class=\"fontstyle0\">istruzioni di un insegnante esperto<\/span><\/li>\n<li><span class=\"fontstyle0\">Hai sempre voluto migliorare il tuo servizio di tennis, lo swing del golf, le mosse di salsa o la tecnica di corsa?  <\/span><span class=\"fontstyle0\">Ecco la tua occasione! Trova un aiutante StayLance che abbia talento nello sport di tua scelta e chiedigli   <\/span><span class=\"fontstyle0\">per allenarti!<\/span><span class=\"fontstyle2\"><\/span><span class=\"fontstyle2\"><\/span><\/li>\n<\/ul>\n<p><strong><span class=\"fontstyle2\">Miglioramento della casa e del giardino<\/span><\/strong><\/p>\n<ul>\n<li><span class=\"fontstyle0\">Pensa a tutti i piccoli lavori in casa che non riesci mai a fare: l&#8217;organizzazione,  <\/span><span class=\"fontstyle0\">migliorare il tuo arredamento, dipingere, pulire. Un assistente StayLance pu\u00f2 aiutarti in questo! <\/span><\/li>\n<li><span class=\"fontstyle0\">Abbellisci la tua casa: perch\u00e9 non ospitare un artista che dipinga un meraviglioso murales sulla tua parete o un&#8217;opera d&#8217;arte?  <\/span><span class=\"fontstyle0\">creare un&#8217;opera d&#8217;arte specifica per i tuoi gusti (ad esempio una scultura per il tuo giardino)? Le possibilit\u00e0   <\/span><span class=\"fontstyle0\">sono infinite<\/span><\/li>\n<li><span class=\"fontstyle0\">Il tuo giardino ha bisogno di un po&#8217; di amore? Lascia che un aiutante StayLance con le dita verdi faccia la sua magia <\/span><\/li>\n<\/ul>\n<p><strong><span class=\"fontstyle2\">Vita familiare<\/span><\/strong><\/p>\n<ul>\n<li><span class=\"fontstyle0\">Aiuto per l&#8217;assistenza ai bambini: concediti pi\u00f9 tempo libero e arricchisci la vita dei tuoi figli ospitandoli  <\/span><span class=\"fontstyle0\">Aiutanti StayLancer che amano i bambini. Scegli persone che parlano le lingue o che hanno interessi che ti interessano.   <\/span><span class=\"fontstyle0\">come ad esempio i talenti musicali, la pittura, il giardinaggio, lo sport, ecc.<\/span><\/li>\n<li><span class=\"fontstyle0\">Attivit\u00e0 domestiche: svuotare la lavastoviglie, stendere il bucato, fare la spesa. Con   <\/span><span class=\"fontstyle0\">figli e una vita piena di impegni, questi compiti non finiscono mai ma uno StayLancer pu\u00f2 aiutarti <\/span><span class=\"fontstyle0\">enormemente!<\/span><\/li>\n<\/ul>\n<p><strong><span class=\"fontstyle2\">Competenze linguistiche e cultura<\/span><\/strong><\/p>\n<ul>\n<li><span class=\"fontstyle0\">Stai studiando una lingua ma hai bisogno di fare pi\u00f9 pratica di conversazione per aumentare la tua sicurezza? Ospita una persona madrelingua che ti dia lezioni e il fatto che possa insegnarti anche la storia e la cultura del suo paese d&#8217;origine \u00e8 un vantaggio. L&#8217;altro vantaggio \u00e8 che puoi immergerti nella lingua parlando solo a casa tua con il tuo StayLancer e questo \u00e8 il modo pi\u00f9 veloce per imparare!  <\/span><\/li>\n<li><span class=\"fontstyle0\">Ti piace viaggiare e sperimentare nuove culture ma al momento non puoi farlo? Con StayLancer Helpers puoi incontrare persone interessanti provenienti da tutto il mondo e acquisire nuove prospettive. Potresti persino fare amicizia con alcuni di loro e andare a trovarli a casa loro!  <\/span><\/li>\n<\/ul>\n<p><strong><span class=\"fontstyle2\">Aiuto per il computer<\/span><\/strong><\/p>\n<ul>\n<li><span class=\"fontstyle0\">Hai una piccola impresa? Vorresti aprire un blog o pubblicare un libro online? Forse potresti avvalerti delle competenze di un assistente StayLance per costruire o migliorare il tuo sito web, oppure di un guru dei social media che ti dia consigli su come raggiungere un pubblico pi\u00f9 vasto.  <\/span><\/li>\n<\/ul>\n<p><strong><span class=\"fontstyle2\">Interessi e altre competenze<\/span><\/strong><\/p>\n<ul>\n<li><span class=\"fontstyle0\">Impara a cucinare un nuovo tipo di cucina, a suonare la chitarra, a cantare meravigliosamente o anche a costruire con materiali ecologici naturali. <\/span><span class=\"fontstyle0\">materiali naturali per l&#8217;eco-edilizia.<\/span><\/li>\n<\/ul>\n<p style=\"text-align: center;\"><strong><em><span class=\"fontstyle0\">Il mondo \u00e8 la tua ostrica con StayLance!<\/span><\/em><\/strong><\/p>\n<p>[\/et_pb_text][\/et_pb_column][\/et_pb_row][\/et_pb_section][et_pb_section fb_built=&#8221;1&#8243; admin_label=&#8221;Popup &#8211; #download-app&#8221; module_id=&#8221;download-app&#8221; module_class=&#8221;popup&#8221; _builder_version=&#8221;4.27.4&#8243; _module_preset=&#8221;default&#8221; max_width=&#8221;700px&#8221; da_is_popup=&#8221;on&#8221; da_popup_slug=&#8221;download-app&#8221; da_disable_devices=&#8221;off|off|off&#8221; global_colors_info=&#8221;{}&#8221; da_exit_intent=&#8221;off&#8221; da_has_close=&#8221;on&#8221; da_alt_close=&#8221;off&#8221; da_dark_close=&#8221;off&#8221; da_not_modal=&#8221;on&#8221; da_is_singular=&#8221;off&#8221; da_with_loader=&#8221;off&#8221; da_has_shadow=&#8221;on&#8221;][et_pb_row _builder_version=&#8221;4.27.4&#8243; _module_preset=&#8221;default&#8221; global_colors_info=&#8221;{}&#8221;][et_pb_column type=&#8221;4_4&#8243; _builder_version=&#8221;4.27.4&#8243; _module_preset=&#8221;default&#8221; global_colors_info=&#8221;{}&#8221;][et_pb_text _builder_version=&#8221;4.27.4&#8243; _module_preset=&#8221;default&#8221; header_3_font=&#8221;|800|||||||&#8221; header_3_font_size=&#8221;28px&#8221; global_colors_info=&#8221;{}&#8221;]<\/p>\n<h3 style=\"text-align: center;\">Scarica l&#8217;applicazione<\/h3>\n<p>[\/et_pb_text][\/et_pb_column][\/et_pb_row][et_pb_row column_structure=&#8221;1_2,1_2&#8243; _builder_version=&#8221;4.27.4&#8243; _module_preset=&#8221;default&#8221; module_alignment=&#8221;center&#8221; custom_margin=&#8221;0px|0px|0px|0px|false|false&#8221; custom_padding=&#8221;0px|0px|0px|0px|false|false&#8221; custom_css_main_element=&#8221;display: flex;&#8221; locked=&#8221;off&#8221; global_colors_info=&#8221;{}&#8221;][et_pb_column type=&#8221;1_2&#8243; _builder_version=&#8221;4.27.4&#8243; _module_preset=&#8221;default&#8221; global_colors_info=&#8221;{}&#8221;][et_pb_image src=&#8221;https:\/\/staylance.com\/wp-content\/uploads\/2025\/02\/AppStoreBadge.png&#8221; title_text=&#8221;AppStoreBadge&#8221; url=&#8221;https:\/\/apps.apple.com\/us\/app\/staylance\/id6473647904&#8243; align=&#8221;right&#8221; _builder_version=&#8221;4.27.4&#8243; _module_preset=&#8221;default&#8221; width=&#8221;200px&#8221; width_tablet=&#8221;200px&#8221; width_phone=&#8221;140px&#8221; width_last_edited=&#8221;on|tablet&#8221; custom_margin=&#8221;|5px|||false|false&#8221; box_shadow_style=&#8221;preset1&#8243; global_colors_info=&#8221;{}&#8221; transform_styles__hover_enabled=&#8221;on|hover&#8221; transform_scale__hover_enabled=&#8221;on|hover&#8221; transform_translate__hover_enabled=&#8221;on|desktop&#8221; transform_rotate__hover_enabled=&#8221;on|desktop&#8221; transform_skew__hover_enabled=&#8221;on|desktop&#8221; transform_origin__hover_enabled=&#8221;on|desktop&#8221; transform_scale__hover=&#8221;110%|110%&#8221;][\/et_pb_image][\/et_pb_column][et_pb_column type=&#8221;1_2&#8243; _builder_version=&#8221;4.27.4&#8243; _module_preset=&#8221;default&#8221; background_enable_color=&#8221;off&#8221; global_colors_info=&#8221;{}&#8221;][et_pb_image src=&#8221;https:\/\/staylance.com\/wp-content\/uploads\/2025\/02\/GooglePlayBadge.png&#8221; title_text=&#8221;GooglePlayBadge&#8221; url=&#8221;https:\/\/play.google.com\/store\/apps\/details?id=com.staylanceapp&#8221; _builder_version=&#8221;4.27.4&#8243; _module_preset=&#8221;default&#8221; width=&#8221;200px&#8221; width_tablet=&#8221;200px&#8221; width_phone=&#8221;140px&#8221; width_last_edited=&#8221;on|phone&#8221; module_alignment=&#8221;left&#8221; custom_margin=&#8221;|||5px|false|false&#8221; global_colors_info=&#8221;{}&#8221; transform_styles__hover_enabled=&#8221;on|hover&#8221; transform_scale__hover_enabled=&#8221;on|hover&#8221; transform_translate__hover_enabled=&#8221;on|desktop&#8221; transform_rotate__hover_enabled=&#8221;on|desktop&#8221; transform_skew__hover_enabled=&#8221;on|desktop&#8221; transform_origin__hover_enabled=&#8221;on|desktop&#8221; transform_scale__hover=&#8221;110%|110%&#8221;][\/et_pb_image][\/et_pb_column][\/et_pb_row][\/et_pb_section]<\/p>\n","protected":false},"excerpt":{"rendered":"<p>OspitiOspitare un aiutante per lo scambio di lavoroHai spazio per ospitare ma non hai idea del tipo di aiuto che potrebbe servirti? Ecco come ospitare un aiutante in uno scambio di lavoro potrebbe arricchire la tua vita: Salute e sport Rimettersi in forma: ospita un personal trainer per una o due settimane per dare il [&hellip;]<\/p>\n","protected":false},"author":2,"featured_media":0,"parent":0,"menu_order":0,"comment_status":"closed","ping_status":"closed","template":"","meta":{"_et_pb_use_builder":"on","_et_pb_old_content":"","_et_gb_content_width":"","footnotes":""},"class_list":["post-696","page","type-page","status-publish","hentry"],"yoast_head":"<!-- This site is optimized with the Yoast SEO plugin v25.2 - https:\/\/yoast.com\/wordpress\/plugins\/seo\/ -->\n<title>Ospitare un aiutante in borsa lavoro<\/title>\n<meta name=\"description\" content=\"Hai spazio per ospitare ma non hai idea del tipo di aiuto che ti servirebbe? Ecco come essere un host StayLance potrebbe arricchire la tua vita!\" \/>\n<meta name=\"robots\" content=\"index, follow, max-snippet:-1, max-image-preview:large, max-video-preview:-1\" \/>\n<link rel=\"canonical\" href=\"https:\/\/staylance.com\/it\/ospiti\/\" \/>\n<meta property=\"og:locale\" content=\"it_IT\" \/>\n<meta property=\"og:type\" content=\"article\" \/>\n<meta property=\"og:title\" content=\"Ospitare un aiutante in borsa lavoro\" \/>\n<meta property=\"og:description\" content=\"Hai spazio per ospitare ma non hai idea del tipo di aiuto che ti servirebbe? Ecco come essere un host StayLance potrebbe arricchire la tua vita!\" \/>\n<meta property=\"og:url\" content=\"https:\/\/staylance.com\/it\/ospiti\/\" \/>\n<meta property=\"og:site_name\" content=\"StayLance\" \/>\n<meta property=\"article:publisher\" content=\"https:\/\/www.facebook.com\/StayLance\/\" \/>\n<meta property=\"article:modified_time\" content=\"2025-02-10T19:46:22+00:00\" \/>\n<meta name=\"twitter:card\" content=\"summary_large_image\" \/>\n<meta name=\"twitter:label1\" content=\"Tempo di lettura stimato\" \/>\n\t<meta name=\"twitter:data1\" content=\"8 minuti\" \/>\n<script type=\"application\/ld+json\" class=\"yoast-schema-graph\">{\"@context\":\"https:\/\/schema.org\",\"@graph\":[{\"@type\":\"WebPage\",\"@id\":\"https:\/\/staylance.com\/it\/ospiti\/\",\"url\":\"https:\/\/staylance.com\/it\/ospiti\/\",\"name\":\"Ospitare un aiutante in borsa lavoro\",\"isPartOf\":{\"@id\":\"https:\/\/staylance.com\/it\/#website\"},\"datePublished\":\"2025-02-08T09:56:21+00:00\",\"dateModified\":\"2025-02-10T19:46:22+00:00\",\"description\":\"Hai spazio per ospitare ma non hai idea del tipo di aiuto che ti servirebbe? Ecco come essere un host StayLance potrebbe arricchire la tua vita!\",\"breadcrumb\":{\"@id\":\"https:\/\/staylance.com\/it\/ospiti\/#breadcrumb\"},\"inLanguage\":\"it-IT\",\"potentialAction\":[{\"@type\":\"ReadAction\",\"target\":[\"https:\/\/staylance.com\/it\/ospiti\/\"]}]},{\"@type\":\"BreadcrumbList\",\"@id\":\"https:\/\/staylance.com\/it\/ospiti\/#breadcrumb\",\"itemListElement\":[{\"@type\":\"ListItem\",\"position\":1,\"name\":\"Home\",\"item\":\"https:\/\/staylance.com\/it\/\"},{\"@type\":\"ListItem\",\"position\":2,\"name\":\"Ospiti\"}]},{\"@type\":\"WebSite\",\"@id\":\"https:\/\/staylance.com\/it\/#website\",\"url\":\"https:\/\/staylance.com\/it\/\",\"name\":\"StayLance\",\"description\":\"\",\"potentialAction\":[{\"@type\":\"SearchAction\",\"target\":{\"@type\":\"EntryPoint\",\"urlTemplate\":\"https:\/\/staylance.com\/it\/?s={search_term_string}\"},\"query-input\":{\"@type\":\"PropertyValueSpecification\",\"valueRequired\":true,\"valueName\":\"search_term_string\"}}],\"inLanguage\":\"it-IT\"}]}<\/script>\n<!-- \/ Yoast SEO plugin. -->","yoast_head_json":{"title":"Ospitare un aiutante in borsa lavoro","description":"Hai spazio per ospitare ma non hai idea del tipo di aiuto che ti servirebbe? Ecco come essere un host StayLance potrebbe arricchire la tua vita!","robots":{"index":"index","follow":"follow","max-snippet":"max-snippet:-1","max-image-preview":"max-image-preview:large","max-video-preview":"max-video-preview:-1"},"canonical":"https:\/\/staylance.com\/it\/ospiti\/","og_locale":"it_IT","og_type":"article","og_title":"Ospitare un aiutante in borsa lavoro","og_description":"Hai spazio per ospitare ma non hai idea del tipo di aiuto che ti servirebbe? Ecco come essere un host StayLance potrebbe arricchire la tua vita!","og_url":"https:\/\/staylance.com\/it\/ospiti\/","og_site_name":"StayLance","article_publisher":"https:\/\/www.facebook.com\/StayLance\/","article_modified_time":"2025-02-10T19:46:22+00:00","twitter_card":"summary_large_image","twitter_misc":{"Tempo di lettura stimato":"8 minuti"},"schema":{"@context":"https:\/\/schema.org","@graph":[{"@type":"WebPage","@id":"https:\/\/staylance.com\/it\/ospiti\/","url":"https:\/\/staylance.com\/it\/ospiti\/","name":"Ospitare un aiutante in borsa lavoro","isPartOf":{"@id":"https:\/\/staylance.com\/it\/#website"},"datePublished":"2025-02-08T09:56:21+00:00","dateModified":"2025-02-10T19:46:22+00:00","description":"Hai spazio per ospitare ma non hai idea del tipo di aiuto che ti servirebbe? Ecco come essere un host StayLance potrebbe arricchire la tua vita!","breadcrumb":{"@id":"https:\/\/staylance.com\/it\/ospiti\/#breadcrumb"},"inLanguage":"it-IT","potentialAction":[{"@type":"ReadAction","target":["https:\/\/staylance.com\/it\/ospiti\/"]}]},{"@type":"BreadcrumbList","@id":"https:\/\/staylance.com\/it\/ospiti\/#breadcrumb","itemListElement":[{"@type":"ListItem","position":1,"name":"Home","item":"https:\/\/staylance.com\/it\/"},{"@type":"ListItem","position":2,"name":"Ospiti"}]},{"@type":"WebSite","@id":"https:\/\/staylance.com\/it\/#website","url":"https:\/\/staylance.com\/it\/","name":"StayLance","description":"","potentialAction":[{"@type":"SearchAction","target":{"@type":"EntryPoint","urlTemplate":"https:\/\/staylance.com\/it\/?s={search_term_string}"},"query-input":{"@type":"PropertyValueSpecification","valueRequired":true,"valueName":"search_term_string"}}],"inLanguage":"it-IT"}]}},"_links":{"self":[{"href":"https:\/\/staylance.com\/it\/wp-json\/wp\/v2\/pages\/696","targetHints":{"allow":["GET"]}}],"collection":[{"href":"https:\/\/staylance.com\/it\/wp-json\/wp\/v2\/pages"}],"about":[{"href":"https:\/\/staylance.com\/it\/wp-json\/wp\/v2\/types\/page"}],"author":[{"embeddable":true,"href":"https:\/\/staylance.com\/it\/wp-json\/wp\/v2\/users\/2"}],"replies":[{"embeddable":true,"href":"https:\/\/staylance.com\/it\/wp-json\/wp\/v2\/comments?post=696"}],"version-history":[{"count":2,"href":"https:\/\/staylance.com\/it\/wp-json\/wp\/v2\/pages\/696\/revisions"}],"predecessor-version":[{"id":702,"href":"https:\/\/staylance.com\/it\/wp-json\/wp\/v2\/pages\/696\/revisions\/702"}],"wp:attachment":[{"href":"https:\/\/staylance.com\/it\/wp-json\/wp\/v2\/media?parent=696"}],"curies":[{"name":"wp","href":"https:\/\/api.w.org\/{rel}","templated":true}]}}