{"id":695,"date":"2025-02-08T10:56:21","date_gmt":"2025-02-08T09:56:21","guid":{"rendered":"https:\/\/staylance.com\/hotes\/"},"modified":"2025-02-10T20:46:22","modified_gmt":"2025-02-10T19:46:22","slug":"hotes","status":"publish","type":"page","link":"https:\/\/staylance.com\/fr\/hotes\/","title":{"rendered":"H\u00f4tes"},"content":{"rendered":"<p>[et_pb_section fb_built=\u00a0\u00bb1&Prime; admin_label=\u00a0\u00bbSection\u00a0\u00bb _builder_version=\u00a0\u00bb4.27.4&Prime; _module_preset=\u00a0\u00bbdefault\u00a0\u00bb background_image=\u00a0\u00bbhttps:\/\/staylance.com\/wp-content\/uploads\/2025\/02\/hosts-1.webp\u00a0\u00bb min_height=\u00a0\u00bb75vh\u00a0\u00bb custom_css_main_element=\u00a0\u00bbdisplay: flex;||justify-content: center;||align-items:center;||flex-direction: column;\u00a0\u00bb da_disable_devices=\u00a0\u00bboff|off|off\u00a0\u00bb global_colors_info=\u00a0\u00bb{}\u00a0\u00bb da_is_popup=\u00a0\u00bboff\u00a0\u00bb da_exit_intent=\u00a0\u00bboff\u00a0\u00bb da_has_close=\u00a0\u00bbon\u00a0\u00bb da_alt_close=\u00a0\u00bboff\u00a0\u00bb da_dark_close=\u00a0\u00bboff\u00a0\u00bb da_not_modal=\u00a0\u00bbon\u00a0\u00bb da_is_singular=\u00a0\u00bboff\u00a0\u00bb da_with_loader=\u00a0\u00bboff\u00a0\u00bb da_has_shadow=\u00a0\u00bbon\u00a0\u00bb][et_pb_row _builder_version=\u00a0\u00bb4.27.4&Prime; _module_preset=\u00a0\u00bbdefault\u00a0\u00bb custom_margin=\u00a0\u00bb0px||0px||false|false\u00a0\u00bb global_colors_info=\u00a0\u00bb{}\u00a0\u00bb][et_pb_column type=\u00a0\u00bb4_4&Prime; _builder_version=\u00a0\u00bb4.27.4&Prime; _module_preset=\u00a0\u00bbdefault\u00a0\u00bb global_colors_info=\u00a0\u00bb{}\u00a0\u00bb][et_pb_text _builder_version=\u00a0\u00bb4.27.4&Prime; _module_preset=\u00a0\u00bbdefault\u00a0\u00bb text_text_color=\u00a0\u00bb#FFFFFF\u00a0\u00bb header_font=\u00a0\u00bb|700||on|||||\u00a0\u00bb header_text_color=\u00a0\u00bb#FFFFFF\u00a0\u00bb header_font_size=\u00a0\u00bb70px\u00a0\u00bb header_font_size_tablet=\u00a0\u00bb60px\u00a0\u00bb header_font_size_phone=\u00a0\u00bb50px\u00a0\u00bb header_font_size_last_edited=\u00a0\u00bbon|phone\u00a0\u00bb header_text_shadow_style=\u00a0\u00bbpreset1&Prime; global_colors_info=\u00a0\u00bb{}\u00a0\u00bb]<\/p>\n<h1 style=\"text-align: center;\">H\u00f4tes<\/h1>\n<p>[\/et_pb_text][\/et_pb_column][\/et_pb_row][et_pb_row column_structure=\u00a0\u00bb1_2,1_2&Prime; _builder_version=\u00a0\u00bb4.27.4&Prime; _module_preset=\u00a0\u00bbdefault\u00a0\u00bb module_alignment=\u00a0\u00bbcenter\u00a0\u00bb custom_margin=\u00a0\u00bb0px|0px|0px|0px|false|false\u00a0\u00bb custom_padding=\u00a0\u00bb0px|0px|0px|0px|false|false\u00a0\u00bb custom_css_main_element=\u00a0\u00bbdisplay: flex;\u00a0\u00bb global_colors_info=\u00a0\u00bb{}\u00a0\u00bb][et_pb_column type=\u00a0\u00bb1_2&Prime; _builder_version=\u00a0\u00bb4.27.4&Prime; _module_preset=\u00a0\u00bbdefault\u00a0\u00bb global_colors_info=\u00a0\u00bb{}\u00a0\u00bb][et_pb_image src=\u00a0\u00bbhttps:\/\/staylance.com\/wp-content\/uploads\/2025\/02\/AppStoreBadge.png\u00a0\u00bb title_text=\u00a0\u00bbBadge AppStore\u00a0\u00bb url=\u00a0\u00bbhttps:\/\/apps.apple.com\/us\/app\/staylance\/id6473647904&Prime; align=\u00a0\u00bbright\u00a0\u00bb _builder_version=\u00a0\u00bb4.27.4&Prime; _module_preset=\u00a0\u00bbdefault\u00a0\u00bb width=\u00a0\u00bb200px\u00a0\u00bb width_tablet=\u00a0\u00bb200px\u00a0\u00bb width_phone=\u00a0\u00bb140px\u00a0\u00bb width_last_edited=\u00a0\u00bbon|tablet\u00a0\u00bb custom_margin=\u00a0\u00bb|5px|||false|false\u00a0\u00bb box_shadow_style=\u00a0\u00bbpreset1&Prime; global_colors_info=\u00a0\u00bb{}\u00a0\u00bb transform_styles__hover_enabled=\u00a0\u00bbon|hover\u00a0\u00bb transform_scale__hover_enabled=\u00a0\u00bbon|hover\u00a0\u00bb transform_translate__hover_enabled=\u00a0\u00bbon|desktop\u00a0\u00bb transform_rotate__hover_enabled=\u00a0\u00bbon|desktop\u00a0\u00bb transform_skew__hover_enabled=\u00a0\u00bbon|desktop\u00a0\u00bb transform_origin__hover_enabled=\u00a0\u00bbon|desktop\u00a0\u00bb transform_scale__hover=\u00a0\u00bb110%|110%\u00a0\u00bb][\/et_pb_image][\/et_pb_column][et_pb_column type=\u00a0\u00bb1_2&Prime; _builder_version=\u00a0\u00bb4.27.4&Prime; _module_preset=\u00a0\u00bbdefault\u00a0\u00bb background_enable_color=\u00a0\u00bboff\u00a0\u00bb global_colors_info=\u00a0\u00bb{}\u00a0\u00bb][et_pb_image src=\u00a0\u00bbhttps:\/\/staylance.com\/wp-content\/uploads\/2025\/02\/GooglePlayBadge.png\u00a0\u00bb title_text=\u00a0\u00bbBadge GooglePlay\u00a0\u00bb url=\u00a0\u00bbhttps:\/\/play.google.com\/store\/apps\/details?id=com.staylanceapp\u00a0\u00bb _builder_version=\u00a0\u00bb4.27.4&Prime; _module_preset=\u00a0\u00bbdefault\u00a0\u00bb width=\u00a0\u00bb200px\u00a0\u00bb width_tablet=\u00a0\u00bb200px\u00a0\u00bb width_phone=\u00a0\u00bb140px\u00a0\u00bb width_last_edited=\u00a0\u00bbon|phone\u00a0\u00bb module_alignment=\u00a0\u00bbleft\u00a0\u00bb custom_margin=\u00a0\u00bb|||5px|false|false\u00a0\u00bb global_colors_info=\u00a0\u00bb{}\u00a0\u00bb transform_styles__hover_enabled=\u00a0\u00bbon|hover\u00a0\u00bb transform_scale__hover_enabled=\u00a0\u00bbon|hover\u00a0\u00bb transform_translate__hover_enabled=\u00a0\u00bbon|desktop\u00a0\u00bb transform_rotate__hover_enabled=\u00a0\u00bbon|desktop\u00a0\u00bb transform_skew__hover_enabled=\u00a0\u00bbon|desktop\u00a0\u00bb transform_origin__hover_enabled=\u00a0\u00bbon|desktop\u00a0\u00bb transform_scale__hover=\u00a0\u00bb110%|110%\u00a0\u00bb][\/et_pb_image][\/et_pb_column][\/et_pb_row][\/et_pb_section][et_pb_section fb_built=\u00a0\u00bb1&Prime; admin_label=\u00a0\u00bbSection\u00a0\u00bb _builder_version=\u00a0\u00bb4.27.4&Prime; _module_preset=\u00a0\u00bbdefault\u00a0\u00bb background_image=\u00a0\u00bbhttps:\/\/staylance.com\/wp-content\/uploads\/2025\/02\/background.png\u00a0\u00bb da_disable_devices=\u00a0\u00bboff|off|off\u00a0\u00bb global_colors_info=\u00a0\u00bb{}\u00a0\u00bb da_is_popup=\u00a0\u00bboff\u00a0\u00bb da_exit_intent=\u00a0\u00bboff\u00a0\u00bb da_has_close=\u00a0\u00bbon\u00a0\u00bb da_alt_close=\u00a0\u00bboff\u00a0\u00bb da_dark_close=\u00a0\u00bboff\u00a0\u00bb da_not_modal=\u00a0\u00bbon\u00a0\u00bb da_is_singular=\u00a0\u00bboff\u00a0\u00bb da_with_loader=\u00a0\u00bboff\u00a0\u00bb da_has_shadow=\u00a0\u00bbon\u00a0\u00bb][et_pb_row _builder_version=\u00a0\u00bb4.27.4&Prime; _module_preset=\u00a0\u00bbdefault\u00a0\u00bb custom_padding=\u00a0\u00bb0px||||false|false\u00a0\u00bb global_colors_info=\u00a0\u00bb{}\u00a0\u00bb][et_pb_column type=\u00a0\u00bb4_4&Prime; _builder_version=\u00a0\u00bb4.27.4&Prime; _module_preset=\u00a0\u00bbdefault\u00a0\u00bb global_colors_info=\u00a0\u00bb{}\u00a0\u00bb][et_pb_text _builder_version=\u00a0\u00bb4.27.4&Prime; _module_preset=\u00a0\u00bbdefault\u00a0\u00bb global_colors_info=\u00a0\u00bb{}\u00a0\u00bb]<\/p>\n<h2><span class=\"fontstyle0\"><span style=\"color: #50dab0;\">Accueillir<\/span><\/span><span class=\"fontstyle0\"> un assistant d&rsquo;\u00e9change de travail<\/span><\/h2>\n<p>[\/et_pb_text][et_pb_text _builder_version=\u00a0\u00bb4.27.4&Prime; _module_preset=\u00a0\u00bbdefault\u00a0\u00bb global_colors_info=\u00a0\u00bb{}\u00a0\u00bb]<\/p>\n<p><span class=\"fontstyle0\">Vous disposez d&rsquo;un espace pour accueillir, mais vous n&rsquo;avez aucune id\u00e9e du type d&rsquo;aide dont vous pourriez avoir besoin ? Voici comment le fait d&rsquo;accueillir une personne dans le cadre d&rsquo;un \u00e9change de travail pourrait enrichir votre vie : <\/span><\/p>\n<p><strong><span class=\"fontstyle2\">Sant\u00e9 et sports<\/span><\/strong><\/p>\n<ul>\n<li><span class=\"fontstyle0\">Remise en forme : accueillez un entra\u00eeneur personnel pendant une semaine ou deux pour relancer vos objectifs de remise en forme.<\/span><\/li>\n<li><span class=\"fontstyle0\">Conseils di\u00e9t\u00e9tiques personnalis\u00e9s : accueillez un nutritionniste pour vous apprendre \u00e0 manger sainement et \u00e0 optimiser votre sant\u00e9. <\/span><span class=\"fontstyle0\">votre sant\u00e9<\/span><\/li>\n<li><span class=\"fontstyle0\">Devenez plus attentif : accueillez un adepte de la m\u00e9ditation qui vous guidera dans vos s\u00e9ances de m\u00e9ditation quotidiennes. <\/span><span class=\"fontstyle0\">quotidiennes<\/span><\/li>\n<li><span class=\"fontstyle0\">Perfectionnez vos postures de yoga, de Pilates, de Tai Chi ou de Chi Gong pendant 2 heures tous les matins avec l&rsquo;enseignement d&rsquo;un professeur exp\u00e9riment\u00e9. <\/span><span class=\"fontstyle0\">l&rsquo;enseignement d&rsquo;un professeur exp\u00e9riment\u00e9<\/span><\/li>\n<li><span class=\"fontstyle0\">Vous avez toujours voulu am\u00e9liorer votre service de tennis, votre swing de golf, vos mouvements de salsa ou votre technique de course ?  <\/span><span class=\"fontstyle0\">Voici votre chance ! Trouvez un assistant StayLance talentueux dans le sport de votre choix et demandez-lui   <\/span><span class=\"fontstyle0\">pour vous coacher !<\/span><span class=\"fontstyle2\"><\/span><span class=\"fontstyle2\"><\/span><\/li>\n<\/ul>\n<p><strong><span class=\"fontstyle2\">Am\u00e9lioration de la maison et du jardin<\/span><\/strong><\/p>\n<ul>\n<li><span class=\"fontstyle0\">Pensez \u00e0 tous les petits travaux dans la maison que vous n&rsquo;arrivez jamais \u00e0 faire : l&rsquo;organisation,  <\/span><span class=\"fontstyle0\">am\u00e9liorer votre d\u00e9coration d&rsquo;int\u00e9rieur, peinture, nettoyage. Un assistant StayLance peut vous aider dans ce domaine ! <\/span><\/li>\n<li><span class=\"fontstyle0\">Embellissez votre maison : pourquoi ne pas accueillir un artiste qui pourrait peindre une magnifique fresque sur votre mur ou sur un mur de votre maison ?  <\/span><span class=\"fontstyle0\">cr\u00e9er une \u0153uvre d&rsquo;art sp\u00e9cifique \u00e0 votre go\u00fbt (par exemple, une sculpture pour votre jardin) ? Les possibilit\u00e9s   <\/span><span class=\"fontstyle0\">sont sans fin<\/span><\/li>\n<li><span class=\"fontstyle0\">Votre jardin a besoin d&rsquo;un peu d&rsquo;amour ? Laissez un assistant StayLance \u00e0 la main verte faire de la magie. <\/span><\/li>\n<\/ul>\n<p><strong><span class=\"fontstyle2\">Vie de famille<\/span><\/strong><\/p>\n<ul>\n<li><span class=\"fontstyle0\">Aide \u00e0 la garde d&rsquo;enfants : donnez-vous plus de temps libre et enrichissez la vie de vos enfants en les accueillant.  <\/span><span class=\"fontstyle0\">StayLancer Des aides qui aiment les enfants. Choisissez des personnes qui parlent des langues ou qui ont des centres d&rsquo;int\u00e9r\u00eat que vous aimeriez avoir.   <\/span><span class=\"fontstyle0\">que vos enfants souhaitent apprendre, comme la musique, la peinture, le jardinage, le sport, etc.<\/span><\/li>\n<li><span class=\"fontstyle0\">T\u00e2ches m\u00e9nag\u00e8res : vider le lave-vaisselle, \u00e9tendre le linge, faire les courses. Avec   <\/span><span class=\"fontstyle0\">enfants et une vie bien remplie, ces t\u00e2ches sont incessantes mais un StayLancer peut vous aider \u00e9norm\u00e9ment. <\/span><span class=\"fontstyle0\">\u00e9norm\u00e9ment !<\/span><\/li>\n<\/ul>\n<p><strong><span class=\"fontstyle2\">Comp\u00e9tences linguistiques et culture<\/span><\/strong><\/p>\n<ul>\n<li><span class=\"fontstyle0\">Vous avez \u00e9tudi\u00e9 une langue, mais vous avez besoin de pratiquer la conversation pour gagner en confiance ? Accueillez un locuteur natif pour vous donner des cours &#8211; le fait qu&rsquo;il puisse \u00e9galement vous faire d\u00e9couvrir l&rsquo;histoire et la culture de son pays d&rsquo;origine est un plus. L&rsquo;autre avantage est que vous pouvez vous immerger en parlant uniquement cette langue \u00e0 la maison avec votre StayLancer et c&rsquo;est la fa\u00e7on la plus rapide d&rsquo;apprendre !  <\/span><\/li>\n<li><span class=\"fontstyle0\">Vous aimez voyager et d\u00e9couvrir de nouvelles cultures, mais vous ne pouvez pas le faire actuellement ? Les Helpers de StayLancer vous permettent de rencontrer des personnes int\u00e9ressantes du monde entier et de d\u00e9couvrir de nouvelles perspectives. Vous pourriez m\u00eame finir par vous lier d&rsquo;amiti\u00e9 avec certains d&rsquo;entre eux et leur rendre visite chez eux !  <\/span><\/li>\n<\/ul>\n<p><strong><span class=\"fontstyle2\">Aide informatique<\/span><\/strong><\/p>\n<ul>\n<li><span class=\"fontstyle0\">Vous avez une petite entreprise ? Vous souhaitez cr\u00e9er un blog ou publier un livre en ligne ? Peut-\u00eatre pourriez-vous utiliser les comp\u00e9tences d&rsquo;un assistant StayLance pour cr\u00e9er ou am\u00e9liorer votre site web, ou d&rsquo;un gourou des m\u00e9dias sociaux pour vous donner des conseils sur la fa\u00e7on d&rsquo;atteindre un public plus large.  <\/span><\/li>\n<\/ul>\n<p><strong><span class=\"fontstyle2\">Int\u00e9r\u00eats et autres comp\u00e9tences<\/span><\/strong><\/p>\n<ul>\n<li><span class=\"fontstyle0\">Apprenez \u00e0 cuisiner un nouveau type de cuisine, \u00e0 jouer de la guitare, \u00e0 chanter magnifiquement ou m\u00eame \u00e0 construire avec des mat\u00e9riaux naturels d&rsquo;\u00e9co-construction. <\/span><span class=\"fontstyle0\">mat\u00e9riaux naturels d&rsquo;\u00e9co-construction.<\/span><\/li>\n<\/ul>\n<p style=\"text-align: center;\"><strong><em><span class=\"fontstyle0\">Avec StayLance, le monde est \u00e0 votre port\u00e9e !<\/span><\/em><\/strong><\/p>\n<p>[\/et_pb_text][\/et_pb_column][\/et_pb_row][\/et_pb_section][et_pb_section fb_built=\u00a0\u00bb1&Prime; admin_label=\u00a0\u00bbPopup &#8211; #download-app\u00a0\u00bb module_id=\u00a0\u00bbdownload-app\u00a0\u00bb module_class=\u00a0\u00bbpopup\u00a0\u00bb _builder_version=\u00a0\u00bb4.27.4&Prime; _module_preset=\u00a0\u00bbdefault\u00a0\u00bb max_width=\u00a0\u00bb700px\u00a0\u00bb da_is_popup=\u00a0\u00bbon\u00a0\u00bb da_popup_slug=\u00a0\u00bbdownload-app\u00a0\u00bb da_disable_devices=\u00a0\u00bboff|off|off\u00a0\u00bb global_colors_info=\u00a0\u00bb{}\u00a0\u00bb da_exit_intent=\u00a0\u00bboff\u00a0\u00bb da_has_close=\u00a0\u00bbon\u00a0\u00bb da_alt_close=\u00a0\u00bboff\u00a0\u00bb da_dark_close=\u00a0\u00bboff\u00a0\u00bb da_not_modal=\u00a0\u00bbon\u00a0\u00bb da_is_singular=\u00a0\u00bboff\u00a0\u00bb da_with_loader=\u00a0\u00bboff\u00a0\u00bb da_has_shadow=\u00a0\u00bbon\u00a0\u00bb][et_pb_row _builder_version=\u00a0\u00bb4.27.4&Prime; _module_preset=\u00a0\u00bbdefault\u00a0\u00bb global_colors_info=\u00a0\u00bb{}\u00a0\u00bb][et_pb_column type=\u00a0\u00bb4_4&Prime; _builder_version=\u00a0\u00bb4.27.4&Prime; _module_preset=\u00a0\u00bbdefault\u00a0\u00bb global_colors_info=\u00a0\u00bb{}\u00a0\u00bb][et_pb_text _builder_version=\u00a0\u00bb4.27.4&Prime; _module_preset=\u00a0\u00bbdefault\u00a0\u00bb header_3_font=\u00a0\u00bb|800|||||||\u00a0\u00bb header_3_font_size=\u00a0\u00bb28px\u00a0\u00bb global_colors_info=\u00a0\u00bb{}\u00a0\u00bb]<\/p>\n<h3 style=\"text-align: center;\">T\u00e9l\u00e9chargez l&rsquo;application<\/h3>\n<p>[\/et_pb_text][\/et_pb_column][\/et_pb_row][et_pb_row column_structure=\u00a0\u00bb1_2,1_2&Prime; _builder_version=\u00a0\u00bb4.27.4&Prime; _module_preset=\u00a0\u00bbdefault\u00a0\u00bb module_alignment=\u00a0\u00bbcenter\u00a0\u00bb custom_margin=\u00a0\u00bb0px|0px|0px|0px|false|false\u00a0\u00bb custom_padding=\u00a0\u00bb0px|0px|0px|0px|false|false\u00a0\u00bb custom_css_main_element=\u00a0\u00bbdisplay: flex;\u00a0\u00bb locked=\u00a0\u00bboff\u00a0\u00bb global_colors_info=\u00a0\u00bb{}\u00a0\u00bb][et_pb_column type=\u00a0\u00bb1_2&Prime; _builder_version=\u00a0\u00bb4.27.4&Prime; _module_preset=\u00a0\u00bbdefault\u00a0\u00bb global_colors_info=\u00a0\u00bb{}\u00a0\u00bb][et_pb_image src=\u00a0\u00bbhttps:\/\/staylance.com\/wp-content\/uploads\/2025\/02\/AppStoreBadge.png\u00a0\u00bb title_text=\u00a0\u00bbBadge AppStore\u00a0\u00bb url=\u00a0\u00bbhttps:\/\/apps.apple.com\/us\/app\/staylance\/id6473647904&Prime; align=\u00a0\u00bbright\u00a0\u00bb _builder_version=\u00a0\u00bb4.27.4&Prime; _module_preset=\u00a0\u00bbdefault\u00a0\u00bb width=\u00a0\u00bb200px\u00a0\u00bb width_tablet=\u00a0\u00bb200px\u00a0\u00bb width_phone=\u00a0\u00bb140px\u00a0\u00bb width_last_edited=\u00a0\u00bbon|tablet\u00a0\u00bb custom_margin=\u00a0\u00bb|5px|||false|false\u00a0\u00bb box_shadow_style=\u00a0\u00bbpreset1&Prime; global_colors_info=\u00a0\u00bb{}\u00a0\u00bb transform_styles__hover_enabled=\u00a0\u00bbon|hover\u00a0\u00bb transform_scale__hover_enabled=\u00a0\u00bbon|hover\u00a0\u00bb transform_translate__hover_enabled=\u00a0\u00bbon|desktop\u00a0\u00bb transform_rotate__hover_enabled=\u00a0\u00bbon|desktop\u00a0\u00bb transform_skew__hover_enabled=\u00a0\u00bbon|desktop\u00a0\u00bb transform_origin__hover_enabled=\u00a0\u00bbon|desktop\u00a0\u00bb transform_scale__hover=\u00a0\u00bb110%|110%\u00a0\u00bb][\/et_pb_image][\/et_pb_column][et_pb_column type=\u00a0\u00bb1_2&Prime; _builder_version=\u00a0\u00bb4.27.4&Prime; _module_preset=\u00a0\u00bbdefault\u00a0\u00bb background_enable_color=\u00a0\u00bboff\u00a0\u00bb global_colors_info=\u00a0\u00bb{}\u00a0\u00bb][et_pb_image src=\u00a0\u00bbhttps:\/\/staylance.com\/wp-content\/uploads\/2025\/02\/GooglePlayBadge.png\u00a0\u00bb title_text=\u00a0\u00bbBadge GooglePlay\u00a0\u00bb url=\u00a0\u00bbhttps:\/\/play.google.com\/store\/apps\/details?id=com.staylanceapp\u00a0\u00bb _builder_version=\u00a0\u00bb4.27.4&Prime; _module_preset=\u00a0\u00bbdefault\u00a0\u00bb width=\u00a0\u00bb200px\u00a0\u00bb width_tablet=\u00a0\u00bb200px\u00a0\u00bb width_phone=\u00a0\u00bb140px\u00a0\u00bb width_last_edited=\u00a0\u00bbon|phone\u00a0\u00bb module_alignment=\u00a0\u00bbleft\u00a0\u00bb custom_margin=\u00a0\u00bb|||5px|false|false\u00a0\u00bb global_colors_info=\u00a0\u00bb{}\u00a0\u00bb transform_styles__hover_enabled=\u00a0\u00bbon|hover\u00a0\u00bb transform_scale__hover_enabled=\u00a0\u00bbon|hover\u00a0\u00bb transform_translate__hover_enabled=\u00a0\u00bbon|desktop\u00a0\u00bb transform_rotate__hover_enabled=\u00a0\u00bbon|desktop\u00a0\u00bb transform_skew__hover_enabled=\u00a0\u00bbon|desktop\u00a0\u00bb transform_origin__hover_enabled=\u00a0\u00bbon|desktop\u00a0\u00bb transform_scale__hover=\u00a0\u00bb110%|110%\u00a0\u00bb][\/et_pb_image][\/et_pb_column][\/et_pb_row][\/et_pb_section]<\/p>\n","protected":false},"excerpt":{"rendered":"<p>H\u00f4tesAccueillir un assistant d&rsquo;\u00e9change de travailVous disposez d&rsquo;un espace pour accueillir, mais vous n&rsquo;avez aucune id\u00e9e du type d&rsquo;aide dont vous pourriez avoir besoin ? Voici comment le fait d&rsquo;accueillir une personne dans le cadre d&rsquo;un \u00e9change de travail pourrait enrichir votre vie : Sant\u00e9 et sports Remise en forme : accueillez un entra\u00eeneur personnel [&hellip;]<\/p>\n","protected":false},"author":2,"featured_media":0,"parent":0,"menu_order":0,"comment_status":"closed","ping_status":"closed","template":"","meta":{"_et_pb_use_builder":"on","_et_pb_old_content":"","_et_gb_content_width":"","footnotes":""},"class_list":["post-695","page","type-page","status-publish","hentry"],"yoast_head":"<!-- This site is optimized with the Yoast SEO plugin v25.2 - https:\/\/yoast.com\/wordpress\/plugins\/seo\/ -->\n<title>Accueillir un participant \u00e0 un \u00e9change de travail<\/title>\n<meta name=\"description\" content=\"Vous avez de l&#039;espace pour accueillir mais vous n&#039;avez aucune id\u00e9e du type d&#039;aide dont vous pourriez avoir besoin ? Voici comment devenir un h\u00f4te StayLance pourrait enrichir votre vie !\" \/>\n<meta name=\"robots\" content=\"index, follow, max-snippet:-1, max-image-preview:large, max-video-preview:-1\" \/>\n<link rel=\"canonical\" href=\"https:\/\/staylance.com\/fr\/hotes\/\" \/>\n<meta property=\"og:locale\" content=\"fr_FR\" \/>\n<meta property=\"og:type\" content=\"article\" \/>\n<meta property=\"og:title\" content=\"Accueillir un participant \u00e0 un \u00e9change de travail\" \/>\n<meta property=\"og:description\" content=\"Vous avez de l&#039;espace pour accueillir mais vous n&#039;avez aucune id\u00e9e du type d&#039;aide dont vous pourriez avoir besoin ? Voici comment devenir un h\u00f4te StayLance pourrait enrichir votre vie !\" \/>\n<meta property=\"og:url\" content=\"https:\/\/staylance.com\/fr\/hotes\/\" \/>\n<meta property=\"og:site_name\" content=\"StayLance\" \/>\n<meta property=\"article:publisher\" content=\"https:\/\/www.facebook.com\/StayLance\/\" \/>\n<meta property=\"article:modified_time\" content=\"2025-02-10T19:46:22+00:00\" \/>\n<meta name=\"twitter:card\" content=\"summary_large_image\" \/>\n<meta name=\"twitter:label1\" content=\"Dur\u00e9e de lecture estim\u00e9e\" \/>\n\t<meta name=\"twitter:data1\" content=\"8 minutes\" \/>\n<script type=\"application\/ld+json\" class=\"yoast-schema-graph\">{\"@context\":\"https:\/\/schema.org\",\"@graph\":[{\"@type\":\"WebPage\",\"@id\":\"https:\/\/staylance.com\/fr\/hotes\/\",\"url\":\"https:\/\/staylance.com\/fr\/hotes\/\",\"name\":\"Accueillir un participant \u00e0 un \u00e9change de travail\",\"isPartOf\":{\"@id\":\"https:\/\/staylance.com\/fr\/#website\"},\"datePublished\":\"2025-02-08T09:56:21+00:00\",\"dateModified\":\"2025-02-10T19:46:22+00:00\",\"description\":\"Vous avez de l'espace pour accueillir mais vous n'avez aucune id\u00e9e du type d'aide dont vous pourriez avoir besoin ? Voici comment devenir un h\u00f4te StayLance pourrait enrichir votre vie !\",\"breadcrumb\":{\"@id\":\"https:\/\/staylance.com\/fr\/hotes\/#breadcrumb\"},\"inLanguage\":\"fr-FR\",\"potentialAction\":[{\"@type\":\"ReadAction\",\"target\":[\"https:\/\/staylance.com\/fr\/hotes\/\"]}]},{\"@type\":\"BreadcrumbList\",\"@id\":\"https:\/\/staylance.com\/fr\/hotes\/#breadcrumb\",\"itemListElement\":[{\"@type\":\"ListItem\",\"position\":1,\"name\":\"Home\",\"item\":\"https:\/\/staylance.com\/fr\/\"},{\"@type\":\"ListItem\",\"position\":2,\"name\":\"H\u00f4tes\"}]},{\"@type\":\"WebSite\",\"@id\":\"https:\/\/staylance.com\/fr\/#website\",\"url\":\"https:\/\/staylance.com\/fr\/\",\"name\":\"StayLance\",\"description\":\"\",\"potentialAction\":[{\"@type\":\"SearchAction\",\"target\":{\"@type\":\"EntryPoint\",\"urlTemplate\":\"https:\/\/staylance.com\/fr\/?s={search_term_string}\"},\"query-input\":{\"@type\":\"PropertyValueSpecification\",\"valueRequired\":true,\"valueName\":\"search_term_string\"}}],\"inLanguage\":\"fr-FR\"}]}<\/script>\n<!-- \/ Yoast SEO plugin. -->","yoast_head_json":{"title":"Accueillir un participant \u00e0 un \u00e9change de travail","description":"Vous avez de l'espace pour accueillir mais vous n'avez aucune id\u00e9e du type d'aide dont vous pourriez avoir besoin ? Voici comment devenir un h\u00f4te StayLance pourrait enrichir votre vie !","robots":{"index":"index","follow":"follow","max-snippet":"max-snippet:-1","max-image-preview":"max-image-preview:large","max-video-preview":"max-video-preview:-1"},"canonical":"https:\/\/staylance.com\/fr\/hotes\/","og_locale":"fr_FR","og_type":"article","og_title":"Accueillir un participant \u00e0 un \u00e9change de travail","og_description":"Vous avez de l'espace pour accueillir mais vous n'avez aucune id\u00e9e du type d'aide dont vous pourriez avoir besoin ? Voici comment devenir un h\u00f4te StayLance pourrait enrichir votre vie !","og_url":"https:\/\/staylance.com\/fr\/hotes\/","og_site_name":"StayLance","article_publisher":"https:\/\/www.facebook.com\/StayLance\/","article_modified_time":"2025-02-10T19:46:22+00:00","twitter_card":"summary_large_image","twitter_misc":{"Dur\u00e9e de lecture estim\u00e9e":"8 minutes"},"schema":{"@context":"https:\/\/schema.org","@graph":[{"@type":"WebPage","@id":"https:\/\/staylance.com\/fr\/hotes\/","url":"https:\/\/staylance.com\/fr\/hotes\/","name":"Accueillir un participant \u00e0 un \u00e9change de travail","isPartOf":{"@id":"https:\/\/staylance.com\/fr\/#website"},"datePublished":"2025-02-08T09:56:21+00:00","dateModified":"2025-02-10T19:46:22+00:00","description":"Vous avez de l'espace pour accueillir mais vous n'avez aucune id\u00e9e du type d'aide dont vous pourriez avoir besoin ? Voici comment devenir un h\u00f4te StayLance pourrait enrichir votre vie !","breadcrumb":{"@id":"https:\/\/staylance.com\/fr\/hotes\/#breadcrumb"},"inLanguage":"fr-FR","potentialAction":[{"@type":"ReadAction","target":["https:\/\/staylance.com\/fr\/hotes\/"]}]},{"@type":"BreadcrumbList","@id":"https:\/\/staylance.com\/fr\/hotes\/#breadcrumb","itemListElement":[{"@type":"ListItem","position":1,"name":"Home","item":"https:\/\/staylance.com\/fr\/"},{"@type":"ListItem","position":2,"name":"H\u00f4tes"}]},{"@type":"WebSite","@id":"https:\/\/staylance.com\/fr\/#website","url":"https:\/\/staylance.com\/fr\/","name":"StayLance","description":"","potentialAction":[{"@type":"SearchAction","target":{"@type":"EntryPoint","urlTemplate":"https:\/\/staylance.com\/fr\/?s={search_term_string}"},"query-input":{"@type":"PropertyValueSpecification","valueRequired":true,"valueName":"search_term_string"}}],"inLanguage":"fr-FR"}]}},"_links":{"self":[{"href":"https:\/\/staylance.com\/fr\/wp-json\/wp\/v2\/pages\/695","targetHints":{"allow":["GET"]}}],"collection":[{"href":"https:\/\/staylance.com\/fr\/wp-json\/wp\/v2\/pages"}],"about":[{"href":"https:\/\/staylance.com\/fr\/wp-json\/wp\/v2\/types\/page"}],"author":[{"embeddable":true,"href":"https:\/\/staylance.com\/fr\/wp-json\/wp\/v2\/users\/2"}],"replies":[{"embeddable":true,"href":"https:\/\/staylance.com\/fr\/wp-json\/wp\/v2\/comments?post=695"}],"version-history":[{"count":2,"href":"https:\/\/staylance.com\/fr\/wp-json\/wp\/v2\/pages\/695\/revisions"}],"predecessor-version":[{"id":700,"href":"https:\/\/staylance.com\/fr\/wp-json\/wp\/v2\/pages\/695\/revisions\/700"}],"wp:attachment":[{"href":"https:\/\/staylance.com\/fr\/wp-json\/wp\/v2\/media?parent=695"}],"curies":[{"name":"wp","href":"https:\/\/api.w.org\/{rel}","templated":true}]}}