{"id":688,"date":"2025-02-08T17:23:36","date_gmt":"2025-02-08T16:23:36","guid":{"rendered":"https:\/\/staylance.com\/aides\/"},"modified":"2025-02-11T18:02:22","modified_gmt":"2025-02-11T17:02:22","slug":"echangeur","status":"publish","type":"page","link":"https:\/\/staylance.com\/fr\/echangeur\/","title":{"rendered":"\u00c9changeur"},"content":{"rendered":"<p>[et_pb_section fb_built=\u00a0\u00bb1&Prime; admin_label=\u00a0\u00bbSection\u00a0\u00bb _builder_version=\u00a0\u00bb4.27.4&Prime; _module_preset=\u00a0\u00bbdefault\u00a0\u00bb background_image=\u00a0\u00bbhttps:\/\/staylance.com\/wp-content\/uploads\/2025\/02\/helpers1.webp\u00a0\u00bb min_height=\u00a0\u00bb75vh\u00a0\u00bb custom_css_main_element=\u00a0\u00bbdisplay: flex;||justify-content: center;||align-items:center;||flex-direction: column;\u00a0\u00bb da_disable_devices=\u00a0\u00bboff|off|off\u00a0\u00bb global_colors_info=\u00a0\u00bb{}\u00a0\u00bb da_is_popup=\u00a0\u00bboff\u00a0\u00bb da_exit_intent=\u00a0\u00bboff\u00a0\u00bb da_has_close=\u00a0\u00bbon\u00a0\u00bb da_alt_close=\u00a0\u00bboff\u00a0\u00bb da_dark_close=\u00a0\u00bboff\u00a0\u00bb da_not_modal=\u00a0\u00bbon\u00a0\u00bb da_is_singular=\u00a0\u00bboff\u00a0\u00bb da_with_loader=\u00a0\u00bboff\u00a0\u00bb da_has_shadow=\u00a0\u00bbon\u00a0\u00bb][et_pb_row _builder_version=\u00a0\u00bb4.27.4&Prime; _module_preset=\u00a0\u00bbdefault\u00a0\u00bb custom_margin=\u00a0\u00bb0px||0px||false|false\u00a0\u00bb global_colors_info=\u00a0\u00bb{}\u00a0\u00bb][et_pb_column type=\u00a0\u00bb4_4&Prime; _builder_version=\u00a0\u00bb4.27.4&Prime; _module_preset=\u00a0\u00bbdefault\u00a0\u00bb global_colors_info=\u00a0\u00bb{}\u00a0\u00bb][et_pb_text _builder_version=\u00a0\u00bb4.27.4&Prime; _module_preset=\u00a0\u00bbdefault\u00a0\u00bb text_text_color=\u00a0\u00bb#FFFFFF\u00a0\u00bb header_font=\u00a0\u00bb|700||on|||||\u00a0\u00bb header_text_color=\u00a0\u00bb#FFFFFF\u00a0\u00bb header_font_size=\u00a0\u00bb70px\u00a0\u00bb header_font_size_tablet=\u00a0\u00bb60px\u00a0\u00bb header_font_size_phone=\u00a0\u00bb50px\u00a0\u00bb header_font_size_last_edited=\u00a0\u00bbon|phone\u00a0\u00bb header_text_shadow_style=\u00a0\u00bbpreset1&Prime; global_colors_info=\u00a0\u00bb{}\u00a0\u00bb]<\/p>\n<h1 style=\"text-align: center;\"><span>\u00c9changeur<\/span><\/h1>\n<p>[\/et_pb_text][\/et_pb_column][\/et_pb_row][et_pb_row column_structure=\u00a0\u00bb1_2,1_2&Prime; _builder_version=\u00a0\u00bb4.27.4&Prime; _module_preset=\u00a0\u00bbdefault\u00a0\u00bb module_alignment=\u00a0\u00bbcenter\u00a0\u00bb custom_margin=\u00a0\u00bb0px|0px|0px|0px|false|false\u00a0\u00bb custom_padding=\u00a0\u00bb0px|0px|0px|0px|false|false\u00a0\u00bb custom_css_main_element=\u00a0\u00bbdisplay: flex;\u00a0\u00bb global_colors_info=\u00a0\u00bb{}\u00a0\u00bb][et_pb_column type=\u00a0\u00bb1_2&Prime; _builder_version=\u00a0\u00bb4.27.4&Prime; _module_preset=\u00a0\u00bbdefault\u00a0\u00bb global_colors_info=\u00a0\u00bb{}\u00a0\u00bb][et_pb_image src=\u00a0\u00bbhttps:\/\/staylance.com\/wp-content\/uploads\/2025\/02\/AppStoreBadge.png\u00a0\u00bb title_text=\u00a0\u00bbBadge AppStore\u00a0\u00bb url=\u00a0\u00bbhttps:\/\/apps.apple.com\/us\/app\/staylance\/id6473647904&Prime; align=\u00a0\u00bbright\u00a0\u00bb _builder_version=\u00a0\u00bb4.27.4&Prime; _module_preset=\u00a0\u00bbdefault\u00a0\u00bb width=\u00a0\u00bb200px\u00a0\u00bb width_tablet=\u00a0\u00bb200px\u00a0\u00bb width_phone=\u00a0\u00bb140px\u00a0\u00bb width_last_edited=\u00a0\u00bbon|tablet\u00a0\u00bb custom_margin=\u00a0\u00bb|5px|||false|false\u00a0\u00bb box_shadow_style=\u00a0\u00bbpreset1&Prime; global_colors_info=\u00a0\u00bb{}\u00a0\u00bb transform_styles__hover_enabled=\u00a0\u00bbon|hover\u00a0\u00bb transform_scale__hover_enabled=\u00a0\u00bbon|hover\u00a0\u00bb transform_translate__hover_enabled=\u00a0\u00bbon|desktop\u00a0\u00bb transform_rotate__hover_enabled=\u00a0\u00bbon|desktop\u00a0\u00bb transform_skew__hover_enabled=\u00a0\u00bbon|desktop\u00a0\u00bb transform_origin__hover_enabled=\u00a0\u00bbon|desktop\u00a0\u00bb transform_scale__hover=\u00a0\u00bb110%|110%\u00a0\u00bb][\/et_pb_image][\/et_pb_column][et_pb_column type=\u00a0\u00bb1_2&Prime; _builder_version=\u00a0\u00bb4.27.4&Prime; _module_preset=\u00a0\u00bbdefault\u00a0\u00bb background_enable_color=\u00a0\u00bboff\u00a0\u00bb global_colors_info=\u00a0\u00bb{}\u00a0\u00bb][et_pb_image src=\u00a0\u00bbhttps:\/\/staylance.com\/wp-content\/uploads\/2025\/02\/GooglePlayBadge.png\u00a0\u00bb title_text=\u00a0\u00bbBadge GooglePlay\u00a0\u00bb url=\u00a0\u00bbhttps:\/\/play.google.com\/store\/apps\/details?id=com.staylanceapp\u00a0\u00bb _builder_version=\u00a0\u00bb4.27.4&Prime; _module_preset=\u00a0\u00bbdefault\u00a0\u00bb width=\u00a0\u00bb200px\u00a0\u00bb width_tablet=\u00a0\u00bb200px\u00a0\u00bb width_phone=\u00a0\u00bb140px\u00a0\u00bb width_last_edited=\u00a0\u00bbon|phone\u00a0\u00bb module_alignment=\u00a0\u00bbleft\u00a0\u00bb custom_margin=\u00a0\u00bb|||5px|false|false\u00a0\u00bb global_colors_info=\u00a0\u00bb{}\u00a0\u00bb transform_styles__hover_enabled=\u00a0\u00bbon|hover\u00a0\u00bb transform_scale__hover_enabled=\u00a0\u00bbon|hover\u00a0\u00bb transform_translate__hover_enabled=\u00a0\u00bbon|desktop\u00a0\u00bb transform_rotate__hover_enabled=\u00a0\u00bbon|desktop\u00a0\u00bb transform_skew__hover_enabled=\u00a0\u00bbon|desktop\u00a0\u00bb transform_origin__hover_enabled=\u00a0\u00bbon|desktop\u00a0\u00bb transform_scale__hover=\u00a0\u00bb110%|110%\u00a0\u00bb][\/et_pb_image][\/et_pb_column][\/et_pb_row][\/et_pb_section][et_pb_section fb_built=\u00a0\u00bb1&Prime; admin_label=\u00a0\u00bbSection\u00a0\u00bb _builder_version=\u00a0\u00bb4.27.4&Prime; _module_preset=\u00a0\u00bbdefault\u00a0\u00bb background_image=\u00a0\u00bbhttps:\/\/staylance.com\/wp-content\/uploads\/2025\/02\/background.png\u00a0\u00bb custom_padding=\u00a0\u00bb||0px|||\u00a0\u00bb da_disable_devices=\u00a0\u00bboff|off|off\u00a0\u00bb global_colors_info=\u00a0\u00bb{}\u00a0\u00bb da_is_popup=\u00a0\u00bboff\u00a0\u00bb da_exit_intent=\u00a0\u00bboff\u00a0\u00bb da_has_close=\u00a0\u00bbon\u00a0\u00bb da_alt_close=\u00a0\u00bboff\u00a0\u00bb da_dark_close=\u00a0\u00bboff\u00a0\u00bb da_not_modal=\u00a0\u00bbon\u00a0\u00bb da_is_singular=\u00a0\u00bboff\u00a0\u00bb da_with_loader=\u00a0\u00bboff\u00a0\u00bb da_has_shadow=\u00a0\u00bbon\u00a0\u00bb][et_pb_row _builder_version=\u00a0\u00bb4.27.4&Prime; _module_preset=\u00a0\u00bbdefault\u00a0\u00bb custom_padding=\u00a0\u00bb0px||||false|false\u00a0\u00bb global_colors_info=\u00a0\u00bb{}\u00a0\u00bb][et_pb_column type=\u00a0\u00bb4_4&Prime; _builder_version=\u00a0\u00bb4.27.4&Prime; _module_preset=\u00a0\u00bbdefault\u00a0\u00bb global_colors_info=\u00a0\u00bb{}\u00a0\u00bb][et_pb_text _builder_version=\u00a0\u00bb4.27.4&Prime; _module_preset=\u00a0\u00bbdefault\u00a0\u00bb global_colors_info=\u00a0\u00bb{}\u00a0\u00bb]<\/p>\n<h2><span class=\"fontstyle0\"><span style=\"color: #50dab0;\"><\/span><\/span><\/h2>\n<h2><span class=\"fontstyle0\"><span style=\"color: #50dab0;\">Aider <\/span><\/span><span class=\"fontstyle0\">un h\u00f4te d&rsquo;\u00e9change de travail<\/span><\/h2>\n<p>[\/et_pb_text][et_pb_text _builder_version=\u00a0\u00bb4.27.4&Prime; _module_preset=\u00a0\u00bbdefault\u00a0\u00bb global_colors_info=\u00a0\u00bb{}\u00a0\u00bb]<\/p>\n<p>Utilisez vos comp\u00e9tences pour voyager autrement. Les avantages d&rsquo;\u00eatre un StayLance Helper : <\/p>\n<p><strong>\u00c9conomisez de l&rsquo;argent, voyagez plus longtemps !<\/strong><\/p>\n<p><em>Vous aimeriez voyager pendant des mois ou des ann\u00e9es, mais vous ne pouvez pas vous permettre de d\u00e9penser toutes vos \u00e9conomies en auberges de jeunesse et en nourriture. <\/em><em>et la nourriture ?<\/em><\/p>\n<p>\u00catre StayLance Helper est le moyen id\u00e9al de voyager plus loin avec un budget limit\u00e9 : vous travaillez environ 20 heures par semaine dans un domaine qui vous pla\u00eet et vous \u00eates log\u00e9 et nourri en \u00e9change. Cela vous ouvre un monde de possibilit\u00e9s, car vous pouvez : <\/p>\n<ul>\n<li>passer tout votre temps libre \u00e0 explorer, \u00e0 faire du tourisme et \u00e0 vous impr\u00e9gner de la culture locale<\/li>\n<li>rencontrer des personnes int\u00e9ressantes et anim\u00e9es du m\u00eame esprit (d&rsquo;autres b\u00e9n\u00e9voles et vos h\u00f4tes)<\/li>\n<li>D\u00e9couvrez un mode de vie diff\u00e9rent<\/li>\n<li>am\u00e9liorer vos comp\u00e9tences actuelles et en acqu\u00e9rir de nouvelles<\/li>\n<li>apprendre de nouvelles langues<\/li>\n<li>\u00e9viter la \u00ab\u00a0fatigue du voyage\u00a0\u00bb due au fait d&rsquo;\u00eatre constamment en mouvement<\/li>\n<li>obtenir des conseils de vos h\u00f4tes sur les meilleurs endroits \u00e0 visiter dans la r\u00e9gion<\/li>\n<\/ul>\n<p><strong>Commencez \u00e0 prendre des vacances plus originales<\/strong><\/p>\n<p><em>Vous \u00eates un professionnel qualifi\u00e9 et vous n&rsquo;avez rien pr\u00e9vu pour vos prochaines vacances ? Ou bien vous \u00eates en cong\u00e9 sabbatique \/ en&#8230; <\/em><br \/><em>entre deux emplois ?<\/em><\/p>\n<p>Utilisez vos comp\u00e9tences \u00e0 votre avantage avec StayLance et partez pour des vacances uniques, en logeant chez des personnes int\u00e9ressantes dans des endroits magnifiques, dans le pays de votre choix. Vous pouvez travailler quelques heures par semaine en \u00e9change d&rsquo;une pension compl\u00e8te et d&rsquo;un h\u00e9bergement. De plus, vous n&rsquo;aurez pas besoin de partir seul, car de nombreux h\u00f4tes seront heureux que vous emmeniez un ami ou un partenaire et m\u00eame vos enfants &#8211; id\u00e9al si votre h\u00f4te a \u00e9galement des enfants avec lesquels ils peuvent jouer ! StayLance vous permet de :   <\/p>\n<ul>\n<li>visiter des endroits que vous avez toujours r\u00eav\u00e9 de visiter dans une atmosph\u00e8re accueillante et familiale (par exemple, des endroits sauvages o\u00f9 il n&rsquo;y a pas d&rsquo;autres possibilit\u00e9s d&rsquo;h\u00e9bergement)<\/li>\n<li>faire l&rsquo;exp\u00e9rience d&rsquo;une autre culture, s\u00e9journer avec des personnes partageant les m\u00eames id\u00e9es (qui deviendront peut-\u00eatre vos meilleurs amis !) et explorer pendant votre temps libre<\/li>\n<li>essayez de vivre dans un autre pays si vous envisagez de vous y installer et restez avec des expatri\u00e9s qui peuvent vous faire part de leur exp\u00e9rience<\/li>\n<li>apprendre une langue que vous avez toujours voulu apprendre ou am\u00e9liorer<\/li>\n<li>continuer \u00e0 acqu\u00e9rir une exp\u00e9rience professionnelle dans votre domaine (si c&rsquo;est important pour vous)<\/li>\n<\/ul>\n<p><strong>Utilisez votre cr\u00e9ativit\u00e9 pour voyager et rencontrer d&rsquo;autres personnes cr\u00e9atives.<\/strong><\/p>\n<p><em>Vous \u00eates artiste, musicien, \u00e9crivain, chanteur ou acteur ?<\/em><\/p>\n<p>Partagez vos talents cr\u00e9atifs avec des personnes qui aimeraient apprendre de vous ! Qui sait, peut-\u00eatre qu&rsquo;une collaboration \u00e9tonnante ou un travail continu pourrait en r\u00e9sulter&#8230;&#8230; <\/p>\n<p><span class=\"fontstyle0\"><\/span><span class=\"fontstyle0\"><\/span><\/p>\n<h4 style=\"text-align: center;\"><\/h4>\n<p>[\/et_pb_text][\/et_pb_column][\/et_pb_row][\/et_pb_section][et_pb_section fb_built=\u00a0\u00bb1&Prime; admin_label=\u00a0\u00bbPopup &#8211; #download-app\u00a0\u00bb module_id=\u00a0\u00bbdownload-app\u00a0\u00bb module_class=\u00a0\u00bbpopup\u00a0\u00bb _builder_version=\u00a0\u00bb4.27.4&Prime; _module_preset=\u00a0\u00bbdefault\u00a0\u00bb max_width=\u00a0\u00bb700px\u00a0\u00bb da_is_popup=\u00a0\u00bbon\u00a0\u00bb da_popup_slug=\u00a0\u00bbdownload-app\u00a0\u00bb da_disable_devices=\u00a0\u00bboff|off|off\u00a0\u00bb global_colors_info=\u00a0\u00bb{}\u00a0\u00bb da_exit_intent=\u00a0\u00bboff\u00a0\u00bb da_has_close=\u00a0\u00bbon\u00a0\u00bb da_alt_close=\u00a0\u00bboff\u00a0\u00bb da_dark_close=\u00a0\u00bboff\u00a0\u00bb da_not_modal=\u00a0\u00bbon\u00a0\u00bb da_is_singular=\u00a0\u00bboff\u00a0\u00bb da_with_loader=\u00a0\u00bboff\u00a0\u00bb da_has_shadow=\u00a0\u00bbon\u00a0\u00bb][et_pb_row _builder_version=\u00a0\u00bb4.27.4&Prime; _module_preset=\u00a0\u00bbdefault\u00a0\u00bb global_colors_info=\u00a0\u00bb{}\u00a0\u00bb][et_pb_column type=\u00a0\u00bb4_4&Prime; _builder_version=\u00a0\u00bb4.27.4&Prime; _module_preset=\u00a0\u00bbdefault\u00a0\u00bb global_colors_info=\u00a0\u00bb{}\u00a0\u00bb][et_pb_text _builder_version=\u00a0\u00bb4.27.4&Prime; _module_preset=\u00a0\u00bbdefault\u00a0\u00bb header_3_font=\u00a0\u00bb|800|||||||\u00a0\u00bb header_3_font_size=\u00a0\u00bb28px\u00a0\u00bb global_colors_info=\u00a0\u00bb{}\u00a0\u00bb]<\/p>\n<h3 style=\"text-align: center;\">T\u00e9l\u00e9chargez l&rsquo;application<\/h3>\n<p>[\/et_pb_text][\/et_pb_column][\/et_pb_row][et_pb_row column_structure=\u00a0\u00bb1_2,1_2&Prime; _builder_version=\u00a0\u00bb4.27.4&Prime; _module_preset=\u00a0\u00bbdefault\u00a0\u00bb module_alignment=\u00a0\u00bbcenter\u00a0\u00bb custom_margin=\u00a0\u00bb0px|0px|0px|0px|false|false\u00a0\u00bb custom_padding=\u00a0\u00bb0px|0px|0px|0px|false|false\u00a0\u00bb custom_css_main_element=\u00a0\u00bbdisplay: flex;\u00a0\u00bb locked=\u00a0\u00bboff\u00a0\u00bb global_colors_info=\u00a0\u00bb{}\u00a0\u00bb][et_pb_column type=\u00a0\u00bb1_2&Prime; _builder_version=\u00a0\u00bb4.27.4&Prime; _module_preset=\u00a0\u00bbdefault\u00a0\u00bb global_colors_info=\u00a0\u00bb{}\u00a0\u00bb][et_pb_image src=\u00a0\u00bbhttps:\/\/staylance.com\/wp-content\/uploads\/2025\/02\/AppStoreBadge.png\u00a0\u00bb title_text=\u00a0\u00bbBadge AppStore\u00a0\u00bb url=\u00a0\u00bbhttps:\/\/apps.apple.com\/us\/app\/staylance\/id6473647904&Prime; align=\u00a0\u00bbright\u00a0\u00bb _builder_version=\u00a0\u00bb4.27.4&Prime; _module_preset=\u00a0\u00bbdefault\u00a0\u00bb width=\u00a0\u00bb200px\u00a0\u00bb width_tablet=\u00a0\u00bb200px\u00a0\u00bb width_phone=\u00a0\u00bb140px\u00a0\u00bb width_last_edited=\u00a0\u00bbon|tablet\u00a0\u00bb custom_margin=\u00a0\u00bb|5px|||false|false\u00a0\u00bb box_shadow_style=\u00a0\u00bbpreset1&Prime; global_colors_info=\u00a0\u00bb{}\u00a0\u00bb transform_styles__hover_enabled=\u00a0\u00bbon|hover\u00a0\u00bb transform_scale__hover_enabled=\u00a0\u00bbon|hover\u00a0\u00bb transform_translate__hover_enabled=\u00a0\u00bbon|desktop\u00a0\u00bb transform_rotate__hover_enabled=\u00a0\u00bbon|desktop\u00a0\u00bb transform_skew__hover_enabled=\u00a0\u00bbon|desktop\u00a0\u00bb transform_origin__hover_enabled=\u00a0\u00bbon|desktop\u00a0\u00bb transform_scale__hover=\u00a0\u00bb110%|110%\u00a0\u00bb][\/et_pb_image][\/et_pb_column][et_pb_column type=\u00a0\u00bb1_2&Prime; _builder_version=\u00a0\u00bb4.27.4&Prime; _module_preset=\u00a0\u00bbdefault\u00a0\u00bb background_enable_color=\u00a0\u00bboff\u00a0\u00bb global_colors_info=\u00a0\u00bb{}\u00a0\u00bb][et_pb_image src=\u00a0\u00bbhttps:\/\/staylance.com\/wp-content\/uploads\/2025\/02\/GooglePlayBadge.png\u00a0\u00bb title_text=\u00a0\u00bbBadge GooglePlay\u00a0\u00bb url=\u00a0\u00bbhttps:\/\/play.google.com\/store\/apps\/details?id=com.staylanceapp\u00a0\u00bb _builder_version=\u00a0\u00bb4.27.4&Prime; _module_preset=\u00a0\u00bbdefault\u00a0\u00bb width=\u00a0\u00bb200px\u00a0\u00bb width_tablet=\u00a0\u00bb200px\u00a0\u00bb width_phone=\u00a0\u00bb140px\u00a0\u00bb width_last_edited=\u00a0\u00bbon|phone\u00a0\u00bb module_alignment=\u00a0\u00bbleft\u00a0\u00bb custom_margin=\u00a0\u00bb|||5px|false|false\u00a0\u00bb global_colors_info=\u00a0\u00bb{}\u00a0\u00bb transform_styles__hover_enabled=\u00a0\u00bbon|hover\u00a0\u00bb transform_scale__hover_enabled=\u00a0\u00bbon|hover\u00a0\u00bb transform_translate__hover_enabled=\u00a0\u00bbon|desktop\u00a0\u00bb transform_rotate__hover_enabled=\u00a0\u00bbon|desktop\u00a0\u00bb transform_skew__hover_enabled=\u00a0\u00bbon|desktop\u00a0\u00bb transform_origin__hover_enabled=\u00a0\u00bbon|desktop\u00a0\u00bb transform_scale__hover=\u00a0\u00bb110%|110%\u00a0\u00bb][\/et_pb_image][\/et_pb_column][\/et_pb_row][\/et_pb_section]<\/p>\n","protected":false},"excerpt":{"rendered":"<p>\u00c9changeur Aider un h\u00f4te d&rsquo;\u00e9change de travailUtilisez vos comp\u00e9tences pour voyager autrement. Les avantages d&rsquo;\u00eatre un StayLance Helper : \u00c9conomisez de l&rsquo;argent, voyagez plus longtemps ! Vous aimeriez voyager pendant des mois ou des ann\u00e9es, mais vous ne pouvez pas vous permettre de d\u00e9penser toutes vos \u00e9conomies en auberges de jeunesse et en nourriture. et [&hellip;]<\/p>\n","protected":false},"author":2,"featured_media":0,"parent":0,"menu_order":0,"comment_status":"closed","ping_status":"closed","template":"","meta":{"_et_pb_use_builder":"on","_et_pb_old_content":"","_et_gb_content_width":"","footnotes":""},"class_list":["post-688","page","type-page","status-publish","hentry"],"yoast_head":"<!-- This site is optimized with the Yoast SEO plugin v25.2 - https:\/\/yoast.com\/wordpress\/plugins\/seo\/ -->\n<title>Aider un h\u00f4te d&#039;\u00e9change de travail<\/title>\n<meta name=\"description\" content=\"StayLancing est le moyen id\u00e9al de voyager plus loin avec un budget limit\u00e9 ! Vous faites quelque chose qui vous pla\u00eet et vous \u00eates log\u00e9 et nourri en retour !\" \/>\n<meta name=\"robots\" content=\"index, follow, max-snippet:-1, max-image-preview:large, max-video-preview:-1\" \/>\n<link rel=\"canonical\" href=\"https:\/\/staylance.com\/fr\/echangeur\/\" \/>\n<meta property=\"og:locale\" content=\"fr_FR\" \/>\n<meta property=\"og:type\" content=\"article\" \/>\n<meta property=\"og:title\" content=\"Aider un h\u00f4te d&#039;\u00e9change de travail\" \/>\n<meta property=\"og:description\" content=\"StayLancing est le moyen id\u00e9al de voyager plus loin avec un budget limit\u00e9 ! Vous faites quelque chose qui vous pla\u00eet et vous \u00eates log\u00e9 et nourri en retour !\" \/>\n<meta property=\"og:url\" content=\"https:\/\/staylance.com\/fr\/echangeur\/\" \/>\n<meta property=\"og:site_name\" content=\"StayLance\" \/>\n<meta property=\"article:publisher\" content=\"https:\/\/www.facebook.com\/StayLance\/\" \/>\n<meta property=\"article:modified_time\" content=\"2025-02-11T17:02:22+00:00\" \/>\n<meta name=\"twitter:card\" content=\"summary_large_image\" \/>\n<meta name=\"twitter:label1\" content=\"Dur\u00e9e de lecture estim\u00e9e\" \/>\n\t<meta name=\"twitter:data1\" content=\"7 minutes\" \/>\n<script type=\"application\/ld+json\" class=\"yoast-schema-graph\">{\"@context\":\"https:\/\/schema.org\",\"@graph\":[{\"@type\":\"WebPage\",\"@id\":\"https:\/\/staylance.com\/fr\/echangeur\/\",\"url\":\"https:\/\/staylance.com\/fr\/echangeur\/\",\"name\":\"Aider un h\u00f4te d'\u00e9change de travail\",\"isPartOf\":{\"@id\":\"https:\/\/staylance.com\/fr\/#website\"},\"datePublished\":\"2025-02-08T16:23:36+00:00\",\"dateModified\":\"2025-02-11T17:02:22+00:00\",\"description\":\"StayLancing est le moyen id\u00e9al de voyager plus loin avec un budget limit\u00e9 ! Vous faites quelque chose qui vous pla\u00eet et vous \u00eates log\u00e9 et nourri en retour !\",\"breadcrumb\":{\"@id\":\"https:\/\/staylance.com\/fr\/echangeur\/#breadcrumb\"},\"inLanguage\":\"fr-FR\",\"potentialAction\":[{\"@type\":\"ReadAction\",\"target\":[\"https:\/\/staylance.com\/fr\/echangeur\/\"]}]},{\"@type\":\"BreadcrumbList\",\"@id\":\"https:\/\/staylance.com\/fr\/echangeur\/#breadcrumb\",\"itemListElement\":[{\"@type\":\"ListItem\",\"position\":1,\"name\":\"Home\",\"item\":\"https:\/\/staylance.com\/fr\/\"},{\"@type\":\"ListItem\",\"position\":2,\"name\":\"\u00c9changeur\"}]},{\"@type\":\"WebSite\",\"@id\":\"https:\/\/staylance.com\/fr\/#website\",\"url\":\"https:\/\/staylance.com\/fr\/\",\"name\":\"StayLance\",\"description\":\"\",\"potentialAction\":[{\"@type\":\"SearchAction\",\"target\":{\"@type\":\"EntryPoint\",\"urlTemplate\":\"https:\/\/staylance.com\/fr\/?s={search_term_string}\"},\"query-input\":{\"@type\":\"PropertyValueSpecification\",\"valueRequired\":true,\"valueName\":\"search_term_string\"}}],\"inLanguage\":\"fr-FR\"}]}<\/script>\n<!-- \/ Yoast SEO plugin. -->","yoast_head_json":{"title":"Aider un h\u00f4te d'\u00e9change de travail","description":"StayLancing est le moyen id\u00e9al de voyager plus loin avec un budget limit\u00e9 ! Vous faites quelque chose qui vous pla\u00eet et vous \u00eates log\u00e9 et nourri en retour !","robots":{"index":"index","follow":"follow","max-snippet":"max-snippet:-1","max-image-preview":"max-image-preview:large","max-video-preview":"max-video-preview:-1"},"canonical":"https:\/\/staylance.com\/fr\/echangeur\/","og_locale":"fr_FR","og_type":"article","og_title":"Aider un h\u00f4te d'\u00e9change de travail","og_description":"StayLancing est le moyen id\u00e9al de voyager plus loin avec un budget limit\u00e9 ! Vous faites quelque chose qui vous pla\u00eet et vous \u00eates log\u00e9 et nourri en retour !","og_url":"https:\/\/staylance.com\/fr\/echangeur\/","og_site_name":"StayLance","article_publisher":"https:\/\/www.facebook.com\/StayLance\/","article_modified_time":"2025-02-11T17:02:22+00:00","twitter_card":"summary_large_image","twitter_misc":{"Dur\u00e9e de lecture estim\u00e9e":"7 minutes"},"schema":{"@context":"https:\/\/schema.org","@graph":[{"@type":"WebPage","@id":"https:\/\/staylance.com\/fr\/echangeur\/","url":"https:\/\/staylance.com\/fr\/echangeur\/","name":"Aider un h\u00f4te d'\u00e9change de travail","isPartOf":{"@id":"https:\/\/staylance.com\/fr\/#website"},"datePublished":"2025-02-08T16:23:36+00:00","dateModified":"2025-02-11T17:02:22+00:00","description":"StayLancing est le moyen id\u00e9al de voyager plus loin avec un budget limit\u00e9 ! Vous faites quelque chose qui vous pla\u00eet et vous \u00eates log\u00e9 et nourri en retour !","breadcrumb":{"@id":"https:\/\/staylance.com\/fr\/echangeur\/#breadcrumb"},"inLanguage":"fr-FR","potentialAction":[{"@type":"ReadAction","target":["https:\/\/staylance.com\/fr\/echangeur\/"]}]},{"@type":"BreadcrumbList","@id":"https:\/\/staylance.com\/fr\/echangeur\/#breadcrumb","itemListElement":[{"@type":"ListItem","position":1,"name":"Home","item":"https:\/\/staylance.com\/fr\/"},{"@type":"ListItem","position":2,"name":"\u00c9changeur"}]},{"@type":"WebSite","@id":"https:\/\/staylance.com\/fr\/#website","url":"https:\/\/staylance.com\/fr\/","name":"StayLance","description":"","potentialAction":[{"@type":"SearchAction","target":{"@type":"EntryPoint","urlTemplate":"https:\/\/staylance.com\/fr\/?s={search_term_string}"},"query-input":{"@type":"PropertyValueSpecification","valueRequired":true,"valueName":"search_term_string"}}],"inLanguage":"fr-FR"}]}},"_links":{"self":[{"href":"https:\/\/staylance.com\/fr\/wp-json\/wp\/v2\/pages\/688","targetHints":{"allow":["GET"]}}],"collection":[{"href":"https:\/\/staylance.com\/fr\/wp-json\/wp\/v2\/pages"}],"about":[{"href":"https:\/\/staylance.com\/fr\/wp-json\/wp\/v2\/types\/page"}],"author":[{"embeddable":true,"href":"https:\/\/staylance.com\/fr\/wp-json\/wp\/v2\/users\/2"}],"replies":[{"embeddable":true,"href":"https:\/\/staylance.com\/fr\/wp-json\/wp\/v2\/comments?post=688"}],"version-history":[{"count":5,"href":"https:\/\/staylance.com\/fr\/wp-json\/wp\/v2\/pages\/688\/revisions"}],"predecessor-version":[{"id":795,"href":"https:\/\/staylance.com\/fr\/wp-json\/wp\/v2\/pages\/688\/revisions\/795"}],"wp:attachment":[{"href":"https:\/\/staylance.com\/fr\/wp-json\/wp\/v2\/media?parent=688"}],"curies":[{"name":"wp","href":"https:\/\/api.w.org\/{rel}","templated":true}]}}