{"id":691,"date":"2025-02-08T10:56:21","date_gmt":"2025-02-08T09:56:21","guid":{"rendered":"https:\/\/staylance.com\/anfitriones\/"},"modified":"2025-02-10T20:46:21","modified_gmt":"2025-02-10T19:46:21","slug":"anfitriones","status":"publish","type":"page","link":"https:\/\/staylance.com\/es\/anfitriones\/","title":{"rendered":"Anfitriones"},"content":{"rendered":"<p>[et_pb_section fb_built=\u00bb1&#8243; admin_label=\u00bbSection\u00bb _builder_version=\u00bb4.27.4&#8243; _module_preset=\u00bbdefault\u00bb background_image=\u00bbhttps:\/\/staylance.com\/wp-content\/uploads\/2025\/02\/hosts-1.webp\u00bb min_height=\u00bb75vh\u00bb custom_css_main_element=\u00bbdisplay: flex;||justify-content: center;||align-items:center;||flex-direction: column;\u00bb da_disable_devices=\u00bboff|off|off\u00bb global_colors_info=\u00bb{}\u00bb da_is_popup=\u00bboff\u00bb da_exit_intent=\u00bboff\u00bb da_has_close=\u00bbon\u00bb da_alt_close=\u00bboff\u00bb da_dark_close=\u00bboff\u00bb da_not_modal=\u00bbon\u00bb da_is_singular=\u00bboff\u00bb da_with_loader=\u00bboff\u00bb da_has_shadow=\u00bbon\u00bb][et_pb_row _builder_version=\u00bb4.27.4&#8243; _module_preset=\u00bbdefault\u00bb custom_margin=\u00bb0px||0px||false|false\u00bb global_colors_info=\u00bb{}\u00bb][et_pb_column type=\u00bb4_4&#8243; _builder_version=\u00bb4.27.4&#8243; _module_preset=\u00bbdefault\u00bb global_colors_info=\u00bb{}\u00bb][et_pb_text _builder_version=\u00bb4.27.4&#8243; _module_preset=\u00bbdefault\u00bb text_text_color=\u00bb#FFFFFF\u00bb header_font=\u00bb|700||on|||||\u00bb header_text_color=\u00bb#FFFFFF\u00bb header_font_size=\u00bb70px\u00bb header_font_size_tablet=\u00bb60px\u00bb header_font_size_phone=\u00bb50px\u00bb header_font_size_last_edited=\u00bbon|phone\u00bb header_text_shadow_style=\u00bbpreset1&#8243; global_colors_info=\u00bb{}\u00bb]<\/p>\n<h1 style=\"text-align: center;\">Anfitriones<\/h1>\n<p>[\/et_pb_text][\/et_pb_column][\/et_pb_row][et_pb_row column_structure=\u00bb1_2,1_2&#8243; _builder_version=\u00bb4.27.4&#8243; _module_preset=\u00bbdefault\u00bb module_alignment=\u00bbcenter\u00bb custom_margin=\u00bb0px|0px|0px|0px|false|false\u00bb custom_padding=\u00bb0px|0px|0px|0px|false|false\u00bb custom_css_main_element=\u00bbdisplay: flex;\u00bb global_colors_info=\u00bb{}\u00bb][et_pb_column type=\u00bb1_2&#8243; _builder_version=\u00bb4.27.4&#8243; _module_preset=\u00bbdefault\u00bb global_colors_info=\u00bb{}\u00bb][et_pb_image src=\u00bbhttps:\/\/staylance.com\/wp-content\/uploads\/2025\/02\/AppStoreBadge.png\u00bb title_text=\u00bbAppStoreBadge\u00bb url=\u00bbhttps:\/\/apps.apple.com\/us\/app\/staylance\/id6473647904&#8243; align=\u00bbright\u00bb _builder_version=\u00bb4.27.4&#8243; _module_preset=\u00bbdefault\u00bb width=\u00bb200px\u00bb width_tablet=\u00bb200px\u00bb width_phone=\u00bb140px\u00bb width_last_edited=\u00bbon|tablet\u00bb custom_margin=\u00bb|5px|||false|false\u00bb box_shadow_style=\u00bbpreset1&#8243; global_colors_info=\u00bb{}\u00bb transform_styles__hover_enabled=\u00bbon|hover\u00bb transform_scale__hover_enabled=\u00bbon|hover\u00bb transform_translate__hover_enabled=\u00bbon|desktop\u00bb transform_rotate__hover_enabled=\u00bbon|desktop\u00bb transform_skew__hover_enabled=\u00bbon|desktop\u00bb transform_origin__hover_enabled=\u00bbon|desktop\u00bb transform_scale__hover=\u00bb110%|110%\u00bb][\/et_pb_image][\/et_pb_column][et_pb_column type=\u00bb1_2&#8243; _builder_version=\u00bb4.27.4&#8243; _module_preset=\u00bbdefault\u00bb background_enable_color=\u00bboff\u00bb global_colors_info=\u00bb{}\u00bb][et_pb_image src=\u00bbhttps:\/\/staylance.com\/wp-content\/uploads\/2025\/02\/GooglePlayBadge.png\u00bb title_text=\u00bbGooglePlayBadge\u00bb url=\u00bbhttps:\/\/play.google.com\/store\/apps\/details?id=com.staylanceapp\u00bb _builder_version=\u00bb4.27.4&#8243; _module_preset=\u00bbdefault\u00bb width=\u00bb200px\u00bb width_tablet=\u00bb200px\u00bb width_phone=\u00bb140px\u00bb width_last_edited=\u00bbon|phone\u00bb module_alignment=\u00bbleft\u00bb custom_margin=\u00bb|||5px|false|false\u00bb global_colors_info=\u00bb{}\u00bb transform_styles__hover_enabled=\u00bbon|hover\u00bb transform_scale__hover_enabled=\u00bbon|hover\u00bb transform_translate__hover_enabled=\u00bbon|desktop\u00bb transform_rotate__hover_enabled=\u00bbon|desktop\u00bb transform_skew__hover_enabled=\u00bbon|desktop\u00bb transform_origin__hover_enabled=\u00bbon|desktop\u00bb transform_scale__hover=\u00bb110%|110%\u00bb][\/et_pb_image][\/et_pb_column][\/et_pb_row][\/et_pb_section][et_pb_section fb_built=\u00bb1&#8243; admin_label=\u00bbSection\u00bb _builder_version=\u00bb4.27.4&#8243; _module_preset=\u00bbdefault\u00bb background_image=\u00bbhttps:\/\/staylance.com\/wp-content\/uploads\/2025\/02\/background.png\u00bb da_disable_devices=\u00bboff|off|off\u00bb global_colors_info=\u00bb{}\u00bb da_is_popup=\u00bboff\u00bb da_exit_intent=\u00bboff\u00bb da_has_close=\u00bbon\u00bb da_alt_close=\u00bboff\u00bb da_dark_close=\u00bboff\u00bb da_not_modal=\u00bbon\u00bb da_is_singular=\u00bboff\u00bb da_with_loader=\u00bboff\u00bb da_has_shadow=\u00bbon\u00bb][et_pb_row _builder_version=\u00bb4.27.4&#8243; _module_preset=\u00bbdefault\u00bb custom_padding=\u00bb0px||||false|false\u00bb global_colors_info=\u00bb{}\u00bb][et_pb_column type=\u00bb4_4&#8243; _builder_version=\u00bb4.27.4&#8243; _module_preset=\u00bbdefault\u00bb global_colors_info=\u00bb{}\u00bb][et_pb_text _builder_version=\u00bb4.27.4&#8243; _module_preset=\u00bbdefault\u00bb global_colors_info=\u00bb{}\u00bb]<\/p>\n<h2><span class=\"fontstyle0\"><span style=\"color: #50dab0;\">Alojamiento<\/span><\/span><span class=\"fontstyle0\"> un Ayudante de Intercambio de Trabajo<\/span><\/h2>\n<p>[\/et_pb_text][et_pb_text _builder_version=\u00bb4.27.4&#8243; _module_preset=\u00bbdefault\u00bb global_colors_info=\u00bb{}\u00bb]<\/p>\n<p><span class=\"fontstyle0\">\u00bfTienes espacio para acoger pero no sabes qu\u00e9 tipo de ayuda podr\u00edas necesitar? He aqu\u00ed c\u00f3mo ser Anfitri\u00f3n de un Ayudante de intercambio de trabajo podr\u00eda enriquecer tu vida: <\/span><\/p>\n<p><strong><span class=\"fontstyle2\">Salud y deporte<\/span><\/strong><\/p>\n<ul>\n<li><span class=\"fontstyle0\">Vuelve a ponerte en forma: acoge a un entrenador personal durante una o dos semanas para poner en marcha tus objetivos de fitness<\/span><\/li>\n<li><span class=\"fontstyle0\">Asesoramiento diet\u00e9tico personalizado: recibe a un nutricionista para que te ense\u00f1e a comer sano y optimizar <\/span><span class=\"fontstyle0\">tu salud<\/span><\/li>\n<li><span class=\"fontstyle0\">S\u00e9 m\u00e1s consciente: acoge a un entusiasta de la meditaci\u00f3n que pueda guiarte a trav\u00e9s de sesiones diarias de meditaci\u00f3n <\/span><span class=\"fontstyle0\">diarias<\/span><\/li>\n<li><span class=\"fontstyle0\">Perfecciona tus posturas de yoga, Pilates, Tai Chi o Chi Gong durante 2 horas cada ma\u00f1ana con la <\/span><span class=\"fontstyle0\">instrucci\u00f3n de un profesor experimentado<\/span><\/li>\n<li><span class=\"fontstyle0\">\u00bfSiempre has querido mejorar tu saque de tenis \/ swing de golf \/ movimientos de salsa \/ t\u00e9cnica de carrera?  <\/span><span class=\"fontstyle0\">\u00a1Aqu\u00ed tienes tu oportunidad! Encuentra a un Ayudante StayLance con talento en el deporte que elijas y preg\u00fantale   <\/span><span class=\"fontstyle0\">\u00a1para entrenarte!<\/span><span class=\"fontstyle2\"><\/span><span class=\"fontstyle2\"><\/span><\/li>\n<\/ul>\n<p><strong><span class=\"fontstyle2\">Mejora del hogar y el jard\u00edn<\/span><\/strong><\/p>\n<ul>\n<li><span class=\"fontstyle0\">Piensa en todas las peque\u00f1as tareas dom\u00e9sticas que nunca haces: organizar,  <\/span><span class=\"fontstyle0\">mejorar tu dise\u00f1o interior, pintar, limpiar. \u00a1Un ayudante StayLance podr\u00eda ayudarte con esto! <\/span><\/li>\n<li><span class=\"fontstyle0\">Embellece tu casa: \u00bfpor qu\u00e9 no acoger a un artista que pueda pintar un maravilloso mural en tu pared o  <\/span><span class=\"fontstyle0\">\u00bfcrear una obra de arte espec\u00edficamente a tu gusto (por ejemplo, una escultura para tu jard\u00edn)? Las posibilidades   <\/span><span class=\"fontstyle0\">son interminables<\/span><\/li>\n<li><span class=\"fontstyle0\">\u00bfTu jard\u00edn necesita un poco de amor? Deja que un ayudante StayLance con dedos verdes haga su magia <\/span><\/li>\n<\/ul>\n<p><strong><span class=\"fontstyle2\">Vida familiar<\/span><\/strong><\/p>\n<ul>\n<li><span class=\"fontstyle0\">Ayuda con el cuidado de los ni\u00f1os: reg\u00e1late m\u00e1s tiempo libre y enriquece la vida de tus hijos aloj\u00e1ndolos  <\/span><span class=\"fontstyle0\">Ayudantes StayLancer a los que les gusten los ni\u00f1os. Elige a personas que hablen idiomas o tengan intereses que t\u00fa   <\/span><span class=\"fontstyle0\">que a tus hijos les gustar\u00eda aprender, como talentos musicales, pintura, jardiner\u00eda, deportes, etc.<\/span><\/li>\n<li><span class=\"fontstyle0\">Tareas dom\u00e9sticas: vaciar el lavavajillas, tender la colada, ir a comprar comida. Con   <\/span><span class=\"fontstyle0\">hijos y una vida ajetreada, estas tareas son interminables, pero un StayLancer puede ayudarte <\/span><span class=\"fontstyle0\">\u00a1enormemente!<\/span><\/li>\n<\/ul>\n<p><strong><span class=\"fontstyle2\">Conocimientos ling\u00fc\u00edsticos y cultura<\/span><\/strong><\/p>\n<ul>\n<li><span class=\"fontstyle0\">\u00bfHas estado estudiando un idioma pero necesitas m\u00e1s pr\u00e1ctica de conversaci\u00f3n para aumentar tu confianza? Acoge a un hablante nativo para que te d\u00e9 clases; el hecho de que tambi\u00e9n pueda ense\u00f1arte la historia y la cultura de su pa\u00eds de origen es una ventaja a\u00f1adida. La otra ventaja es que puedes sumergirte hablando s\u00f3lo ese idioma en casa con tu StayLancer, \u00a1y \u00e9sta es la forma m\u00e1s r\u00e1pida de aprender!  <\/span><\/li>\n<li><span class=\"fontstyle0\">\u00bfTe encanta viajar y conocer nuevas culturas pero actualmente no puedes hacerlo? Tener StayLancer Helpers te permite conocer a gente interesante de todo el mundo y adquirir nuevas perspectivas. \u00a1Puede que incluso acabes haci\u00e9ndote amigo de algunos de ellos y yendo a visitarlos a sus casas!  <\/span><\/li>\n<\/ul>\n<p><strong><span class=\"fontstyle2\">Ayuda inform\u00e1tica<\/span><\/strong><\/p>\n<ul>\n<li><span class=\"fontstyle0\">\u00bfTienes una peque\u00f1a empresa? \u00bfTe gustar\u00eda abrir un blog o publicar un libro en Internet? Quiz\u00e1 te vendr\u00edan bien los conocimientos de un ayudante StayLance para crear o mejorar tu sitio web, o los de un gur\u00fa de las redes sociales para darte consejos sobre c\u00f3mo llegar a un p\u00fablico m\u00e1s amplio.  <\/span><\/li>\n<\/ul>\n<p><strong><span class=\"fontstyle2\">Intereses y otras habilidades<\/span><\/strong><\/p>\n<ul>\n<li><span class=\"fontstyle0\">Aprende a cocinar un nuevo tipo de cocina, a tocar la guitarra, a cantar maravillosamente o incluso a construir con <\/span><span class=\"fontstyle0\">materiales naturales de construcci\u00f3n ecol\u00f3gica.<\/span><\/li>\n<\/ul>\n<p style=\"text-align: center;\"><strong><em><span class=\"fontstyle0\">\u00a1El mundo es tu ostra con StayLance!<\/span><\/em><\/strong><\/p>\n<p>[\/et_pb_text][\/et_pb_column][\/et_pb_row][\/et_pb_section][et_pb_section fb_built=\u00bb1&#8243; admin_label=\u00bbPopup &#8211; #download-app\u00bb module_id=\u00bbdescarga-app\u00bb module_class=\u00bbpopup\u00bb _builder_version=\u00bb4.27.4&#8243; _module_preset=\u00bbdefault\u00bb max_width=\u00bb700px\u00bb da_is_popup=\u00bbon\u00bb da_popup_slug=\u00bbdownload-app\u00bb da_disable_devices=\u00bboff|off|off\u00bb global_colors_info=\u00bb{}\u00bb da_exit_intent=\u00bboff\u00bb da_has_close=\u00bbon\u00bb da_alt_close=\u00bboff\u00bb da_dark_close=\u00bboff\u00bb da_not_modal=\u00bbon\u00bb da_is_singular=\u00bboff\u00bb da_with_loader=\u00bboff\u00bb da_has_shadow=\u00bbon\u00bb][et_pb_row _builder_version=\u00bb4.27.4&#8243; _module_preset=\u00bbdefault\u00bb global_colors_info=\u00bb{}\u00bb][et_pb_column type=\u00bb4_4&#8243; _builder_version=\u00bb4.27.4&#8243; _module_preset=\u00bbdefault\u00bb global_colors_info=\u00bb{}\u00bb][et_pb_text _builder_version=\u00bb4.27.4&#8243; _module_preset=\u00bbdefault\u00bb header_3_font=\u00bb|800|||||||\u00bb header_3_font_size=\u00bb28px\u00bb global_colors_info=\u00bb{}\u00bb]<\/p>\n<h3 style=\"text-align: center;\">Descarga la App<\/h3>\n<p>[\/et_pb_text][\/et_pb_column][\/et_pb_row][et_pb_row column_structure=\u00bb1_2,1_2&#8243; _builder_version=\u00bb4.27.4&#8243; _module_preset=\u00bbdefault\u00bb module_alignment=\u00bbcenter\u00bb custom_margin=\u00bb0px|0px|0px|0px|false|false\u00bb custom_padding=\u00bb0px|0px|0px|0px|false|false\u00bb custom_css_main_element=\u00bbdisplay: flex;\u00bb locked=\u00bboff\u00bb global_colors_info=\u00bb{}\u00bb][et_pb_column type=\u00bb1_2&#8243; _builder_version=\u00bb4.27.4&#8243; _module_preset=\u00bbdefault\u00bb global_colors_info=\u00bb{}\u00bb][et_pb_image src=\u00bbhttps:\/\/staylance.com\/wp-content\/uploads\/2025\/02\/AppStoreBadge.png\u00bb title_text=\u00bbAppStoreBadge\u00bb url=\u00bbhttps:\/\/apps.apple.com\/us\/app\/staylance\/id6473647904&#8243; align=\u00bbright\u00bb _builder_version=\u00bb4.27.4&#8243; _module_preset=\u00bbdefault\u00bb width=\u00bb200px\u00bb width_tablet=\u00bb200px\u00bb width_phone=\u00bb140px\u00bb width_last_edited=\u00bbon|tablet\u00bb custom_margin=\u00bb|5px|||false|false\u00bb box_shadow_style=\u00bbpreset1&#8243; global_colors_info=\u00bb{}\u00bb transform_styles__hover_enabled=\u00bbon|hover\u00bb transform_scale__hover_enabled=\u00bbon|hover\u00bb transform_translate__hover_enabled=\u00bbon|desktop\u00bb transform_rotate__hover_enabled=\u00bbon|desktop\u00bb transform_skew__hover_enabled=\u00bbon|desktop\u00bb transform_origin__hover_enabled=\u00bbon|desktop\u00bb transform_scale__hover=\u00bb110%|110%\u00bb][\/et_pb_image][\/et_pb_column][et_pb_column type=\u00bb1_2&#8243; _builder_version=\u00bb4.27.4&#8243; _module_preset=\u00bbdefault\u00bb background_enable_color=\u00bboff\u00bb global_colors_info=\u00bb{}\u00bb][et_pb_image src=\u00bbhttps:\/\/staylance.com\/wp-content\/uploads\/2025\/02\/GooglePlayBadge.png\u00bb title_text=\u00bbGooglePlayBadge\u00bb url=\u00bbhttps:\/\/play.google.com\/store\/apps\/details?id=com.staylanceapp\u00bb _builder_version=\u00bb4.27.4&#8243; _module_preset=\u00bbdefault\u00bb width=\u00bb200px\u00bb width_tablet=\u00bb200px\u00bb width_phone=\u00bb140px\u00bb width_last_edited=\u00bbon|phone\u00bb module_alignment=\u00bbleft\u00bb custom_margin=\u00bb|||5px|false|false\u00bb global_colors_info=\u00bb{}\u00bb transform_styles__hover_enabled=\u00bbon|hover\u00bb transform_scale__hover_enabled=\u00bbon|hover\u00bb transform_translate__hover_enabled=\u00bbon|desktop\u00bb transform_rotate__hover_enabled=\u00bbon|desktop\u00bb transform_skew__hover_enabled=\u00bbon|desktop\u00bb transform_origin__hover_enabled=\u00bbon|desktop\u00bb transform_scale__hover=\u00bb110%|110%\u00bb][\/et_pb_image][\/et_pb_column][\/et_pb_row][\/et_pb_section]<\/p>\n","protected":false},"excerpt":{"rendered":"<p>AnfitrionesAlojamiento un Ayudante de Intercambio de Trabajo\u00bfTienes espacio para acoger pero no sabes qu\u00e9 tipo de ayuda podr\u00edas necesitar? He aqu\u00ed c\u00f3mo ser Anfitri\u00f3n de un Ayudante de intercambio de trabajo podr\u00eda enriquecer tu vida: Salud y deporte Vuelve a ponerte en forma: acoge a un entrenador personal durante una o dos semanas para poner [&hellip;]<\/p>\n","protected":false},"author":2,"featured_media":0,"parent":0,"menu_order":0,"comment_status":"closed","ping_status":"closed","template":"","meta":{"_et_pb_use_builder":"on","_et_pb_old_content":"","_et_gb_content_width":"","footnotes":""},"class_list":["post-691","page","type-page","status-publish","hentry"],"yoast_head":"<!-- This site is optimized with the Yoast SEO plugin v25.2 - https:\/\/yoast.com\/wordpress\/plugins\/seo\/ -->\n<title>Acoger a un Ayudante de Intercambio de Trabajo<\/title>\n<meta name=\"description\" content=\"\u00bfTienes espacio para hospedar pero no sabes qu\u00e9 tipo de ayuda podr\u00edas necesitar? \u00a1He aqu\u00ed c\u00f3mo ser anfitri\u00f3n StayLance podr\u00eda enriquecer tu vida!\" \/>\n<meta name=\"robots\" content=\"index, follow, max-snippet:-1, max-image-preview:large, max-video-preview:-1\" \/>\n<link rel=\"canonical\" href=\"https:\/\/staylance.com\/es\/anfitriones\/\" \/>\n<meta property=\"og:locale\" content=\"es_ES\" \/>\n<meta property=\"og:type\" content=\"article\" \/>\n<meta property=\"og:title\" content=\"Acoger a un Ayudante de Intercambio de Trabajo\" \/>\n<meta property=\"og:description\" content=\"\u00bfTienes espacio para hospedar pero no sabes qu\u00e9 tipo de ayuda podr\u00edas necesitar? \u00a1He aqu\u00ed c\u00f3mo ser anfitri\u00f3n StayLance podr\u00eda enriquecer tu vida!\" \/>\n<meta property=\"og:url\" content=\"https:\/\/staylance.com\/es\/anfitriones\/\" \/>\n<meta property=\"og:site_name\" content=\"StayLance\" \/>\n<meta property=\"article:publisher\" content=\"https:\/\/www.facebook.com\/StayLance\/\" \/>\n<meta property=\"article:modified_time\" content=\"2025-02-10T19:46:21+00:00\" \/>\n<meta name=\"twitter:card\" content=\"summary_large_image\" \/>\n<meta name=\"twitter:label1\" content=\"Tiempo de lectura\" \/>\n\t<meta name=\"twitter:data1\" content=\"8 minutos\" \/>\n<script type=\"application\/ld+json\" class=\"yoast-schema-graph\">{\"@context\":\"https:\/\/schema.org\",\"@graph\":[{\"@type\":\"WebPage\",\"@id\":\"https:\/\/staylance.com\/es\/anfitriones\/\",\"url\":\"https:\/\/staylance.com\/es\/anfitriones\/\",\"name\":\"Acoger a un Ayudante de Intercambio de Trabajo\",\"isPartOf\":{\"@id\":\"https:\/\/staylance.com\/es\/#website\"},\"datePublished\":\"2025-02-08T09:56:21+00:00\",\"dateModified\":\"2025-02-10T19:46:21+00:00\",\"description\":\"\u00bfTienes espacio para hospedar pero no sabes qu\u00e9 tipo de ayuda podr\u00edas necesitar? \u00a1He aqu\u00ed c\u00f3mo ser anfitri\u00f3n StayLance podr\u00eda enriquecer tu vida!\",\"breadcrumb\":{\"@id\":\"https:\/\/staylance.com\/es\/anfitriones\/#breadcrumb\"},\"inLanguage\":\"es\",\"potentialAction\":[{\"@type\":\"ReadAction\",\"target\":[\"https:\/\/staylance.com\/es\/anfitriones\/\"]}]},{\"@type\":\"BreadcrumbList\",\"@id\":\"https:\/\/staylance.com\/es\/anfitriones\/#breadcrumb\",\"itemListElement\":[{\"@type\":\"ListItem\",\"position\":1,\"name\":\"Home\",\"item\":\"https:\/\/staylance.com\/es\/\"},{\"@type\":\"ListItem\",\"position\":2,\"name\":\"Anfitriones\"}]},{\"@type\":\"WebSite\",\"@id\":\"https:\/\/staylance.com\/es\/#website\",\"url\":\"https:\/\/staylance.com\/es\/\",\"name\":\"StayLance\",\"description\":\"\",\"potentialAction\":[{\"@type\":\"SearchAction\",\"target\":{\"@type\":\"EntryPoint\",\"urlTemplate\":\"https:\/\/staylance.com\/es\/?s={search_term_string}\"},\"query-input\":{\"@type\":\"PropertyValueSpecification\",\"valueRequired\":true,\"valueName\":\"search_term_string\"}}],\"inLanguage\":\"es\"}]}<\/script>\n<!-- \/ Yoast SEO plugin. -->","yoast_head_json":{"title":"Acoger a un Ayudante de Intercambio de Trabajo","description":"\u00bfTienes espacio para hospedar pero no sabes qu\u00e9 tipo de ayuda podr\u00edas necesitar? \u00a1He aqu\u00ed c\u00f3mo ser anfitri\u00f3n StayLance podr\u00eda enriquecer tu vida!","robots":{"index":"index","follow":"follow","max-snippet":"max-snippet:-1","max-image-preview":"max-image-preview:large","max-video-preview":"max-video-preview:-1"},"canonical":"https:\/\/staylance.com\/es\/anfitriones\/","og_locale":"es_ES","og_type":"article","og_title":"Acoger a un Ayudante de Intercambio de Trabajo","og_description":"\u00bfTienes espacio para hospedar pero no sabes qu\u00e9 tipo de ayuda podr\u00edas necesitar? \u00a1He aqu\u00ed c\u00f3mo ser anfitri\u00f3n StayLance podr\u00eda enriquecer tu vida!","og_url":"https:\/\/staylance.com\/es\/anfitriones\/","og_site_name":"StayLance","article_publisher":"https:\/\/www.facebook.com\/StayLance\/","article_modified_time":"2025-02-10T19:46:21+00:00","twitter_card":"summary_large_image","twitter_misc":{"Tiempo de lectura":"8 minutos"},"schema":{"@context":"https:\/\/schema.org","@graph":[{"@type":"WebPage","@id":"https:\/\/staylance.com\/es\/anfitriones\/","url":"https:\/\/staylance.com\/es\/anfitriones\/","name":"Acoger a un Ayudante de Intercambio de Trabajo","isPartOf":{"@id":"https:\/\/staylance.com\/es\/#website"},"datePublished":"2025-02-08T09:56:21+00:00","dateModified":"2025-02-10T19:46:21+00:00","description":"\u00bfTienes espacio para hospedar pero no sabes qu\u00e9 tipo de ayuda podr\u00edas necesitar? \u00a1He aqu\u00ed c\u00f3mo ser anfitri\u00f3n StayLance podr\u00eda enriquecer tu vida!","breadcrumb":{"@id":"https:\/\/staylance.com\/es\/anfitriones\/#breadcrumb"},"inLanguage":"es","potentialAction":[{"@type":"ReadAction","target":["https:\/\/staylance.com\/es\/anfitriones\/"]}]},{"@type":"BreadcrumbList","@id":"https:\/\/staylance.com\/es\/anfitriones\/#breadcrumb","itemListElement":[{"@type":"ListItem","position":1,"name":"Home","item":"https:\/\/staylance.com\/es\/"},{"@type":"ListItem","position":2,"name":"Anfitriones"}]},{"@type":"WebSite","@id":"https:\/\/staylance.com\/es\/#website","url":"https:\/\/staylance.com\/es\/","name":"StayLance","description":"","potentialAction":[{"@type":"SearchAction","target":{"@type":"EntryPoint","urlTemplate":"https:\/\/staylance.com\/es\/?s={search_term_string}"},"query-input":{"@type":"PropertyValueSpecification","valueRequired":true,"valueName":"search_term_string"}}],"inLanguage":"es"}]}},"_links":{"self":[{"href":"https:\/\/staylance.com\/es\/wp-json\/wp\/v2\/pages\/691","targetHints":{"allow":["GET"]}}],"collection":[{"href":"https:\/\/staylance.com\/es\/wp-json\/wp\/v2\/pages"}],"about":[{"href":"https:\/\/staylance.com\/es\/wp-json\/wp\/v2\/types\/page"}],"author":[{"embeddable":true,"href":"https:\/\/staylance.com\/es\/wp-json\/wp\/v2\/users\/2"}],"replies":[{"embeddable":true,"href":"https:\/\/staylance.com\/es\/wp-json\/wp\/v2\/comments?post=691"}],"version-history":[{"count":2,"href":"https:\/\/staylance.com\/es\/wp-json\/wp\/v2\/pages\/691\/revisions"}],"predecessor-version":[{"id":694,"href":"https:\/\/staylance.com\/es\/wp-json\/wp\/v2\/pages\/691\/revisions\/694"}],"wp:attachment":[{"href":"https:\/\/staylance.com\/es\/wp-json\/wp\/v2\/media?parent=691"}],"curies":[{"name":"wp","href":"https:\/\/api.w.org\/{rel}","templated":true}]}}