{"id":680,"date":"2025-02-08T17:23:36","date_gmt":"2025-02-08T16:23:36","guid":{"rendered":"https:\/\/staylance.com\/ayudantes\/"},"modified":"2025-02-11T17:40:35","modified_gmt":"2025-02-11T16:40:35","slug":"voluntariado","status":"publish","type":"page","link":"https:\/\/staylance.com\/es\/voluntariado\/","title":{"rendered":"Voluntariado"},"content":{"rendered":"<p>[et_pb_section fb_built=\u00bb1&#8243; admin_label=\u00bbSection\u00bb _builder_version=\u00bb4.27.4&#8243; _module_preset=\u00bbdefault\u00bb background_image=\u00bbhttps:\/\/staylance.com\/wp-content\/uploads\/2025\/02\/helpers1.webp\u00bb min_height=\u00bb75vh\u00bb custom_css_main_element=\u00bbdisplay: flex;||justify-content: center;||align-items:center;||flex-direction: column;\u00bb da_disable_devices=\u00bboff|off|off\u00bb global_colors_info=\u00bb{}\u00bb da_is_popup=\u00bboff\u00bb da_exit_intent=\u00bboff\u00bb da_has_close=\u00bbon\u00bb da_alt_close=\u00bboff\u00bb da_dark_close=\u00bboff\u00bb da_not_modal=\u00bbon\u00bb da_is_singular=\u00bboff\u00bb da_with_loader=\u00bboff\u00bb da_has_shadow=\u00bbon\u00bb][et_pb_row _builder_version=\u00bb4.27.4&#8243; _module_preset=\u00bbdefault\u00bb custom_margin=\u00bb0px||0px||false|false\u00bb global_colors_info=\u00bb{}\u00bb][et_pb_column type=\u00bb4_4&#8243; _builder_version=\u00bb4.27.4&#8243; _module_preset=\u00bbdefault\u00bb global_colors_info=\u00bb{}\u00bb][et_pb_text _builder_version=\u00bb4.27.4&#8243; _module_preset=\u00bbdefault\u00bb text_text_color=\u00bb#FFFFFF\u00bb header_font=\u00bb|700||on|||||\u00bb header_text_color=\u00bb#FFFFFF\u00bb header_font_size=\u00bb70px\u00bb header_font_size_tablet=\u00bb60px\u00bb header_font_size_phone=\u00bb50px\u00bb header_font_size_last_edited=\u00bbon|phone\u00bb header_text_shadow_style=\u00bbpreset1&#8243; global_colors_info=\u00bb{}\u00bb]<\/p>\n<h1 style=\"text-align: center;\">Voluntariados<\/h1>\n<p>[\/et_pb_text][\/et_pb_column][\/et_pb_row][et_pb_row column_structure=\u00bb1_2,1_2&#8243; _builder_version=\u00bb4.27.4&#8243; _module_preset=\u00bbdefault\u00bb module_alignment=\u00bbcenter\u00bb custom_margin=\u00bb0px|0px|0px|0px|false|false\u00bb custom_padding=\u00bb0px|0px|0px|0px|false|false\u00bb custom_css_main_element=\u00bbdisplay: flex;\u00bb global_colors_info=\u00bb{}\u00bb][et_pb_column type=\u00bb1_2&#8243; _builder_version=\u00bb4.27.4&#8243; _module_preset=\u00bbdefault\u00bb global_colors_info=\u00bb{}\u00bb][et_pb_image src=\u00bbhttps:\/\/staylance.com\/wp-content\/uploads\/2025\/02\/AppStoreBadge.png\u00bb title_text=\u00bbAppStoreBadge\u00bb url=\u00bbhttps:\/\/apps.apple.com\/us\/app\/staylance\/id6473647904&#8243; align=\u00bbright\u00bb _builder_version=\u00bb4.27.4&#8243; _module_preset=\u00bbdefault\u00bb width=\u00bb200px\u00bb width_tablet=\u00bb200px\u00bb width_phone=\u00bb140px\u00bb width_last_edited=\u00bbon|tablet\u00bb custom_margin=\u00bb|5px|||false|false\u00bb box_shadow_style=\u00bbpreset1&#8243; global_colors_info=\u00bb{}\u00bb transform_styles__hover_enabled=\u00bbon|hover\u00bb transform_scale__hover_enabled=\u00bbon|hover\u00bb transform_translate__hover_enabled=\u00bbon|desktop\u00bb transform_rotate__hover_enabled=\u00bbon|desktop\u00bb transform_skew__hover_enabled=\u00bbon|desktop\u00bb transform_origin__hover_enabled=\u00bbon|desktop\u00bb transform_scale__hover=\u00bb110%|110%\u00bb][\/et_pb_image][\/et_pb_column][et_pb_column type=\u00bb1_2&#8243; _builder_version=\u00bb4.27.4&#8243; _module_preset=\u00bbdefault\u00bb background_enable_color=\u00bboff\u00bb global_colors_info=\u00bb{}\u00bb][et_pb_image src=\u00bbhttps:\/\/staylance.com\/wp-content\/uploads\/2025\/02\/GooglePlayBadge.png\u00bb title_text=\u00bbGooglePlayBadge\u00bb url=\u00bbhttps:\/\/play.google.com\/store\/apps\/details?id=com.staylanceapp\u00bb _builder_version=\u00bb4.27.4&#8243; _module_preset=\u00bbdefault\u00bb width=\u00bb200px\u00bb width_tablet=\u00bb200px\u00bb width_phone=\u00bb140px\u00bb width_last_edited=\u00bbon|phone\u00bb module_alignment=\u00bbleft\u00bb custom_margin=\u00bb|||5px|false|false\u00bb global_colors_info=\u00bb{}\u00bb transform_styles__hover_enabled=\u00bbon|hover\u00bb transform_scale__hover_enabled=\u00bbon|hover\u00bb transform_translate__hover_enabled=\u00bbon|desktop\u00bb transform_rotate__hover_enabled=\u00bbon|desktop\u00bb transform_skew__hover_enabled=\u00bbon|desktop\u00bb transform_origin__hover_enabled=\u00bbon|desktop\u00bb transform_scale__hover=\u00bb110%|110%\u00bb][\/et_pb_image][\/et_pb_column][\/et_pb_row][\/et_pb_section][et_pb_section fb_built=\u00bb1&#8243; admin_label=\u00bbSection\u00bb _builder_version=\u00bb4.27.4&#8243; _module_preset=\u00bbdefault\u00bb background_image=\u00bbhttps:\/\/staylance.com\/wp-content\/uploads\/2025\/02\/background.png\u00bb custom_padding=\u00bb||0px|||\u00bb da_disable_devices=\u00bboff|off|off\u00bb global_colors_info=\u00bb{}\u00bb da_is_popup=\u00bboff\u00bb da_exit_intent=\u00bboff\u00bb da_has_close=\u00bbon\u00bb da_alt_close=\u00bboff\u00bb da_dark_close=\u00bboff\u00bb da_not_modal=\u00bbon\u00bb da_is_singular=\u00bboff\u00bb da_with_loader=\u00bboff\u00bb da_has_shadow=\u00bbon\u00bb][et_pb_row _builder_version=\u00bb4.27.4&#8243; _module_preset=\u00bbdefault\u00bb custom_padding=\u00bb0px||||false|false\u00bb global_colors_info=\u00bb{}\u00bb][et_pb_column type=\u00bb4_4&#8243; _builder_version=\u00bb4.27.4&#8243; _module_preset=\u00bbdefault\u00bb global_colors_info=\u00bb{}\u00bb][et_pb_text _builder_version=\u00bb4.27.4&#8243; _module_preset=\u00bbdefault\u00bb global_colors_info=\u00bb{}\u00bb]<\/p>\n<h2><span class=\"fontstyle0\"><span style=\"color: #50dab0;\"><\/span><\/span><\/h2>\n<h2><span class=\"fontstyle0\"><span style=\"color: #50dab0;\">Ayudar a <\/span><\/span><span class=\"fontstyle0\">a un Anfitri\u00f3n de Intercambio de Trabajo<\/span><\/h2>\n<p>[\/et_pb_text][et_pb_text _builder_version=\u00bb4.27.4&#8243; _module_preset=\u00bbdefault\u00bb global_colors_info=\u00bb{}\u00bb]<\/p>\n<p>Utiliza tus habilidades para viajar de una forma diferente. C\u00f3mo puede beneficiarte ser un Ayudante StayLance: <\/p>\n<p><strong>Ahorra dinero, \u00a1viaja m\u00e1s tiempo!<\/strong><\/p>\n<p><em>\u00bfTe encantar\u00eda viajar durante meses o a\u00f1os, pero no puedes permitirte gastar todos tus ahorros en albergues <\/em><em>y comida?<\/em><\/p>\n<p>Ser Ayudante StayLance es la forma perfecta de viajar m\u00e1s lejos con un presupuesto ajustado: trabajas unas 20 horas a la semana haciendo algo que te gusta y recibes a cambio pensi\u00f3n completa y alojamiento. Esto te ofrece un mundo de posibilidades, ya que puedes: <\/p>\n<ul>\n<li>pasa todo tu tiempo libre explorando, haciendo turismo y empap\u00e1ndote de la cultura local<\/li>\n<li>conocer a gente interesante y con ideas afines (tanto otros voluntarios como tus Anfitriones)<\/li>\n<li>experimenta un estilo de vida diferente<\/li>\n<li>mejorar tus habilidades actuales y adquirir otras nuevas<\/li>\n<li>aprender nuevas lenguas<\/li>\n<li>evitar la \u00abfatiga del viaje\u00bb de estar constantemente en movimiento<\/li>\n<li>recibir consejos de los anfitriones sobre los mejores lugares de la zona<\/li>\n<\/ul>\n<p><strong>Empieza a tomar vacaciones m\u00e1s singulares<\/strong><\/p>\n<p><em>\u00bfEres un profesional cualificado sin planes para tus pr\u00f3ximas vacaciones? \u00bfO est\u00e1s en un a\u00f1o sab\u00e1tico \/ en <\/em><br \/><em>\u00bfentre un trabajo y otro?<\/em><\/p>\n<p>Utiliza tus habilidades en beneficio propio con StayLance y vete de vacaciones \u00fanicas, aloj\u00e1ndote con gente interesante en lugares preciosos de cualquier pa\u00eds de tu elecci\u00f3n. Puedes trabajar s\u00f3lo unas horas a la semana a cambio de pensi\u00f3n completa y alojamiento. Es m\u00e1s, no tendr\u00edas que ir solo, ya que muchos Anfitriones estar\u00edan encantados de que trajeras a un amigo o pareja e incluso a tus hijos, \u00a1ideal si tu Anfitri\u00f3n tambi\u00e9n tiene ni\u00f1os con los que jugar! StayLance te permite:   <\/p>\n<ul>\n<li>visitar lugares que siempre has so\u00f1ado visitar en un ambiente acogedor y hogare\u00f1o (por ejemplo, lugares salvajes donde no hay otras opciones de alojamiento)<\/li>\n<li>experimenta otra cultura, al\u00f3jate con personas afines (\u00a1que pueden acabar convirti\u00e9ndose en tus buenos amigos!) y explora en tu tiempo libre<\/li>\n<li>prueba a vivir en otro pa\u00eds si est\u00e1s pensando en mudarte all\u00ed y al\u00f3jate con expatriados que puedan contarte sus experiencias<\/li>\n<li>aprender una lengua que siempre has querido aprender o mejorar<\/li>\n<li>seguir adquiriendo experiencia laboral en tu campo (si eso es importante para ti)<\/li>\n<\/ul>\n<p><strong>Utiliza tu creatividad para viajar y conocer a otras personas creativas<\/strong><\/p>\n<p><em>\u00bfEres artista \/ m\u00fasico \/ escritor \/ cantante \/ actor?<\/em><\/p>\n<p>Comparte tu talento creativo con personas a las que les encantar\u00eda aprender de ti. Qui\u00e9n sabe, tal vez de ah\u00ed pueda surgir una colaboraci\u00f3n incre\u00edble o un trabajo en curso&#8230;&#8230; <\/p>\n<p><span class=\"fontstyle0\"><\/span><span class=\"fontstyle0\"><\/span><\/p>\n<h4 style=\"text-align: center;\"><\/h4>\n<p>[\/et_pb_text][\/et_pb_column][\/et_pb_row][\/et_pb_section][et_pb_section fb_built=\u00bb1&#8243; admin_label=\u00bbPopup &#8211; #download-app\u00bb module_id=\u00bbdownload-app\u00bb module_class=\u00bbpopup\u00bb _builder_version=\u00bb4.27.4&#8243; _module_preset=\u00bbdefault\u00bb max_width=\u00bb700px\u00bb da_is_popup=\u00bbon\u00bb da_popup_slug=\u00bbdownload-app\u00bb da_disable_devices=\u00bboff|off|off\u00bb global_colors_info=\u00bb{}\u00bb da_exit_intent=\u00bboff\u00bb da_has_close=\u00bbon\u00bb da_alt_close=\u00bboff\u00bb da_dark_close=\u00bboff\u00bb da_not_modal=\u00bbon\u00bb da_is_singular=\u00bboff\u00bb da_with_loader=\u00bboff\u00bb da_has_shadow=\u00bbon\u00bb][et_pb_row _builder_version=\u00bb4.27.4&#8243; _module_preset=\u00bbdefault\u00bb global_colors_info=\u00bb{}\u00bb][et_pb_column type=\u00bb4_4&#8243; _builder_version=\u00bb4.27.4&#8243; _module_preset=\u00bbdefault\u00bb global_colors_info=\u00bb{}\u00bb][et_pb_text _builder_version=\u00bb4.27.4&#8243; _module_preset=\u00bbdefault\u00bb header_3_font=\u00bb|800|||||||\u00bb header_3_font_size=\u00bb28px\u00bb global_colors_info=\u00bb{}\u00bb]<\/p>\n<h3 style=\"text-align: center;\">Descarga la App<\/h3>\n<p>[\/et_pb_text][\/et_pb_column][\/et_pb_row][et_pb_row column_structure=\u00bb1_2,1_2&#8243; _builder_version=\u00bb4.27.4&#8243; _module_preset=\u00bbdefault\u00bb module_alignment=\u00bbcenter\u00bb custom_margin=\u00bb0px|0px|0px|0px|false|false\u00bb custom_padding=\u00bb0px|0px|0px|0px|false|false\u00bb custom_css_main_element=\u00bbdisplay: flex;\u00bb locked=\u00bboff\u00bb global_colors_info=\u00bb{}\u00bb][et_pb_column type=\u00bb1_2&#8243; _builder_version=\u00bb4.27.4&#8243; _module_preset=\u00bbdefault\u00bb global_colors_info=\u00bb{}\u00bb][et_pb_image src=\u00bbhttps:\/\/staylance.com\/wp-content\/uploads\/2025\/02\/AppStoreBadge.png\u00bb title_text=\u00bbAppStoreBadge\u00bb url=\u00bbhttps:\/\/apps.apple.com\/us\/app\/staylance\/id6473647904&#8243; align=\u00bbright\u00bb _builder_version=\u00bb4.27.4&#8243; _module_preset=\u00bbdefault\u00bb width=\u00bb200px\u00bb width_tablet=\u00bb200px\u00bb width_phone=\u00bb140px\u00bb width_last_edited=\u00bbon|tablet\u00bb custom_margin=\u00bb|5px|||false|false\u00bb box_shadow_style=\u00bbpreset1&#8243; global_colors_info=\u00bb{}\u00bb transform_styles__hover_enabled=\u00bbon|hover\u00bb transform_scale__hover_enabled=\u00bbon|hover\u00bb transform_translate__hover_enabled=\u00bbon|desktop\u00bb transform_rotate__hover_enabled=\u00bbon|desktop\u00bb transform_skew__hover_enabled=\u00bbon|desktop\u00bb transform_origin__hover_enabled=\u00bbon|desktop\u00bb transform_scale__hover=\u00bb110%|110%\u00bb][\/et_pb_image][\/et_pb_column][et_pb_column type=\u00bb1_2&#8243; _builder_version=\u00bb4.27.4&#8243; _module_preset=\u00bbdefault\u00bb background_enable_color=\u00bboff\u00bb global_colors_info=\u00bb{}\u00bb][et_pb_image src=\u00bbhttps:\/\/staylance.com\/wp-content\/uploads\/2025\/02\/GooglePlayBadge.png\u00bb title_text=\u00bbGooglePlayBadge\u00bb url=\u00bbhttps:\/\/play.google.com\/store\/apps\/details?id=com.staylanceapp\u00bb _builder_version=\u00bb4.27.4&#8243; _module_preset=\u00bbdefault\u00bb width=\u00bb200px\u00bb width_tablet=\u00bb200px\u00bb width_phone=\u00bb140px\u00bb width_last_edited=\u00bbon|phone\u00bb module_alignment=\u00bbleft\u00bb custom_margin=\u00bb|||5px|false|false\u00bb global_colors_info=\u00bb{}\u00bb transform_styles__hover_enabled=\u00bbon|hover\u00bb transform_scale__hover_enabled=\u00bbon|hover\u00bb transform_translate__hover_enabled=\u00bbon|desktop\u00bb transform_rotate__hover_enabled=\u00bbon|desktop\u00bb transform_skew__hover_enabled=\u00bbon|desktop\u00bb transform_origin__hover_enabled=\u00bbon|desktop\u00bb transform_scale__hover=\u00bb110%|110%\u00bb][\/et_pb_image][\/et_pb_column][\/et_pb_row][\/et_pb_section]<\/p>\n","protected":false},"excerpt":{"rendered":"<p>Voluntariados Ayudar a a un Anfitri\u00f3n de Intercambio de TrabajoUtiliza tus habilidades para viajar de una forma diferente. C\u00f3mo puede beneficiarte ser un Ayudante StayLance: Ahorra dinero, \u00a1viaja m\u00e1s tiempo! \u00bfTe encantar\u00eda viajar durante meses o a\u00f1os, pero no puedes permitirte gastar todos tus ahorros en albergues y comida? Ser Ayudante StayLance es la forma [&hellip;]<\/p>\n","protected":false},"author":2,"featured_media":0,"parent":0,"menu_order":0,"comment_status":"closed","ping_status":"closed","template":"","meta":{"_et_pb_use_builder":"on","_et_pb_old_content":"","_et_gb_content_width":"","footnotes":""},"class_list":["post-680","page","type-page","status-publish","hentry"],"yoast_head":"<!-- This site is optimized with the Yoast SEO plugin v25.2 - https:\/\/yoast.com\/wordpress\/plugins\/seo\/ -->\n<title>Ayudar a un Anfitri\u00f3n de Intercambio de Trabajo<\/title>\n<meta name=\"description\" content=\"\u00a1StayLancing es la forma perfecta de viajar m\u00e1s lejos con poco presupuesto! \u00a1Haces algo que te gusta y a cambio recibes pensi\u00f3n completa y alojamiento!\" \/>\n<meta name=\"robots\" content=\"index, follow, max-snippet:-1, max-image-preview:large, max-video-preview:-1\" \/>\n<link rel=\"canonical\" href=\"https:\/\/staylance.com\/es\/voluntariado\/\" \/>\n<meta property=\"og:locale\" content=\"es_ES\" \/>\n<meta property=\"og:type\" content=\"article\" \/>\n<meta property=\"og:title\" content=\"Ayudar a un Anfitri\u00f3n de Intercambio de Trabajo\" \/>\n<meta property=\"og:description\" content=\"\u00a1StayLancing es la forma perfecta de viajar m\u00e1s lejos con poco presupuesto! \u00a1Haces algo que te gusta y a cambio recibes pensi\u00f3n completa y alojamiento!\" \/>\n<meta property=\"og:url\" content=\"https:\/\/staylance.com\/es\/voluntariado\/\" \/>\n<meta property=\"og:site_name\" content=\"StayLance\" \/>\n<meta property=\"article:publisher\" content=\"https:\/\/www.facebook.com\/StayLance\/\" \/>\n<meta property=\"article:modified_time\" content=\"2025-02-11T16:40:35+00:00\" \/>\n<meta name=\"twitter:card\" content=\"summary_large_image\" \/>\n<meta name=\"twitter:label1\" content=\"Tiempo de lectura\" \/>\n\t<meta name=\"twitter:data1\" content=\"7 minutos\" \/>\n<script type=\"application\/ld+json\" class=\"yoast-schema-graph\">{\"@context\":\"https:\/\/schema.org\",\"@graph\":[{\"@type\":\"WebPage\",\"@id\":\"https:\/\/staylance.com\/es\/voluntariado\/\",\"url\":\"https:\/\/staylance.com\/es\/voluntariado\/\",\"name\":\"Ayudar a un Anfitri\u00f3n de Intercambio de Trabajo\",\"isPartOf\":{\"@id\":\"https:\/\/staylance.com\/es\/#website\"},\"datePublished\":\"2025-02-08T16:23:36+00:00\",\"dateModified\":\"2025-02-11T16:40:35+00:00\",\"description\":\"\u00a1StayLancing es la forma perfecta de viajar m\u00e1s lejos con poco presupuesto! \u00a1Haces algo que te gusta y a cambio recibes pensi\u00f3n completa y alojamiento!\",\"breadcrumb\":{\"@id\":\"https:\/\/staylance.com\/es\/voluntariado\/#breadcrumb\"},\"inLanguage\":\"es\",\"potentialAction\":[{\"@type\":\"ReadAction\",\"target\":[\"https:\/\/staylance.com\/es\/voluntariado\/\"]}]},{\"@type\":\"BreadcrumbList\",\"@id\":\"https:\/\/staylance.com\/es\/voluntariado\/#breadcrumb\",\"itemListElement\":[{\"@type\":\"ListItem\",\"position\":1,\"name\":\"Home\",\"item\":\"https:\/\/staylance.com\/es\/\"},{\"@type\":\"ListItem\",\"position\":2,\"name\":\"Voluntariado\"}]},{\"@type\":\"WebSite\",\"@id\":\"https:\/\/staylance.com\/es\/#website\",\"url\":\"https:\/\/staylance.com\/es\/\",\"name\":\"StayLance\",\"description\":\"\",\"potentialAction\":[{\"@type\":\"SearchAction\",\"target\":{\"@type\":\"EntryPoint\",\"urlTemplate\":\"https:\/\/staylance.com\/es\/?s={search_term_string}\"},\"query-input\":{\"@type\":\"PropertyValueSpecification\",\"valueRequired\":true,\"valueName\":\"search_term_string\"}}],\"inLanguage\":\"es\"}]}<\/script>\n<!-- \/ Yoast SEO plugin. -->","yoast_head_json":{"title":"Ayudar a un Anfitri\u00f3n de Intercambio de Trabajo","description":"\u00a1StayLancing es la forma perfecta de viajar m\u00e1s lejos con poco presupuesto! \u00a1Haces algo que te gusta y a cambio recibes pensi\u00f3n completa y alojamiento!","robots":{"index":"index","follow":"follow","max-snippet":"max-snippet:-1","max-image-preview":"max-image-preview:large","max-video-preview":"max-video-preview:-1"},"canonical":"https:\/\/staylance.com\/es\/voluntariado\/","og_locale":"es_ES","og_type":"article","og_title":"Ayudar a un Anfitri\u00f3n de Intercambio de Trabajo","og_description":"\u00a1StayLancing es la forma perfecta de viajar m\u00e1s lejos con poco presupuesto! \u00a1Haces algo que te gusta y a cambio recibes pensi\u00f3n completa y alojamiento!","og_url":"https:\/\/staylance.com\/es\/voluntariado\/","og_site_name":"StayLance","article_publisher":"https:\/\/www.facebook.com\/StayLance\/","article_modified_time":"2025-02-11T16:40:35+00:00","twitter_card":"summary_large_image","twitter_misc":{"Tiempo de lectura":"7 minutos"},"schema":{"@context":"https:\/\/schema.org","@graph":[{"@type":"WebPage","@id":"https:\/\/staylance.com\/es\/voluntariado\/","url":"https:\/\/staylance.com\/es\/voluntariado\/","name":"Ayudar a un Anfitri\u00f3n de Intercambio de Trabajo","isPartOf":{"@id":"https:\/\/staylance.com\/es\/#website"},"datePublished":"2025-02-08T16:23:36+00:00","dateModified":"2025-02-11T16:40:35+00:00","description":"\u00a1StayLancing es la forma perfecta de viajar m\u00e1s lejos con poco presupuesto! \u00a1Haces algo que te gusta y a cambio recibes pensi\u00f3n completa y alojamiento!","breadcrumb":{"@id":"https:\/\/staylance.com\/es\/voluntariado\/#breadcrumb"},"inLanguage":"es","potentialAction":[{"@type":"ReadAction","target":["https:\/\/staylance.com\/es\/voluntariado\/"]}]},{"@type":"BreadcrumbList","@id":"https:\/\/staylance.com\/es\/voluntariado\/#breadcrumb","itemListElement":[{"@type":"ListItem","position":1,"name":"Home","item":"https:\/\/staylance.com\/es\/"},{"@type":"ListItem","position":2,"name":"Voluntariado"}]},{"@type":"WebSite","@id":"https:\/\/staylance.com\/es\/#website","url":"https:\/\/staylance.com\/es\/","name":"StayLance","description":"","potentialAction":[{"@type":"SearchAction","target":{"@type":"EntryPoint","urlTemplate":"https:\/\/staylance.com\/es\/?s={search_term_string}"},"query-input":{"@type":"PropertyValueSpecification","valueRequired":true,"valueName":"search_term_string"}}],"inLanguage":"es"}]}},"_links":{"self":[{"href":"https:\/\/staylance.com\/es\/wp-json\/wp\/v2\/pages\/680","targetHints":{"allow":["GET"]}}],"collection":[{"href":"https:\/\/staylance.com\/es\/wp-json\/wp\/v2\/pages"}],"about":[{"href":"https:\/\/staylance.com\/es\/wp-json\/wp\/v2\/types\/page"}],"author":[{"embeddable":true,"href":"https:\/\/staylance.com\/es\/wp-json\/wp\/v2\/users\/2"}],"replies":[{"embeddable":true,"href":"https:\/\/staylance.com\/es\/wp-json\/wp\/v2\/comments?post=680"}],"version-history":[{"count":4,"href":"https:\/\/staylance.com\/es\/wp-json\/wp\/v2\/pages\/680\/revisions"}],"predecessor-version":[{"id":787,"href":"https:\/\/staylance.com\/es\/wp-json\/wp\/v2\/pages\/680\/revisions\/787"}],"wp:attachment":[{"href":"https:\/\/staylance.com\/es\/wp-json\/wp\/v2\/media?parent=680"}],"curies":[{"name":"wp","href":"https:\/\/api.w.org\/{rel}","templated":true}]}}