{"id":693,"date":"2025-02-08T10:56:21","date_gmt":"2025-02-08T09:56:21","guid":{"rendered":"https:\/\/staylance.com\/hosts\/"},"modified":"2025-02-11T17:23:49","modified_gmt":"2025-02-11T16:23:49","slug":"gastgeber","status":"publish","type":"page","link":"https:\/\/staylance.com\/de\/gastgeber\/","title":{"rendered":"Gastgeber"},"content":{"rendered":"<p>[et_pb_section fb_built=&#8220;1&#8243; admin_label=&#8220;Section&#8220; _builder_version=&#8220;4.27.4&#8243; _module_preset=&#8220;default&#8220; background_image=&#8220;https:\/\/staylance.com\/wp-content\/uploads\/2025\/02\/hosts-1.webp&#8220; min_height=&#8220;75vh&#8220; custom_css_main_element=&#8220;display: flex;||justify-content: center;||align-items:center;||flex-direction: column;&#8220; da_disable_devices=&#8220;off|off|off&#8220; global_colors_info=&#8220;{}&#8220; da_is_popup=&#8220;off&#8220; da_exit_intent=&#8220;off&#8220; da_has_close=&#8220;on&#8220; da_alt_close=&#8220;off&#8220; da_dark_close=&#8220;off&#8220; da_not_modal=&#8220;on&#8220; da_is_singular=&#8220;off&#8220; da_with_loader=&#8220;off&#8220; da_has_shadow=&#8220;on&#8220;][et_pb_row _builder_version=&#8220;4.27.4&#8243; _module_preset=&#8220;default&#8220; custom_margin=&#8220;0px||0px||false|false&#8220; global_colors_info=&#8220;{}&#8220;][et_pb_column type=&#8220;4_4&#8243; _builder_version=&#8220;4.27.4&#8243; _module_preset=&#8220;default&#8220; global_colors_info=&#8220;{}&#8220;][et_pb_text _builder_version=&#8220;4.27.4&#8243; _module_preset=&#8220;default&#8220; text_text_color=&#8220;#FFFFFF&#8220; header_font=&#8220;|700||on|||||&#8220; header_text_color=&#8220;#FFFFFF&#8220; header_font_size=&#8220;70px&#8220; header_font_size_tablet=&#8220;60px&#8220; header_font_size_phone=&#8220;50px&#8220; header_font_size_last_edited=&#8220;on|phone&#8220; header_text_shadow_style=&#8220;preset1&#8243; global_colors_info=&#8220;{}&#8220;]<\/p>\n<h1 style=\"text-align: center;\">Gastgeber<\/h1>\n<p>[\/et_pb_text][\/et_pb_column][\/et_pb_row][et_pb_row column_structure=&#8220;1_2,1_2&#8243; _builder_version=&#8220;4.27.4&#8243; _module_preset=&#8220;default&#8220; module_alignment=&#8220;center&#8220; custom_margin=&#8220;0px|0px|0px|0px|false|false&#8220; custom_padding=&#8220;0px|0px|0px|0px|false|false&#8220; custom_css_main_element=&#8220;display: flex;&#8220; global_colors_info=&#8220;{}&#8220;][et_pb_column type=&#8220;1_2&#8243; _builder_version=&#8220;4.27.4&#8243; _module_preset=&#8220;default&#8220; global_colors_info=&#8220;{}&#8220;][et_pb_image src=&#8220;https:\/\/staylance.com\/wp-content\/uploads\/2025\/02\/AppStoreBadge.png&#8220; title_text=&#8220;AppStoreBadge&#8220; url=&#8220;https:\/\/apps.apple.com\/us\/app\/staylance\/id6473647904&#8243; align=&#8220;right&#8220; _builder_version=&#8220;4.27.4&#8243; _module_preset=&#8220;default&#8220; width=&#8220;200px&#8220; width_tablet=&#8220;200px&#8220; width_phone=&#8220;140px&#8220; width_last_edited=&#8220;on|tablet&#8220; custom_margin=&#8220;|5px|||false|false&#8220; box_shadow_style=&#8220;preset1&#8243; global_colors_info=&#8220;{}&#8220; transform_styles__hover_enabled=&#8220;on|hover&#8220; transform_scale__hover_enabled=&#8220;on|hover&#8220; transform_translate__hover_enabled=&#8220;on|desktop&#8220; transform_rotate__hover_enabled=&#8220;on|desktop&#8220; transform_skew__hover_enabled=&#8220;on|desktop&#8220; transform_origin__hover_enabled=&#8220;on|desktop&#8220; transform_scale__hover=&#8220;110%|110%&#8220;][\/et_pb_image][\/et_pb_column][et_pb_column type=&#8220;1_2&#8243; _builder_version=&#8220;4.27.4&#8243; _module_preset=&#8220;default&#8220; background_enable_color=&#8220;off&#8220; global_colors_info=&#8220;{}&#8220;][et_pb_image src=&#8220;https:\/\/staylance.com\/wp-content\/uploads\/2025\/02\/GooglePlayBadge.png&#8220; title_text=&#8220;GooglePlayBadge&#8220; url=&#8220;https:\/\/play.google.com\/store\/apps\/details?id=com.staylanceapp&#8220; _builder_version=&#8220;4.27.4&#8243; _module_preset=&#8220;default&#8220; width=&#8220;200px&#8220; width_tablet=&#8220;200px&#8220; width_phone=&#8220;140px&#8220; width_last_edited=&#8220;on|phone&#8220; module_alignment=&#8220;left&#8220; custom_margin=&#8220;|||5px|false|false&#8220; global_colors_info=&#8220;{}&#8220; transform_styles__hover_enabled=&#8220;on|hover&#8220; transform_scale__hover_enabled=&#8220;on|hover&#8220; transform_translate__hover_enabled=&#8220;on|desktop&#8220; transform_rotate__hover_enabled=&#8220;on|desktop&#8220; transform_skew__hover_enabled=&#8220;on|desktop&#8220; transform_origin__hover_enabled=&#8220;on|desktop&#8220; transform_scale__hover=&#8220;110%|110%&#8220;][\/et_pb_image][\/et_pb_column][\/et_pb_row][\/et_pb_section][et_pb_section fb_built=&#8220;1&#8243; admin_label=&#8220;Section&#8220; _builder_version=&#8220;4.27.4&#8243; _module_preset=&#8220;default&#8220; background_image=&#8220;https:\/\/staylance.com\/wp-content\/uploads\/2025\/02\/background.png&#8220; da_disable_devices=&#8220;off|off|off&#8220; global_colors_info=&#8220;{}&#8220; da_is_popup=&#8220;off&#8220; da_exit_intent=&#8220;off&#8220; da_has_close=&#8220;on&#8220; da_alt_close=&#8220;off&#8220; da_dark_close=&#8220;off&#8220; da_not_modal=&#8220;on&#8220; da_is_singular=&#8220;off&#8220; da_with_loader=&#8220;off&#8220; da_has_shadow=&#8220;on&#8220;][et_pb_row _builder_version=&#8220;4.27.4&#8243; _module_preset=&#8220;default&#8220; custom_padding=&#8220;0px||||false|false&#8220; global_colors_info=&#8220;{}&#8220;][et_pb_column type=&#8220;4_4&#8243; _builder_version=&#8220;4.27.4&#8243; _module_preset=&#8220;default&#8220; global_colors_info=&#8220;{}&#8220;][et_pb_text _builder_version=&#8220;4.27.4&#8243; _module_preset=&#8220;default&#8220; global_colors_info=&#8220;{}&#8220;]<\/p>\n<h2><span class=\"fontstyle0\"><span style=\"color: #50dab0;\">Gastgeber<\/span><\/span><span class=\"fontstyle0\"> f\u00fcr einen Work Exchange Helfer<\/span><\/h2>\n<p>[\/et_pb_text][et_pb_text _builder_version=&#8220;4.27.4&#8243; _module_preset=&#8220;default&#8220; global_colors_info=&#8220;{}&#8220;]<\/p>\n<p><span class=\"fontstyle0\">Haben Sie Platz, um Gastgeber zu sein, aber keine Ahnung, welche Art von Hilfe Sie brauchen k\u00f6nnten? Hier erfahren Sie, wie Sie als Gastgeber f\u00fcr einen Workexchange Helfer Ihr Leben bereichern k\u00f6nnen: <\/span><\/p>\n<p><strong><span class=\"fontstyle2\">Gesundheit und Sport<\/span><\/strong><\/p>\n<ul>\n<li><span class=\"fontstyle0\">Bringen Sie sich wieder in Form: Nehmen Sie f\u00fcr ein oder zwei Wochen einen Personal Trainer zu sich, um Ihre Fitnessziele in Schwung zu bringen.<\/span><\/li>\n<li><span class=\"fontstyle0\">Pers\u00f6nliche Ern\u00e4hrungsberatung: Nehmen Sie einen Ern\u00e4hrungsberater zu sich, der Sie \u00fcber gesunde Ern\u00e4hrung unterrichtet und Ihre Gesundheit optimiert. <\/span><span class=\"fontstyle0\">Ihre Gesundheit<\/span><\/li>\n<li><span class=\"fontstyle0\">Werden Sie achtsamer: Nehmen Sie einen Meditationsbegeisterten auf, der Sie durch t\u00e4gliche Meditation anleitet <\/span><span class=\"fontstyle0\">Sitzungen<\/span><\/li>\n<li><span class=\"fontstyle0\">Perfektionieren Sie jeden Morgen 2 Stunden lang Ihre Yoga-, Pilates-, Tai-Chi- oder Chi-Gong-Positionen unter der <\/span><span class=\"fontstyle0\">Anleitung eines erfahrenen Lehrers<\/span><\/li>\n<li><span class=\"fontstyle0\">Wollten Sie schon immer Ihren Tennisaufschlag \/ Golfschwung \/ Salsa-Schritte \/ Lauftechnik verbessern? <\/span><span class=\"fontstyle0\">Hier ist Ihre Chance! Finden Sie einen StayLance-Helfer, der in der Sportart Ihrer Wahl talentiert ist, und fragen Sie ihn <\/span><span class=\"fontstyle0\">um Sie zu coachen!<\/span><span class=\"fontstyle2\"><\/span><span class=\"fontstyle2\"><\/span><\/li>\n<\/ul>\n<p><strong><span class=\"fontstyle2\">Haus und Garten verbessern<\/span><\/strong><\/p>\n<ul>\n<li><span class=\"fontstyle0\">Denken Sie an all die kleinen Aufgaben im Haus, zu denen Sie nie kommen: Organisieren, <\/span><span class=\"fontstyle0\">Ihre Inneneinrichtung verbessern, streichen, putzen. Ein StayLance-Helfer k\u00f6nnte Ihnen dabei helfen! <\/span><\/li>\n<li><span class=\"fontstyle0\">Versch\u00f6nern Sie Ihr Zuhause: Warum nehmen Sie nicht einen K\u00fcnstler auf, der ein wundersch\u00f6nes Wandbild an Ihre Wand malt? <\/span><span class=\"fontstyle0\">ein Kunstwerk ganz nach Ihrem Geschmack schaffen (z. B. eine Skulptur f\u00fcr Ihren Garten)? Die M\u00f6glichkeiten <\/span><span class=\"fontstyle0\">sind endlos<\/span><\/li>\n<li><span class=\"fontstyle0\">Braucht Ihr Garten etwas Liebe? Lassen Sie einen StayLance-Helfer mit gr\u00fcnen Fingern seine Magie wirken <\/span><\/li>\n<\/ul>\n<p><strong><span class=\"fontstyle2\">Familienleben<\/span><\/strong><\/p>\n<ul>\n<li><span class=\"fontstyle0\">Hilfe bei der Kinderbetreuung: G\u00f6nnen Sie sich mehr Freizeit und bereichern Sie das Leben Ihrer Kinder, indem Sie Gastgeber sind <\/span><span class=\"fontstyle0\">StayLancer-Helfer, die Kinder lieben. W\u00e4hlen Sie Menschen, die Sprachen sprechen oder Interessen haben, die Sie <\/span><span class=\"fontstyle0\">die Ihre Kinder lernen sollen, wie zum Beispiel musikalische Talente, Malen, Gartenarbeit, Sport usw.<\/span><\/li>\n<li><span class=\"fontstyle0\">Aufgaben im Haushalt: den Geschirrsp\u00fcler ausr\u00e4umen, die W\u00e4sche aufh\u00e4ngen, Lebensmittel einkaufen gehen. Mit <\/span><span class=\"fontstyle0\">Kinder und ein arbeitsreiches Leben, diese Aufgaben nehmen kein Ende, aber ein StayLancer kann Ihnen helfen <\/span><span class=\"fontstyle0\">enorm helfen!<\/span><\/li>\n<\/ul>\n<p><strong><span class=\"fontstyle2\">Sprachkenntnisse und Kultur<\/span><\/strong><\/p>\n<ul>\n<li><span class=\"fontstyle0\">Sie haben eine Sprache gelernt, brauchen aber mehr Konversationspraxis, um Ihr Selbstvertrauen zu st\u00e4rken? Nehmen Sie einen Muttersprachler auf, der Ihnen Unterricht gibt. Dass er Ihnen auch etwas \u00fcber die Geschichte und Kultur seines Heimatlandes beibringen kann, ist ein Bonus. Ein weiterer Vorteil ist, dass Sie in die Sprache eintauchen k\u00f6nnen, indem Sie zu Hause mit Ihrem StayLancer nur diese Sprache sprechen &#8211; und das ist der schnellste Weg zum Lernen! <\/span><\/li>\n<li><span class=\"fontstyle0\">Lieben Sie es zu reisen und neue Kulturen kennenzulernen, sind aber derzeit nicht dazu in der Lage? Mit StayLancer Helpers k\u00f6nnen Sie interessante Menschen aus der ganzen Welt kennenlernen und neue Perspektiven gewinnen. Vielleicht freunden Sie sich sogar mit einigen von ihnen an und besuchen sie bei sich zu Hause! <\/span><\/li>\n<\/ul>\n<p><strong><span class=\"fontstyle2\">Computer Hilfe<\/span><\/strong><\/p>\n<ul>\n<li><span class=\"fontstyle0\">Haben Sie ein kleines Unternehmen? W\u00fcrden Sie gerne einen Blog starten oder ein Buch online ver\u00f6ffentlichen? Vielleicht k\u00f6nnten Sie die F\u00e4higkeiten eines StayLance-Mitarbeiters nutzen, um Ihre Website zu erstellen oder zu verbessern, oder einen Social Media-Guru, der Ihnen Tipps gibt, wie Sie ein gr\u00f6\u00dferes Publikum erreichen k\u00f6nnen. <\/span><\/li>\n<\/ul>\n<p><strong><span class=\"fontstyle2\">Interessen und andere F\u00e4higkeiten<\/span><\/strong><\/p>\n<ul>\n<li><span class=\"fontstyle0\">Lernen Sie, wie man eine neue Art von K\u00fcche kocht, Gitarre spielt, sch\u00f6n singt oder sogar wie man mit nat\u00fcrlichen <\/span><span class=\"fontstyle0\">nat\u00fcrlichen \u00d6ko-Baumaterialien zu bauen.<\/span><\/li>\n<\/ul>\n<p style=\"text-align: center;\"><strong><em><span class=\"fontstyle0\">Mit StayLance liegt Ihnen die Welt zu F\u00fc\u00dfen!<\/span><\/em><\/strong><\/p>\n<p>[\/et_pb_text][\/et_pb_column][\/et_pb_row][\/et_pb_section][et_pb_section fb_built=&#8220;1&#8243; admin_label=&#8220;Popup &#8211; #download-app&#8220; module_id=&#8220;download-app&#8220; module_class=&#8220;popup&#8220; _builder_version=&#8220;4.27.4&#8243; _module_preset=&#8220;default&#8220; max_width=&#8220;700px&#8220; da_is_popup=&#8220;on&#8220; da_popup_slug=&#8220;download-app&#8220; da_disable_devices=&#8220;off|off|off&#8220; global_colors_info=&#8220;{}&#8220; da_exit_intent=&#8220;off&#8220; da_has_close=&#8220;on&#8220; da_alt_close=&#8220;off&#8220; da_dark_close=&#8220;off&#8220; da_not_modal=&#8220;on&#8220; da_is_singular=&#8220;off&#8220; da_with_loader=&#8220;off&#8220; da_has_shadow=&#8220;on&#8220;][et_pb_row _builder_version=&#8220;4.27.4&#8243; _module_preset=&#8220;default&#8220; global_colors_info=&#8220;{}&#8220;][et_pb_column type=&#8220;4_4&#8243; _builder_version=&#8220;4.27.4&#8243; _module_preset=&#8220;default&#8220; global_colors_info=&#8220;{}&#8220;][et_pb_text _builder_version=&#8220;4.27.4&#8243; _module_preset=&#8220;default&#8220; header_3_font=&#8220;|800|||||||&#8220; header_3_font_size=&#8220;28px&#8220; global_colors_info=&#8220;{}&#8220;]<\/p>\n<h3 style=\"text-align: center;\">Laden Sie die App herunter<\/h3>\n<p>[\/et_pb_text][\/et_pb_column][\/et_pb_row][et_pb_row column_structure=&#8220;1_2,1_2&#8243; _builder_version=&#8220;4.27.4&#8243; _module_preset=&#8220;default&#8220; module_alignment=&#8220;center&#8220; custom_margin=&#8220;0px|0px|0px|0px|false|false&#8220; custom_padding=&#8220;0px|0px|0px|0px|false|false&#8220; custom_css_main_element=&#8220;display: flex;&#8220; locked=&#8220;off&#8220; global_colors_info=&#8220;{}&#8220;][et_pb_column type=&#8220;1_2&#8243; _builder_version=&#8220;4.27.4&#8243; _module_preset=&#8220;default&#8220; global_colors_info=&#8220;{}&#8220;][et_pb_image src=&#8220;https:\/\/staylance.com\/wp-content\/uploads\/2025\/02\/AppStoreBadge.png&#8220; title_text=&#8220;AppStoreBadge&#8220; url=&#8220;https:\/\/apps.apple.com\/us\/app\/staylance\/id6473647904&#8243; align=&#8220;right&#8220; _builder_version=&#8220;4.27.4&#8243; _module_preset=&#8220;default&#8220; width=&#8220;200px&#8220; width_tablet=&#8220;200px&#8220; width_phone=&#8220;140px&#8220; width_last_edited=&#8220;on|tablet&#8220; custom_margin=&#8220;|5px|||false|false&#8220; box_shadow_style=&#8220;preset1&#8243; global_colors_info=&#8220;{}&#8220; transform_styles__hover_enabled=&#8220;on|hover&#8220; transform_scale__hover_enabled=&#8220;on|hover&#8220; transform_translate__hover_enabled=&#8220;on|desktop&#8220; transform_rotate__hover_enabled=&#8220;on|desktop&#8220; transform_skew__hover_enabled=&#8220;on|desktop&#8220; transform_origin__hover_enabled=&#8220;on|desktop&#8220; transform_scale__hover=&#8220;110%|110%&#8220;][\/et_pb_image][\/et_pb_column][et_pb_column type=&#8220;1_2&#8243; _builder_version=&#8220;4.27.4&#8243; _module_preset=&#8220;default&#8220; background_enable_color=&#8220;off&#8220; global_colors_info=&#8220;{}&#8220;][et_pb_image src=&#8220;https:\/\/staylance.com\/wp-content\/uploads\/2025\/02\/GooglePlayBadge.png&#8220; title_text=&#8220;GooglePlayBadge&#8220; url=&#8220;https:\/\/play.google.com\/store\/apps\/details?id=com.staylanceapp&#8220; _builder_version=&#8220;4.27.4&#8243; _module_preset=&#8220;default&#8220; width=&#8220;200px&#8220; width_tablet=&#8220;200px&#8220; width_phone=&#8220;140px&#8220; width_last_edited=&#8220;on|phone&#8220; module_alignment=&#8220;left&#8220; custom_margin=&#8220;|||5px|false|false&#8220; global_colors_info=&#8220;{}&#8220; transform_styles__hover_enabled=&#8220;on|hover&#8220; transform_scale__hover_enabled=&#8220;on|hover&#8220; transform_translate__hover_enabled=&#8220;on|desktop&#8220; transform_rotate__hover_enabled=&#8220;on|desktop&#8220; transform_skew__hover_enabled=&#8220;on|desktop&#8220; transform_origin__hover_enabled=&#8220;on|desktop&#8220; transform_scale__hover=&#8220;110%|110%&#8220;][\/et_pb_image][\/et_pb_column][\/et_pb_row][\/et_pb_section]<\/p>\n","protected":false},"excerpt":{"rendered":"<p>GastgeberGastgeber f\u00fcr einen Work Exchange HelferHaben Sie Platz, um Gastgeber zu sein, aber keine Ahnung, welche Art von Hilfe Sie brauchen k\u00f6nnten? Hier erfahren Sie, wie Sie als Gastgeber f\u00fcr einen Workexchange Helfer Ihr Leben bereichern k\u00f6nnen: Gesundheit und Sport Bringen Sie sich wieder in Form: Nehmen Sie f\u00fcr ein oder zwei Wochen einen Personal [&hellip;]<\/p>\n","protected":false},"author":2,"featured_media":0,"parent":0,"menu_order":0,"comment_status":"closed","ping_status":"closed","template":"","meta":{"_et_pb_use_builder":"on","_et_pb_old_content":"","_et_gb_content_width":"","footnotes":""},"class_list":["post-693","page","type-page","status-publish","hentry"],"yoast_head":"<!-- This site is optimized with the Yoast SEO plugin v25.2 - https:\/\/yoast.com\/wordpress\/plugins\/seo\/ -->\n<title>Aufnahme eines Work Exchange Helfers<\/title>\n<meta name=\"description\" content=\"Haben Sie Platz, um Gastgeber zu sein, aber keine Ahnung, welche Art von Hilfe Sie brauchen k\u00f6nnten? Hier erfahren Sie, wie Sie als StayLance-Gastgeber Ihr Leben bereichern k\u00f6nnen!\" \/>\n<meta name=\"robots\" content=\"index, follow, max-snippet:-1, max-image-preview:large, max-video-preview:-1\" \/>\n<link rel=\"canonical\" href=\"https:\/\/staylance.com\/de\/gastgeber\/\" \/>\n<meta property=\"og:locale\" content=\"de_DE\" \/>\n<meta property=\"og:type\" content=\"article\" \/>\n<meta property=\"og:title\" content=\"Aufnahme eines Work Exchange Helfers\" \/>\n<meta property=\"og:description\" content=\"Haben Sie Platz, um Gastgeber zu sein, aber keine Ahnung, welche Art von Hilfe Sie brauchen k\u00f6nnten? Hier erfahren Sie, wie Sie als StayLance-Gastgeber Ihr Leben bereichern k\u00f6nnen!\" \/>\n<meta property=\"og:url\" content=\"https:\/\/staylance.com\/de\/gastgeber\/\" \/>\n<meta property=\"og:site_name\" content=\"StayLance\" \/>\n<meta property=\"article:publisher\" content=\"https:\/\/www.facebook.com\/StayLance\/\" \/>\n<meta property=\"article:modified_time\" content=\"2025-02-11T16:23:49+00:00\" \/>\n<meta name=\"twitter:card\" content=\"summary_large_image\" \/>\n<meta name=\"twitter:label1\" content=\"Gesch\u00e4tzte Lesezeit\" \/>\n\t<meta name=\"twitter:data1\" content=\"8\u00a0Minuten\" \/>\n<script type=\"application\/ld+json\" class=\"yoast-schema-graph\">{\"@context\":\"https:\/\/schema.org\",\"@graph\":[{\"@type\":\"WebPage\",\"@id\":\"https:\/\/staylance.com\/de\/gastgeber\/\",\"url\":\"https:\/\/staylance.com\/de\/gastgeber\/\",\"name\":\"Aufnahme eines Work Exchange Helfers\",\"isPartOf\":{\"@id\":\"https:\/\/staylance.com\/de\/#website\"},\"datePublished\":\"2025-02-08T09:56:21+00:00\",\"dateModified\":\"2025-02-11T16:23:49+00:00\",\"description\":\"Haben Sie Platz, um Gastgeber zu sein, aber keine Ahnung, welche Art von Hilfe Sie brauchen k\u00f6nnten? Hier erfahren Sie, wie Sie als StayLance-Gastgeber Ihr Leben bereichern k\u00f6nnen!\",\"breadcrumb\":{\"@id\":\"https:\/\/staylance.com\/de\/gastgeber\/#breadcrumb\"},\"inLanguage\":\"de\",\"potentialAction\":[{\"@type\":\"ReadAction\",\"target\":[\"https:\/\/staylance.com\/de\/gastgeber\/\"]}]},{\"@type\":\"BreadcrumbList\",\"@id\":\"https:\/\/staylance.com\/de\/gastgeber\/#breadcrumb\",\"itemListElement\":[{\"@type\":\"ListItem\",\"position\":1,\"name\":\"Home\",\"item\":\"https:\/\/staylance.com\/de\/\"},{\"@type\":\"ListItem\",\"position\":2,\"name\":\"Gastgeber\"}]},{\"@type\":\"WebSite\",\"@id\":\"https:\/\/staylance.com\/de\/#website\",\"url\":\"https:\/\/staylance.com\/de\/\",\"name\":\"StayLance\",\"description\":\"\",\"potentialAction\":[{\"@type\":\"SearchAction\",\"target\":{\"@type\":\"EntryPoint\",\"urlTemplate\":\"https:\/\/staylance.com\/de\/?s={search_term_string}\"},\"query-input\":{\"@type\":\"PropertyValueSpecification\",\"valueRequired\":true,\"valueName\":\"search_term_string\"}}],\"inLanguage\":\"de\"}]}<\/script>\n<!-- \/ Yoast SEO plugin. -->","yoast_head_json":{"title":"Aufnahme eines Work Exchange Helfers","description":"Haben Sie Platz, um Gastgeber zu sein, aber keine Ahnung, welche Art von Hilfe Sie brauchen k\u00f6nnten? Hier erfahren Sie, wie Sie als StayLance-Gastgeber Ihr Leben bereichern k\u00f6nnen!","robots":{"index":"index","follow":"follow","max-snippet":"max-snippet:-1","max-image-preview":"max-image-preview:large","max-video-preview":"max-video-preview:-1"},"canonical":"https:\/\/staylance.com\/de\/gastgeber\/","og_locale":"de_DE","og_type":"article","og_title":"Aufnahme eines Work Exchange Helfers","og_description":"Haben Sie Platz, um Gastgeber zu sein, aber keine Ahnung, welche Art von Hilfe Sie brauchen k\u00f6nnten? Hier erfahren Sie, wie Sie als StayLance-Gastgeber Ihr Leben bereichern k\u00f6nnen!","og_url":"https:\/\/staylance.com\/de\/gastgeber\/","og_site_name":"StayLance","article_publisher":"https:\/\/www.facebook.com\/StayLance\/","article_modified_time":"2025-02-11T16:23:49+00:00","twitter_card":"summary_large_image","twitter_misc":{"Gesch\u00e4tzte Lesezeit":"8\u00a0Minuten"},"schema":{"@context":"https:\/\/schema.org","@graph":[{"@type":"WebPage","@id":"https:\/\/staylance.com\/de\/gastgeber\/","url":"https:\/\/staylance.com\/de\/gastgeber\/","name":"Aufnahme eines Work Exchange Helfers","isPartOf":{"@id":"https:\/\/staylance.com\/de\/#website"},"datePublished":"2025-02-08T09:56:21+00:00","dateModified":"2025-02-11T16:23:49+00:00","description":"Haben Sie Platz, um Gastgeber zu sein, aber keine Ahnung, welche Art von Hilfe Sie brauchen k\u00f6nnten? Hier erfahren Sie, wie Sie als StayLance-Gastgeber Ihr Leben bereichern k\u00f6nnen!","breadcrumb":{"@id":"https:\/\/staylance.com\/de\/gastgeber\/#breadcrumb"},"inLanguage":"de","potentialAction":[{"@type":"ReadAction","target":["https:\/\/staylance.com\/de\/gastgeber\/"]}]},{"@type":"BreadcrumbList","@id":"https:\/\/staylance.com\/de\/gastgeber\/#breadcrumb","itemListElement":[{"@type":"ListItem","position":1,"name":"Home","item":"https:\/\/staylance.com\/de\/"},{"@type":"ListItem","position":2,"name":"Gastgeber"}]},{"@type":"WebSite","@id":"https:\/\/staylance.com\/de\/#website","url":"https:\/\/staylance.com\/de\/","name":"StayLance","description":"","potentialAction":[{"@type":"SearchAction","target":{"@type":"EntryPoint","urlTemplate":"https:\/\/staylance.com\/de\/?s={search_term_string}"},"query-input":{"@type":"PropertyValueSpecification","valueRequired":true,"valueName":"search_term_string"}}],"inLanguage":"de"}]}},"_links":{"self":[{"href":"https:\/\/staylance.com\/de\/wp-json\/wp\/v2\/pages\/693","targetHints":{"allow":["GET"]}}],"collection":[{"href":"https:\/\/staylance.com\/de\/wp-json\/wp\/v2\/pages"}],"about":[{"href":"https:\/\/staylance.com\/de\/wp-json\/wp\/v2\/types\/page"}],"author":[{"embeddable":true,"href":"https:\/\/staylance.com\/de\/wp-json\/wp\/v2\/users\/2"}],"replies":[{"embeddable":true,"href":"https:\/\/staylance.com\/de\/wp-json\/wp\/v2\/comments?post=693"}],"version-history":[{"count":7,"href":"https:\/\/staylance.com\/de\/wp-json\/wp\/v2\/pages\/693\/revisions"}],"predecessor-version":[{"id":783,"href":"https:\/\/staylance.com\/de\/wp-json\/wp\/v2\/pages\/693\/revisions\/783"}],"wp:attachment":[{"href":"https:\/\/staylance.com\/de\/wp-json\/wp\/v2\/media?parent=693"}],"curies":[{"name":"wp","href":"https:\/\/api.w.org\/{rel}","templated":true}]}}