{"id":681,"date":"2025-02-08T17:23:36","date_gmt":"2025-02-08T16:23:36","guid":{"rendered":"https:\/\/staylance.com\/helfer\/"},"modified":"2025-02-11T17:17:40","modified_gmt":"2025-02-11T16:17:40","slug":"reisende","status":"publish","type":"page","link":"https:\/\/staylance.com\/de\/reisende\/","title":{"rendered":"Reisende"},"content":{"rendered":"<p>[et_pb_section fb_built=&#8220;1&#8243; admin_label=&#8220;Section&#8220; _builder_version=&#8220;4.27.4&#8243; _module_preset=&#8220;default&#8220; background_image=&#8220;https:\/\/staylance.com\/wp-content\/uploads\/2025\/02\/helpers1.webp&#8220; min_height=&#8220;75vh&#8220; custom_css_main_element=&#8220;display: flex;||justify-content: center;||align-items:center;||flex-direction: column;&#8220; da_disable_devices=&#8220;off|off|off&#8220; global_colors_info=&#8220;{}&#8220; da_is_popup=&#8220;off&#8220; da_exit_intent=&#8220;off&#8220; da_has_close=&#8220;on&#8220; da_alt_close=&#8220;off&#8220; da_dark_close=&#8220;off&#8220; da_not_modal=&#8220;on&#8220; da_is_singular=&#8220;off&#8220; da_with_loader=&#8220;off&#8220; da_has_shadow=&#8220;on&#8220;][et_pb_row _builder_version=&#8220;4.27.4&#8243; _module_preset=&#8220;default&#8220; custom_margin=&#8220;0px||0px||false|false&#8220; global_colors_info=&#8220;{}&#8220;][et_pb_column type=&#8220;4_4&#8243; _builder_version=&#8220;4.27.4&#8243; _module_preset=&#8220;default&#8220; global_colors_info=&#8220;{}&#8220;][et_pb_text _builder_version=&#8220;4.27.4&#8243; _module_preset=&#8220;default&#8220; text_text_color=&#8220;#FFFFFF&#8220; header_font=&#8220;|700||on|||||&#8220; header_text_color=&#8220;#FFFFFF&#8220; header_font_size=&#8220;70px&#8220; header_font_size_tablet=&#8220;60px&#8220; header_font_size_phone=&#8220;50px&#8220; header_font_size_last_edited=&#8220;on|phone&#8220; header_text_shadow_style=&#8220;preset1&#8243; global_colors_info=&#8220;{}&#8220;]<\/p>\n<h1 style=\"text-align: center;\">freiwillige Helfer<\/h1>\n<p>[\/et_pb_text][\/et_pb_column][\/et_pb_row][et_pb_row column_structure=&#8220;1_2,1_2&#8243; _builder_version=&#8220;4.27.4&#8243; _module_preset=&#8220;default&#8220; module_alignment=&#8220;center&#8220; custom_margin=&#8220;0px|0px|0px|0px|false|false&#8220; custom_padding=&#8220;0px|0px|0px|0px|false|false&#8220; custom_css_main_element=&#8220;display: flex;&#8220; global_colors_info=&#8220;{}&#8220;][et_pb_column type=&#8220;1_2&#8243; _builder_version=&#8220;4.27.4&#8243; _module_preset=&#8220;default&#8220; global_colors_info=&#8220;{}&#8220;][et_pb_image src=&#8220;https:\/\/staylance.com\/wp-content\/uploads\/2025\/02\/AppStoreBadge.png&#8220; title_text=&#8220;AppStoreBadge&#8220; url=&#8220;https:\/\/apps.apple.com\/us\/app\/staylance\/id6473647904&#8243; align=&#8220;right&#8220; _builder_version=&#8220;4.27.4&#8243; _module_preset=&#8220;default&#8220; width=&#8220;200px&#8220; width_tablet=&#8220;200px&#8220; width_phone=&#8220;140px&#8220; width_last_edited=&#8220;on|tablet&#8220; custom_margin=&#8220;|5px|||false|false&#8220; box_shadow_style=&#8220;preset1&#8243; global_colors_info=&#8220;{}&#8220; transform_styles__hover_enabled=&#8220;on|hover&#8220; transform_scale__hover_enabled=&#8220;on|hover&#8220; transform_translate__hover_enabled=&#8220;on|desktop&#8220; transform_rotate__hover_enabled=&#8220;on|desktop&#8220; transform_skew__hover_enabled=&#8220;on|desktop&#8220; transform_origin__hover_enabled=&#8220;on|desktop&#8220; transform_scale__hover=&#8220;110%|110%&#8220;][\/et_pb_image][\/et_pb_column][et_pb_column type=&#8220;1_2&#8243; _builder_version=&#8220;4.27.4&#8243; _module_preset=&#8220;default&#8220; background_enable_color=&#8220;off&#8220; global_colors_info=&#8220;{}&#8220;][et_pb_image src=&#8220;https:\/\/staylance.com\/wp-content\/uploads\/2025\/02\/GooglePlayBadge.png&#8220; title_text=&#8220;GooglePlayBadge&#8220; url=&#8220;https:\/\/play.google.com\/store\/apps\/details?id=com.staylanceapp&#8220; _builder_version=&#8220;4.27.4&#8243; _module_preset=&#8220;default&#8220; width=&#8220;200px&#8220; width_tablet=&#8220;200px&#8220; width_phone=&#8220;140px&#8220; width_last_edited=&#8220;on|phone&#8220; module_alignment=&#8220;left&#8220; custom_margin=&#8220;|||5px|false|false&#8220; global_colors_info=&#8220;{}&#8220; transform_styles__hover_enabled=&#8220;on|hover&#8220; transform_scale__hover_enabled=&#8220;on|hover&#8220; transform_translate__hover_enabled=&#8220;on|desktop&#8220; transform_rotate__hover_enabled=&#8220;on|desktop&#8220; transform_skew__hover_enabled=&#8220;on|desktop&#8220; transform_origin__hover_enabled=&#8220;on|desktop&#8220; transform_scale__hover=&#8220;110%|110%&#8220;][\/et_pb_image][\/et_pb_column][\/et_pb_row][\/et_pb_section][et_pb_section fb_built=&#8220;1&#8243; admin_label=&#8220;Section&#8220; _builder_version=&#8220;4.27.4&#8243; _module_preset=&#8220;default&#8220; background_image=&#8220;https:\/\/staylance.com\/wp-content\/uploads\/2025\/02\/background.png&#8220; custom_padding=&#8220;||0px|||&#8220; da_disable_devices=&#8220;off|off|off&#8220; global_colors_info=&#8220;{}&#8220; da_is_popup=&#8220;off&#8220; da_exit_intent=&#8220;off&#8220; da_has_close=&#8220;on&#8220; da_alt_close=&#8220;off&#8220; da_dark_close=&#8220;off&#8220; da_not_modal=&#8220;on&#8220; da_is_singular=&#8220;off&#8220; da_with_loader=&#8220;off&#8220; da_has_shadow=&#8220;on&#8220;][et_pb_row _builder_version=&#8220;4.27.4&#8243; _module_preset=&#8220;default&#8220; custom_padding=&#8220;0px||||false|false&#8220; global_colors_info=&#8220;{}&#8220;][et_pb_column type=&#8220;4_4&#8243; _builder_version=&#8220;4.27.4&#8243; _module_preset=&#8220;default&#8220; global_colors_info=&#8220;{}&#8220;][et_pb_text _builder_version=&#8220;4.27.4&#8243; _module_preset=&#8220;default&#8220; global_colors_info=&#8220;{}&#8220;]<\/p>\n<h2><span class=\"fontstyle0\" style=\"font-size: 41px;\"><span style=\"color: #50dab0;\">Helfen als Volunteer <\/span><\/span><span class=\"fontstyle0\" style=\"font-size: 41px;\">mit Freiwilligenarbeit<\/span><\/h2>\n<p>[\/et_pb_text][et_pb_text _builder_version=&#8220;4.27.4&#8243; _module_preset=&#8220;default&#8220; global_colors_info=&#8220;{}&#8220;]<\/p>\n<p>Nutzen Sie Ihre F\u00e4higkeiten, um auf eine andere Art zu reisen. So k\u00f6nnen Sie als StayLance-Helfer profitieren: <\/p>\n<p><strong>Sparen Sie Geld und reisen Sie l\u00e4nger!<\/strong><\/p>\n<p><em>W\u00fcrden Sie gerne f\u00fcr Monate oder Jahre verreisen, k\u00f6nnen es sich aber nicht leisten, Ihre gesamten Ersparnisse f\u00fcr Herbergen <\/em><em>und Essen ausgeben?<\/em><\/p>\n<p>StayLance Helper zu sein ist die perfekte M\u00f6glichkeit, mit einem geringen Budget weiter zu reisen: Sie arbeiten etwa 20 Stunden pro Woche f\u00fcr etwas, das Ihnen Spa\u00df macht, und erhalten im Gegenzug Vollpension und Unterkunft. Das er\u00f6ffnet Ihnen eine Welt voller M\u00f6glichkeiten, denn Sie k\u00f6nnen: <\/p>\n<ul>\n<li>verbringen Sie Ihre gesamte Freizeit mit Erkundungen, Besichtigungen und dem Eintauchen in die lokale Kultur<\/li>\n<li>Gleichgesinnte, interessante Menschen zu treffen (sowohl andere Freiwillige als auch Ihre Gastgeber)<\/li>\n<li>einen anderen Lebensstil erleben<\/li>\n<li>Ihre aktuellen F\u00e4higkeiten zu verbessern und neue F\u00e4higkeiten zu erwerben<\/li>\n<li>neue Sprachen lernen<\/li>\n<li>vermeiden Sie die &#8222;Reisem\u00fcdigkeit&#8220; des st\u00e4ndigen Unterwegsseins<\/li>\n<li>Tipps von den Gastgebern zu den besten Ausflugszielen in der Umgebung erhalten<\/li>\n<\/ul>\n<p><strong>Fangen Sie an, mehr einzigartige Urlaube zu machen<\/strong><\/p>\n<p><em>Sind Sie ein qualifizierter Berufst\u00e4tiger, der keine Pl\u00e4ne f\u00fcr seinen n\u00e4chsten Urlaub hat? Oder sind Sie in einem Sabbatical \/ in <\/em><br \/><em>zwischen zwei Jobs?<\/em><\/p>\n<p>Nutzen Sie Ihre F\u00e4higkeiten mit StayLance zu Ihrem Vorteil und machen Sie einen einzigartigen Urlaub, indem Sie bei interessanten Menschen an sch\u00f6nen Orten in einem Land Ihrer Wahl wohnen. Sie k\u00f6nnen nur einige Stunden pro Woche arbeiten und erhalten daf\u00fcr Vollpension und Unterkunft. Au\u00dferdem m\u00fcssen Sie nicht allein reisen, denn viele Gastgeber freuen sich, wenn Sie einen Freund oder Partner und sogar Ihre Kinder mitbringen &#8211; ideal, wenn Ihr Gastgeber auch Kinder hat, mit denen er spielen kann! Mit StayLance k\u00f6nnen Sie:   <\/p>\n<ul>\n<li>besuchen Sie Orte, die Sie schon immer einmal besuchen wollten, in einer einladenden, gem\u00fctlichen Atmosph\u00e4re (z.B. wilde Orte, an denen es keine anderen Unterkunftsm\u00f6glichkeiten gibt)<\/li>\n<li>eine andere Kultur kennenlernen, mit Gleichgesinnten zusammen sein (die am Ende vielleicht Ihre guten Freunde werden!) und in Ihrer Freizeit auf Entdeckungstour gehen<\/li>\n<li>probieren Sie das Leben in einem anderen Land aus, wenn Sie erw\u00e4gen, dorthin zu ziehen, und wohnen Sie bei Expats, die Ihnen von ihren Erfahrungen berichten k\u00f6nnen<\/li>\n<li>eine Sprache lernen, die Sie schon immer lernen oder verbessern wollten<\/li>\n<li>weiterhin Berufserfahrung in Ihrem Fachgebiet sammeln (wenn das f\u00fcr Sie wichtig ist)<\/li>\n<\/ul>\n<p><strong>Nutzen Sie Ihre Kreativit\u00e4t, um zu reisen und andere kreative Menschen zu treffen<\/strong><\/p>\n<p><em>Sind Sie ein K\u00fcnstler \/ Musiker \/ Schriftsteller \/ S\u00e4nger \/ Schauspieler?<\/em><\/p>\n<p>Teilen Sie Ihre kreativen Talente mit Menschen, die gerne von Ihnen lernen w\u00fcrden! Wer wei\u00df, vielleicht ergibt sich daraus eine erstaunliche Zusammenarbeit oder eine fortlaufende Arbeit&#8230;&#8230; <\/p>\n<p><span class=\"fontstyle0\"><\/span><span class=\"fontstyle0\"><\/span><\/p>\n<h4 style=\"text-align: center;\"><\/h4>\n<p>[\/et_pb_text][\/et_pb_column][\/et_pb_row][\/et_pb_section][et_pb_section fb_built=&#8220;1&#8243; admin_label=&#8220;Popup &#8211; #download-app&#8220; module_id=&#8220;download-app&#8220; module_class=&#8220;popup&#8220; _builder_version=&#8220;4.27.4&#8243; _module_preset=&#8220;default&#8220; max_width=&#8220;700px&#8220; da_is_popup=&#8220;on&#8220; da_popup_slug=&#8220;download-app&#8220; da_disable_devices=&#8220;off|off|off&#8220; global_colors_info=&#8220;{}&#8220; da_exit_intent=&#8220;off&#8220; da_has_close=&#8220;on&#8220; da_alt_close=&#8220;off&#8220; da_dark_close=&#8220;off&#8220; da_not_modal=&#8220;on&#8220; da_is_singular=&#8220;off&#8220; da_with_loader=&#8220;off&#8220; da_has_shadow=&#8220;on&#8220;][et_pb_row _builder_version=&#8220;4.27.4&#8243; _module_preset=&#8220;default&#8220; global_colors_info=&#8220;{}&#8220;][et_pb_column type=&#8220;4_4&#8243; _builder_version=&#8220;4.27.4&#8243; _module_preset=&#8220;default&#8220; global_colors_info=&#8220;{}&#8220;][et_pb_text _builder_version=&#8220;4.27.4&#8243; _module_preset=&#8220;default&#8220; header_3_font=&#8220;|800|||||||&#8220; header_3_font_size=&#8220;28px&#8220; global_colors_info=&#8220;{}&#8220;]<\/p>\n<h3 style=\"text-align: center;\">Laden Sie die App herunter<\/h3>\n<p>[\/et_pb_text][\/et_pb_column][\/et_pb_row][et_pb_row column_structure=&#8220;1_2,1_2&#8243; _builder_version=&#8220;4.27.4&#8243; _module_preset=&#8220;default&#8220; module_alignment=&#8220;center&#8220; custom_margin=&#8220;0px|0px|0px|0px|false|false&#8220; custom_padding=&#8220;0px|0px|0px|0px|false|false&#8220; custom_css_main_element=&#8220;display: flex;&#8220; locked=&#8220;off&#8220; global_colors_info=&#8220;{}&#8220;][et_pb_column type=&#8220;1_2&#8243; _builder_version=&#8220;4.27.4&#8243; _module_preset=&#8220;default&#8220; global_colors_info=&#8220;{}&#8220;][et_pb_image src=&#8220;https:\/\/staylance.com\/wp-content\/uploads\/2025\/02\/AppStoreBadge.png&#8220; title_text=&#8220;AppStoreBadge&#8220; url=&#8220;https:\/\/apps.apple.com\/us\/app\/staylance\/id6473647904&#8243; align=&#8220;right&#8220; _builder_version=&#8220;4.27.4&#8243; _module_preset=&#8220;default&#8220; width=&#8220;200px&#8220; width_tablet=&#8220;200px&#8220; width_phone=&#8220;140px&#8220; width_last_edited=&#8220;on|tablet&#8220; custom_margin=&#8220;|5px|||false|false&#8220; box_shadow_style=&#8220;preset1&#8243; global_colors_info=&#8220;{}&#8220; transform_styles__hover_enabled=&#8220;on|hover&#8220; transform_scale__hover_enabled=&#8220;on|hover&#8220; transform_translate__hover_enabled=&#8220;on|desktop&#8220; transform_rotate__hover_enabled=&#8220;on|desktop&#8220; transform_skew__hover_enabled=&#8220;on|desktop&#8220; transform_origin__hover_enabled=&#8220;on|desktop&#8220; transform_scale__hover=&#8220;110%|110%&#8220;][\/et_pb_image][\/et_pb_column][et_pb_column type=&#8220;1_2&#8243; _builder_version=&#8220;4.27.4&#8243; _module_preset=&#8220;default&#8220; background_enable_color=&#8220;off&#8220; global_colors_info=&#8220;{}&#8220;][et_pb_image src=&#8220;https:\/\/staylance.com\/wp-content\/uploads\/2025\/02\/GooglePlayBadge.png&#8220; title_text=&#8220;GooglePlayBadge&#8220; url=&#8220;https:\/\/play.google.com\/store\/apps\/details?id=com.staylanceapp&#8220; _builder_version=&#8220;4.27.4&#8243; _module_preset=&#8220;default&#8220; width=&#8220;200px&#8220; width_tablet=&#8220;200px&#8220; width_phone=&#8220;140px&#8220; width_last_edited=&#8220;on|phone&#8220; module_alignment=&#8220;left&#8220; custom_margin=&#8220;|||5px|false|false&#8220; global_colors_info=&#8220;{}&#8220; transform_styles__hover_enabled=&#8220;on|hover&#8220; transform_scale__hover_enabled=&#8220;on|hover&#8220; transform_translate__hover_enabled=&#8220;on|desktop&#8220; transform_rotate__hover_enabled=&#8220;on|desktop&#8220; transform_skew__hover_enabled=&#8220;on|desktop&#8220; transform_origin__hover_enabled=&#8220;on|desktop&#8220; transform_scale__hover=&#8220;110%|110%&#8220;][\/et_pb_image][\/et_pb_column][\/et_pb_row][\/et_pb_section]<\/p>\n","protected":false},"excerpt":{"rendered":"<p>freiwillige HelferHelfen als Volunteer mit FreiwilligenarbeitNutzen Sie Ihre F\u00e4higkeiten, um auf eine andere Art zu reisen. So k\u00f6nnen Sie als StayLance-Helfer profitieren: Sparen Sie Geld und reisen Sie l\u00e4nger! W\u00fcrden Sie gerne f\u00fcr Monate oder Jahre verreisen, k\u00f6nnen es sich aber nicht leisten, Ihre gesamten Ersparnisse f\u00fcr Herbergen und Essen ausgeben? StayLance Helper zu sein [&hellip;]<\/p>\n","protected":false},"author":2,"featured_media":0,"parent":0,"menu_order":0,"comment_status":"closed","ping_status":"closed","template":"","meta":{"_et_pb_use_builder":"on","_et_pb_old_content":"","_et_gb_content_width":"","footnotes":""},"class_list":["post-681","page","type-page","status-publish","hentry"],"yoast_head":"<!-- This site is optimized with the Yoast SEO plugin v25.2 - https:\/\/yoast.com\/wordpress\/plugins\/seo\/ -->\n<title>Hilfe f\u00fcr einen Arbeitsvermittler<\/title>\n<meta name=\"description\" content=\"StayLancing ist die perfekte M\u00f6glichkeit, mit einem geringen Budget weiter zu reisen! Sie tun etwas, das Ihnen Spa\u00df macht, und erhalten im Gegenzug Vollpension und Unterkunft!\" \/>\n<meta name=\"robots\" content=\"index, follow, max-snippet:-1, max-image-preview:large, max-video-preview:-1\" \/>\n<link rel=\"canonical\" href=\"https:\/\/staylance.com\/de\/reisende\/\" \/>\n<meta property=\"og:locale\" content=\"de_DE\" \/>\n<meta property=\"og:type\" content=\"article\" \/>\n<meta property=\"og:title\" content=\"Hilfe f\u00fcr einen Arbeitsvermittler\" \/>\n<meta property=\"og:description\" content=\"StayLancing ist die perfekte M\u00f6glichkeit, mit einem geringen Budget weiter zu reisen! Sie tun etwas, das Ihnen Spa\u00df macht, und erhalten im Gegenzug Vollpension und Unterkunft!\" \/>\n<meta property=\"og:url\" content=\"https:\/\/staylance.com\/de\/reisende\/\" \/>\n<meta property=\"og:site_name\" content=\"StayLance\" \/>\n<meta property=\"article:publisher\" content=\"https:\/\/www.facebook.com\/StayLance\/\" \/>\n<meta property=\"article:modified_time\" content=\"2025-02-11T16:17:40+00:00\" \/>\n<meta name=\"twitter:card\" content=\"summary_large_image\" \/>\n<meta name=\"twitter:label1\" content=\"Gesch\u00e4tzte Lesezeit\" \/>\n\t<meta name=\"twitter:data1\" content=\"7\u00a0Minuten\" \/>\n<script type=\"application\/ld+json\" class=\"yoast-schema-graph\">{\"@context\":\"https:\/\/schema.org\",\"@graph\":[{\"@type\":\"WebPage\",\"@id\":\"https:\/\/staylance.com\/de\/reisende\/\",\"url\":\"https:\/\/staylance.com\/de\/reisende\/\",\"name\":\"Hilfe f\u00fcr einen Arbeitsvermittler\",\"isPartOf\":{\"@id\":\"https:\/\/staylance.com\/de\/#website\"},\"datePublished\":\"2025-02-08T16:23:36+00:00\",\"dateModified\":\"2025-02-11T16:17:40+00:00\",\"description\":\"StayLancing ist die perfekte M\u00f6glichkeit, mit einem geringen Budget weiter zu reisen! Sie tun etwas, das Ihnen Spa\u00df macht, und erhalten im Gegenzug Vollpension und Unterkunft!\",\"breadcrumb\":{\"@id\":\"https:\/\/staylance.com\/de\/reisende\/#breadcrumb\"},\"inLanguage\":\"de\",\"potentialAction\":[{\"@type\":\"ReadAction\",\"target\":[\"https:\/\/staylance.com\/de\/reisende\/\"]}]},{\"@type\":\"BreadcrumbList\",\"@id\":\"https:\/\/staylance.com\/de\/reisende\/#breadcrumb\",\"itemListElement\":[{\"@type\":\"ListItem\",\"position\":1,\"name\":\"Home\",\"item\":\"https:\/\/staylance.com\/de\/\"},{\"@type\":\"ListItem\",\"position\":2,\"name\":\"Reisende\"}]},{\"@type\":\"WebSite\",\"@id\":\"https:\/\/staylance.com\/de\/#website\",\"url\":\"https:\/\/staylance.com\/de\/\",\"name\":\"StayLance\",\"description\":\"\",\"potentialAction\":[{\"@type\":\"SearchAction\",\"target\":{\"@type\":\"EntryPoint\",\"urlTemplate\":\"https:\/\/staylance.com\/de\/?s={search_term_string}\"},\"query-input\":{\"@type\":\"PropertyValueSpecification\",\"valueRequired\":true,\"valueName\":\"search_term_string\"}}],\"inLanguage\":\"de\"}]}<\/script>\n<!-- \/ Yoast SEO plugin. -->","yoast_head_json":{"title":"Hilfe f\u00fcr einen Arbeitsvermittler","description":"StayLancing ist die perfekte M\u00f6glichkeit, mit einem geringen Budget weiter zu reisen! Sie tun etwas, das Ihnen Spa\u00df macht, und erhalten im Gegenzug Vollpension und Unterkunft!","robots":{"index":"index","follow":"follow","max-snippet":"max-snippet:-1","max-image-preview":"max-image-preview:large","max-video-preview":"max-video-preview:-1"},"canonical":"https:\/\/staylance.com\/de\/reisende\/","og_locale":"de_DE","og_type":"article","og_title":"Hilfe f\u00fcr einen Arbeitsvermittler","og_description":"StayLancing ist die perfekte M\u00f6glichkeit, mit einem geringen Budget weiter zu reisen! Sie tun etwas, das Ihnen Spa\u00df macht, und erhalten im Gegenzug Vollpension und Unterkunft!","og_url":"https:\/\/staylance.com\/de\/reisende\/","og_site_name":"StayLance","article_publisher":"https:\/\/www.facebook.com\/StayLance\/","article_modified_time":"2025-02-11T16:17:40+00:00","twitter_card":"summary_large_image","twitter_misc":{"Gesch\u00e4tzte Lesezeit":"7\u00a0Minuten"},"schema":{"@context":"https:\/\/schema.org","@graph":[{"@type":"WebPage","@id":"https:\/\/staylance.com\/de\/reisende\/","url":"https:\/\/staylance.com\/de\/reisende\/","name":"Hilfe f\u00fcr einen Arbeitsvermittler","isPartOf":{"@id":"https:\/\/staylance.com\/de\/#website"},"datePublished":"2025-02-08T16:23:36+00:00","dateModified":"2025-02-11T16:17:40+00:00","description":"StayLancing ist die perfekte M\u00f6glichkeit, mit einem geringen Budget weiter zu reisen! Sie tun etwas, das Ihnen Spa\u00df macht, und erhalten im Gegenzug Vollpension und Unterkunft!","breadcrumb":{"@id":"https:\/\/staylance.com\/de\/reisende\/#breadcrumb"},"inLanguage":"de","potentialAction":[{"@type":"ReadAction","target":["https:\/\/staylance.com\/de\/reisende\/"]}]},{"@type":"BreadcrumbList","@id":"https:\/\/staylance.com\/de\/reisende\/#breadcrumb","itemListElement":[{"@type":"ListItem","position":1,"name":"Home","item":"https:\/\/staylance.com\/de\/"},{"@type":"ListItem","position":2,"name":"Reisende"}]},{"@type":"WebSite","@id":"https:\/\/staylance.com\/de\/#website","url":"https:\/\/staylance.com\/de\/","name":"StayLance","description":"","potentialAction":[{"@type":"SearchAction","target":{"@type":"EntryPoint","urlTemplate":"https:\/\/staylance.com\/de\/?s={search_term_string}"},"query-input":{"@type":"PropertyValueSpecification","valueRequired":true,"valueName":"search_term_string"}}],"inLanguage":"de"}]}},"_links":{"self":[{"href":"https:\/\/staylance.com\/de\/wp-json\/wp\/v2\/pages\/681","targetHints":{"allow":["GET"]}}],"collection":[{"href":"https:\/\/staylance.com\/de\/wp-json\/wp\/v2\/pages"}],"about":[{"href":"https:\/\/staylance.com\/de\/wp-json\/wp\/v2\/types\/page"}],"author":[{"embeddable":true,"href":"https:\/\/staylance.com\/de\/wp-json\/wp\/v2\/users\/2"}],"replies":[{"embeddable":true,"href":"https:\/\/staylance.com\/de\/wp-json\/wp\/v2\/comments?post=681"}],"version-history":[{"count":6,"href":"https:\/\/staylance.com\/de\/wp-json\/wp\/v2\/pages\/681\/revisions"}],"predecessor-version":[{"id":777,"href":"https:\/\/staylance.com\/de\/wp-json\/wp\/v2\/pages\/681\/revisions\/777"}],"wp:attachment":[{"href":"https:\/\/staylance.com\/de\/wp-json\/wp\/v2\/media?parent=681"}],"curies":[{"name":"wp","href":"https:\/\/api.w.org\/{rel}","templated":true}]}}